{"id":13968,"date":"2023-07-24T23:53:28","date_gmt":"2023-07-24T20:53:28","guid":{"rendered":"https:\/\/www.infozdrave.com\/p\/prolact-rose-60-capsule\/"},"modified":"2023-08-18T19:30:06","modified_gmt":"2023-08-18T16:30:06","slug":"prolact-rose-60-capsule","status":"publish","type":"product","link":"https:\/\/www.infozdrave.com\/ro\/pr\/prolact-rose-60-capsule\/","title":{"rendered":"Prolact ROSE 60 capsule"},"content":{"rendered":"<p><strong>ProLact Rose +<\/strong> este un supliment alimentar probiotic cu con\u021binut sc\u0103zut de lactoz\u0103, ob\u021binut prin fermentarea acidului lactic \u0219i liofilizare din lapte de capr\u0103 \u0219i &icirc;mbog\u0103\u021bit cu damascen de trandafir bulgar. ProLact Rose + este o form\u0103 concentrat\u0103 de iaurt bulgar tradi\u021bional. Bacteriile benefice au rezisten\u021b\u0103 maxim\u0103 \u0219i supravie\u021buire &icirc;n timpul depozit\u0103rii, chiar \u0219i la temperatura camerei. Dup\u0103 dizolvare \u0219i trecerea prin tractul gastro-intestinal, bacteriile benefice ating biodisponibilitatea maxim\u0103 \u0219i un efect probiotic puternic. Trandafirul damascen bulgar ac\u021bioneaz\u0103 &icirc;n simbioz\u0103 cu probioticul, favoriz&acirc;nd imunitatea \u0219i are un puternic efect antioxidant.<\/p>\n<p><strong>ProLact Rose +<\/strong> este un produs natural \u0219i nu con\u021bine microorganisme modificate genetic, gluten, colesterol, coloran\u021bi artificiali, soia, nuci \u0219i conservan\u021bi. Doza zilnic\u0103 recomandat\u0103 2 capsule &icirc;nainte de mese, luate cu lichid. Nu exist\u0103 limite de timp pentru admitere. Temperatura de depozitare recomandat\u0103: sub 24 &deg; C, &icirc;ntr-un loc uscat \u0219i &icirc;ntunecat. Potrivit pentru adul\u021bi \u0219i copii cu v&acirc;rsta peste 3 ani. Contraindica\u021bii: intoleran\u021b\u0103 la oricare dintre ingredientele produsului. <strong>Alergeni: Con\u021bine lactoz\u0103, proteine \u200b\u200bdin lapte!<\/strong> ProLact Rose + este un supliment alimentar probiotic original pentru o diet\u0103 ra\u021bional\u0103. &Icirc;n aten\u021bia utilizatorului: Nu dep\u0103\u0219i\u021bi doza recomandat\u0103! A nu se l\u0103sa la &icirc;ndem&acirc;na copiilor! Suplimentul alimentar nu poate &icirc;nlocui o diet\u0103 variat\u0103.<\/p>\n<p>Compozi\u021bia a 2 capsule pe baz\u0103 de plante (600 mg) administrate la adul\u021bi de 2000KCal: peste 1,2 miliarde CFU de tulpini probiotice de Lactobacillus delbrueckii spp. bulgaricus \u0219i Streptococcus thermophilus sub form\u0103 de produs probiotic PL-2RRi, inclusiv un amestec de aminoacizi. Proteine: 172 mg; Gr\u0103sime: 161 mg; Glucide: 207 mg; Ap\u0103 de trandafiri: 20 mg; Excipien\u021bi - stearat de magneziu: 40 mg; Calciu: 6,4 mg; Potasiu: 8 mg; Fosfor: 9,6 mg; Fier: 0,04 mg; Vitamina D: 0,3 ug; Vitamina A: 7,2 &micro;g RE; Vitamina B1: 1,9 ug; Vitamina C: 130 &micro;g; Valoare energetic\u0103: 2,7 Kcal.<\/p>\n<div id=\"gtx-trans\" style=\"position: absolute; left: 431px; top: 108.6px;\">&nbsp;<\/div>\n","protected":false},"excerpt":{"rendered":"<ul>\n<li>Probiotic din lapte de capr\u0103 cu trandafir bulgaresc Damascen;<\/li>\n<li>Contribuie la activitatea normal\u0103 a pl\u0103m&acirc;nilor;<\/li>\n<li>Favorizeaz\u0103 sistemul cardiovascular normal;<\/li>\n<li>Men\u021bine func\u021bia normal\u0103 a bilei \u0219i a rinichilor;<\/li>\n<li>Antioxidant.<\/li>\n<\/ul>\n","protected":false},"featured_media":13969,"comment_status":"closed","ping_status":"open","template":"","meta":{"_acf_changed":false,"_seopress_robots_primary_cat":"","_seopress_titles_title":"","_seopress_titles_desc":"","_seopress_robots_index":""},"product_brand":[],"product_cat":[5135],"product_tag":[],"class_list":{"0":"post-13968","1":"product","2":"type-product","3":"status-publish","4":"has-post-thumbnail","6":"product_cat-probiotice-in-capsule","7":"pa_oldid-329-ro","8":"pa_oldurlbg-https-www-infozdrave-com-probiotik-rose-60-kapsuli-ro","9":"pa_oldurlel-https-www-infozdrave-com-prolact-rose-60--ro","10":"pa_oldurlen-https-www-infozdrave-com-prolact-rose-60-capsules-ro","11":"pa_oldurlro-https-www-infozdrave-com-prolact-rose-60-capsule-ro","13":"first","14":"instock","15":"purchasable","16":"product-type-simple"},"acf":[],"_links":{"self":[{"href":"https:\/\/www.infozdrave.com\/ro\/wp-json\/wp\/v2\/product\/13968","targetHints":{"allow":["GET"]}}],"collection":[{"href":"https:\/\/www.infozdrave.com\/ro\/wp-json\/wp\/v2\/product"}],"about":[{"href":"https:\/\/www.infozdrave.com\/ro\/wp-json\/wp\/v2\/types\/product"}],"replies":[{"embeddable":true,"href":"https:\/\/www.infozdrave.com\/ro\/wp-json\/wp\/v2\/comments?post=13968"}],"wp:featuredmedia":[{"embeddable":true,"href":"https:\/\/www.infozdrave.com\/ro\/wp-json\/wp\/v2\/media\/13969"}],"wp:attachment":[{"href":"https:\/\/www.infozdrave.com\/ro\/wp-json\/wp\/v2\/media?parent=13968"}],"wp:term":[{"taxonomy":"product_brand","embeddable":true,"href":"https:\/\/www.infozdrave.com\/ro\/wp-json\/wp\/v2\/product_brand?post=13968"},{"taxonomy":"product_cat","embeddable":true,"href":"https:\/\/www.infozdrave.com\/ro\/wp-json\/wp\/v2\/product_cat?post=13968"},{"taxonomy":"product_tag","embeddable":true,"href":"https:\/\/www.infozdrave.com\/ro\/wp-json\/wp\/v2\/product_tag?post=13968"}],"curies":[{"name":"wp","href":"https:\/\/api.w.org\/{rel}","templated":true}]}}