{"id":13988,"date":"2023-07-24T23:53:28","date_gmt":"2023-07-24T20:53:28","guid":{"rendered":"https:\/\/www.infozdrave.com\/p\/prolact-aphrodite-60-capsule\/"},"modified":"2023-08-18T19:30:07","modified_gmt":"2023-08-18T16:30:07","slug":"prolact-aphrodite-60-capsule","status":"publish","type":"product","link":"https:\/\/www.infozdrave.com\/ro\/pr\/prolact-aphrodite-60-capsule\/","title":{"rendered":"ProLact APHRODITE + 60 capsule"},"content":{"rendered":"<p><strong>ProLact Aphrodite +<\/strong> este un supliment alimentar probiotic cu con\u021binut sc\u0103zut de lactoz\u0103, ob\u021binut prin fermentare \u0219i liofilizare a acidului lactic \u0219i &icirc;mbog\u0103\u021bit cu extract de r\u0103d\u0103cin\u0103 de urzic\u0103. <strong>ProLact Aphrodite +<\/strong> este o form\u0103 concentrat\u0103 de iaurt tradi\u021bional bulgar. Bacteriile benefice au rezisten\u021b\u0103 maxim\u0103 \u0219i supravie\u021buire &icirc;n timpul depozit\u0103rii, chiar \u0219i la temperatura camerei. Dup\u0103 dizolvare \u0219i trecerea prin tractul gastro-intestinal, bacteriile benefice ating biodisponibilitatea maxim\u0103 \u0219i un efect probiotic puternic. Extractul de r\u0103d\u0103cin\u0103 de urzic\u0103 &icirc;n combina\u021bie cu probiotice au un efect sinergic \u0219i le sporesc ac\u021biunile, men\u021bin&acirc;nd echilibrul hormonal natural la femei.<\/p>\n<p><strong>ProLact Aphrodite +<\/strong> este un produs complet natural \u0219i nu con\u021bine microorganisme modificate genetic, gluten, colesterol, coloran\u021bi artificiali, soia, nuci \u0219i conservan\u021bi. Doza zilnic\u0103 recomandat\u0103 2 capsule &icirc;nainte de mese, luate cu lichid. Nu exist\u0103 limite de timp pentru admitere. Temperatura de depozitare recomandat\u0103: p&acirc;n\u0103 la +24 &deg; \u0421, &icirc;ntr-un loc uscat \u0219i &icirc;ntunecat. Potrivit pentru adul\u021bi \u0219i copii cu v&acirc;rsta peste 3 ani. Contraindica\u021bii: intoleran\u021b\u0103 la oricare dintre ingredientele produsului. <strong>Alergeni: Con\u021bine lactoz\u0103, proteine \u200b\u200bdin lapte!<\/strong> ProLact Aphrodite + este un supliment alimentar probiotic original pentru o diet\u0103 ra\u021bional\u0103. &Icirc;n aten\u021bia utilizatorului: Nu dep\u0103\u0219i\u021bi doza recomandat\u0103! A nu se l\u0103sa la &icirc;ndem&acirc;na copiilor! Suplimentul alimentar nu poate &icirc;nlocui o diet\u0103 variat\u0103.<\/p>\n<p>Compozi\u021bia a 2 capsule pe baz\u0103 de plante (600 mg) atunci c&acirc;nd sunt luate pentru adul\u021bi din 2000KCal: peste 1 miliard CFU tulpini probiotice de Lactobacillus delbrueckii spp. bulgaricus \u0219i Streptococcus thermophilus sub forma unui produs probiotic PL-1C, inclusiv un amestec de aminoacizi. Proteine: 244 mg; Gr\u0103sime: 105 mg; Glucide: 71 mg; Extract din r\u0103d\u0103cin\u0103 de urzic\u0103 (Radix Urticae): 140 mg; Excipien\u021bi - stearat de magneziu: 40 mg; Calciu: 6,3 mg; Potasiu: 6,3 mg; Fosfor: 3,3 mg; Fier: 0,06 mg; Vitamina D: 0,21 pg; Vitamina A: 0,84 &micro;g RE; Vitamina B1: 0,84 pg; Vitamina B2: 6,3 pg; Valoare energetic\u0103: 1,9 Kcal.<\/p>\n","protected":false},"excerpt":{"rendered":"<ul>\n<li>Men\u021bine forma s&acirc;nilor la femei<\/li>\n<li>Stimuleaz\u0103 cre\u0219terea p\u0103rului \u0219i a unghiilor;<\/li>\n<li>Favorizeaz\u0103 echilibrul hormonal normal la femei;<\/li>\n<li>&Icirc;mbun\u0103t\u0103\u021be\u0219te absorb\u021bia calciului &icirc;n organism;<\/li>\n<\/ul>\n","protected":false},"featured_media":13989,"comment_status":"closed","ping_status":"open","template":"","meta":{"_acf_changed":false,"_seopress_robots_primary_cat":"","_seopress_titles_title":"","_seopress_titles_desc":"","_seopress_robots_index":""},"product_brand":[],"product_cat":[5135],"product_tag":[],"class_list":{"0":"post-13988","1":"product","2":"type-product","3":"status-publish","4":"has-post-thumbnail","6":"product_cat-probiotice-in-capsule","7":"pa_oldid-333-ro","8":"pa_oldurlbg-https-www-infozdrave-com-probiotik-aphrodite-60-kapsuli-ro","9":"pa_oldurlel-https-www-infozdrave-com-comarticle333el-ro","10":"pa_oldurlen-https-www-infozdrave-com-comarticle333en-ro","11":"pa_oldurlro-https-www-infozdrave-com-prolact-aphrodite-60-capsule-ro","13":"first","14":"instock","15":"purchasable","16":"product-type-simple"},"acf":[],"_links":{"self":[{"href":"https:\/\/www.infozdrave.com\/ro\/wp-json\/wp\/v2\/product\/13988","targetHints":{"allow":["GET"]}}],"collection":[{"href":"https:\/\/www.infozdrave.com\/ro\/wp-json\/wp\/v2\/product"}],"about":[{"href":"https:\/\/www.infozdrave.com\/ro\/wp-json\/wp\/v2\/types\/product"}],"replies":[{"embeddable":true,"href":"https:\/\/www.infozdrave.com\/ro\/wp-json\/wp\/v2\/comments?post=13988"}],"wp:featuredmedia":[{"embeddable":true,"href":"https:\/\/www.infozdrave.com\/ro\/wp-json\/wp\/v2\/media\/13989"}],"wp:attachment":[{"href":"https:\/\/www.infozdrave.com\/ro\/wp-json\/wp\/v2\/media?parent=13988"}],"wp:term":[{"taxonomy":"product_brand","embeddable":true,"href":"https:\/\/www.infozdrave.com\/ro\/wp-json\/wp\/v2\/product_brand?post=13988"},{"taxonomy":"product_cat","embeddable":true,"href":"https:\/\/www.infozdrave.com\/ro\/wp-json\/wp\/v2\/product_cat?post=13988"},{"taxonomy":"product_tag","embeddable":true,"href":"https:\/\/www.infozdrave.com\/ro\/wp-json\/wp\/v2\/product_tag?post=13988"}],"curies":[{"name":"wp","href":"https:\/\/api.w.org\/{rel}","templated":true}]}}