{"id":13993,"date":"2023-07-24T23:53:28","date_gmt":"2023-07-24T20:53:28","guid":{"rendered":"https:\/\/www.infozdrave.com\/p\/prolact-cardio-60-kapsuli\/"},"modified":"2023-08-18T19:30:07","modified_gmt":"2023-08-18T16:30:07","slug":"prolact-cardio-60-kapsuli","status":"publish","type":"product","link":"https:\/\/www.infozdrave.com\/ro\/pr\/prolact-cardio-60-kapsuli\/","title":{"rendered":"Prolact CARDIO+ 60 \u043a\u0430\u043f\u0441\u0443\u043b\u0438"},"content":{"rendered":"<p><strong>ProLact Cardio +<\/strong> este un supliment alimentar probiotic cu con\u021binut sc\u0103zut de lactoz\u0103, ob\u021binut prin fermentare \u0219i liofilizare a acidului lactic \u0219i &icirc;mbog\u0103\u021bit cu ulei de mu\u0219cat\u0103 de munte. <strong>ProLact Cardio +<\/strong> este o form\u0103 concentrat\u0103 de iaurt bulgar tradi\u021bional. Bacteriile benefice au rezisten\u021b\u0103 maxim\u0103 \u0219i supravie\u021buire &icirc;n timpul depozit\u0103rii, chiar \u0219i la temperatura camerei. Dup\u0103 dizolvare \u0219i trecerea prin tractul gastro-intestinal, bacteriile benefice ating biodisponibilitatea maxim\u0103 \u0219i un efect probiotic puternic. Uleiul de mu\u0219cat\u0103 de munte &icirc;n combina\u021bie cu probiotice au un efect sinergic \u0219i le sporesc ac\u021biunile, ac\u021bion&acirc;nd foarte bine asupra sistemului cardiovascular.<\/p>\n<p><strong>ProLact Cardio +<\/strong> este un produs complet natural \u0219i nu con\u021bine microorganisme modificate genetic, gluten, colesterol, coloran\u021bi artificiali, soia, nuci \u0219i conservan\u021bi. Doza zilnic\u0103 recomandat\u0103 2 capsule &icirc;nainte de mese, luate cu lichid. Nu exist\u0103 limite de timp pentru admitere. Temperatura de depozitare recomandat\u0103: sub 24 &deg; C, &icirc;ntr-un loc uscat \u0219i &icirc;ntunecat. Potrivit pentru adul\u021bi \u0219i copii cu v&acirc;rsta peste 3 ani. Contraindica\u021bii: intoleran\u021b\u0103 la oricare dintre ingredientele produsului. <strong>Alergeni: Con\u021bine lactoz\u0103, proteine \u200b\u200bdin lapte!<\/strong> ProLact Cardio + este un supliment alimentar probiotic original pentru dieta ra\u021bional\u0103. &Icirc;n aten\u021bia utilizatorului: Nu dep\u0103\u0219i\u021bi doza recomandat\u0103! A nu se l\u0103sa la &icirc;ndem&acirc;na copiilor! Suplimentul alimentar nu poate &icirc;nlocui o diet\u0103 variat\u0103.<\/p>\n<p>Compozi\u021bia a 2 capsule pe baz\u0103 de plante (600 mg) pentru adul\u021bi de 2000 KCal: peste 500 de milioane de tulpini probiotice CFU de Lactobacillus delbrueckii spp. bulgaricus \u0219i Streptococcus thermophilus sub forma unui produs probiotic PL-1C, inclusiv un amestec de aminoacizi. Proteine: 302 mg; Gr\u0103sime: 130 mg; Glucide: 88 mg; Ulei de mu\u0219cat: 40 mg; Excipien\u021bi - stearat de magneziu: 40 mg; Calciu: 7,8 mg; Potasiu: 7,8 mg; Fosfor: 4 mg; Fier: 0,07 mg; Vitamina D: 0,26 pg; Vitamina A: 1 pg RE; Vitamina B1: 1 pg; Vitamina B2: 7,8 pg; Valoarea energetic\u0103: 2,3 Kcal.<\/p>\n","protected":false},"excerpt":{"rendered":"<ul>\n<li>Men\u021bine tensiunea arterial\u0103 &icirc;n limite s\u0103n\u0103toase;<\/li>\n<li>Amelioreaz\u0103 simptomele sindromului premenstrual \u0219i ale menopauzei;<\/li>\n<li>Optimizeaz\u0103 activitatea sistemului cardiovascular;<\/li>\n<li>Sus\u021bine echilibrul hormonal \u0219i are un efect calmant.<\/li>\n<\/ul>\n","protected":false},"featured_media":13994,"comment_status":"closed","ping_status":"open","template":"","meta":{"_acf_changed":false,"_seopress_robots_primary_cat":"","_seopress_titles_title":"","_seopress_titles_desc":"","_seopress_robots_index":""},"product_brand":[],"product_cat":[5135],"product_tag":[],"class_list":{"0":"post-13993","1":"product","2":"type-product","3":"status-publish","4":"has-post-thumbnail","6":"product_cat-probiotice-in-capsule","7":"pa_oldid-334-ro","8":"pa_oldurlbg-https-www-infozdrave-com-probiotik-cardio-60-kapsuli-ro","9":"pa_oldurlel-https-www-infozdrave-com-comarticle334el-ro","10":"pa_oldurlen-https-www-infozdrave-com-comarticle334en-ro","11":"pa_oldurlro-https-www-infozdrave-com-prolact-cardio-60-kapsuli-ro","13":"first","14":"instock","15":"purchasable","16":"product-type-simple"},"acf":[],"_links":{"self":[{"href":"https:\/\/www.infozdrave.com\/ro\/wp-json\/wp\/v2\/product\/13993","targetHints":{"allow":["GET"]}}],"collection":[{"href":"https:\/\/www.infozdrave.com\/ro\/wp-json\/wp\/v2\/product"}],"about":[{"href":"https:\/\/www.infozdrave.com\/ro\/wp-json\/wp\/v2\/types\/product"}],"replies":[{"embeddable":true,"href":"https:\/\/www.infozdrave.com\/ro\/wp-json\/wp\/v2\/comments?post=13993"}],"wp:featuredmedia":[{"embeddable":true,"href":"https:\/\/www.infozdrave.com\/ro\/wp-json\/wp\/v2\/media\/13994"}],"wp:attachment":[{"href":"https:\/\/www.infozdrave.com\/ro\/wp-json\/wp\/v2\/media?parent=13993"}],"wp:term":[{"taxonomy":"product_brand","embeddable":true,"href":"https:\/\/www.infozdrave.com\/ro\/wp-json\/wp\/v2\/product_brand?post=13993"},{"taxonomy":"product_cat","embeddable":true,"href":"https:\/\/www.infozdrave.com\/ro\/wp-json\/wp\/v2\/product_cat?post=13993"},{"taxonomy":"product_tag","embeddable":true,"href":"https:\/\/www.infozdrave.com\/ro\/wp-json\/wp\/v2\/product_tag?post=13993"}],"curies":[{"name":"wp","href":"https:\/\/api.w.org\/{rel}","templated":true}]}}