{"id":14121,"date":"2023-07-24T23:54:17","date_gmt":"2023-07-24T20:54:17","guid":{"rendered":"https:\/\/www.infozdrave.com\/p\/pietre-de-rezerva-pentru-ozonator\/"},"modified":"2023-11-10T12:39:09","modified_gmt":"2023-11-10T10:39:09","slug":"pietre-de-rezerva-pentru-ozonator","status":"publish","type":"product","link":"https:\/\/www.infozdrave.com\/ro\/pr\/pietre-de-rezerva-pentru-ozonator\/","title":{"rendered":"Piatr\u0103 de ozonizare cilindric\u0103"},"content":{"rendered":"<h3><strong>PIATRA DE SCHIMB PENTRU OZONATOR<\/strong><\/h3>\n<ul>\n<li>Universal<\/li>\n<li>Piatra cilindrica<\/li>\n<li>Potrivit pentru ozonare \u0219i \u00eentr-o sticl\u0103 de b\u0103ut<\/li>\n<li>Dimensiuni d 15 mm, h 25 mm<\/li>\n<\/ul>\n","protected":false},"excerpt":{"rendered":"<p>Pietre de rezerv\u0103 pentru ozonator<\/p>\n<ul>\n<li>dou\u0103 pietre rotunde<\/li>\n<li>unul cilindric<\/li>\n<li>dou\u0103 furtunuri<\/li>\n<\/ul>\n<div id=\"gtx-trans\" style=\"position: absolute; left: 13px; top: 2.8px;\"><\/div>\n","protected":false},"featured_media":4406,"comment_status":"closed","ping_status":"closed","template":"","meta":{"_acf_changed":false,"_seopress_robots_primary_cat":"none","_seopress_titles_title":"","_seopress_titles_desc":"","_seopress_robots_index":""},"product_brand":[],"product_cat":[5115],"product_tag":[],"class_list":{"0":"post-14121","1":"product","2":"type-product","3":"status-publish","4":"has-post-thumbnail","6":"product_cat-ozonizatoare-si-purificatoare","7":"pa_oldid-351-ro","8":"pa_oldurlbg-https-www-infozdrave-com-cilindrichen-kamak-za-ozonator-ro","9":"pa_oldurlel-https-www-infozdrave-com----ozonator-ro","10":"pa_oldurlen-https-www-infozdrave-com-spare-stones-for-ozonator-ro","11":"pa_oldurlro-https-www-infozdrave-com-pietre-de-rezerva-pentru-ozonator-ro","13":"first","14":"instock","15":"purchasable","16":"product-type-simple"},"acf":[],"_links":{"self":[{"href":"https:\/\/www.infozdrave.com\/ro\/wp-json\/wp\/v2\/product\/14121","targetHints":{"allow":["GET"]}}],"collection":[{"href":"https:\/\/www.infozdrave.com\/ro\/wp-json\/wp\/v2\/product"}],"about":[{"href":"https:\/\/www.infozdrave.com\/ro\/wp-json\/wp\/v2\/types\/product"}],"replies":[{"embeddable":true,"href":"https:\/\/www.infozdrave.com\/ro\/wp-json\/wp\/v2\/comments?post=14121"}],"wp:featuredmedia":[{"embeddable":true,"href":"https:\/\/www.infozdrave.com\/ro\/wp-json\/wp\/v2\/media\/4406"}],"wp:attachment":[{"href":"https:\/\/www.infozdrave.com\/ro\/wp-json\/wp\/v2\/media?parent=14121"}],"wp:term":[{"taxonomy":"product_brand","embeddable":true,"href":"https:\/\/www.infozdrave.com\/ro\/wp-json\/wp\/v2\/product_brand?post=14121"},{"taxonomy":"product_cat","embeddable":true,"href":"https:\/\/www.infozdrave.com\/ro\/wp-json\/wp\/v2\/product_cat?post=14121"},{"taxonomy":"product_tag","embeddable":true,"href":"https:\/\/www.infozdrave.com\/ro\/wp-json\/wp\/v2\/product_tag?post=14121"}],"curies":[{"name":"wp","href":"https:\/\/api.w.org\/{rel}","templated":true}]}}