{"id":14135,"date":"2023-07-24T23:54:17","date_gmt":"2023-07-24T20:54:17","guid":{"rendered":"https:\/\/www.infozdrave.com\/p\/analizor-de-calitate-a-aerului\/"},"modified":"2023-11-13T12:33:20","modified_gmt":"2023-11-13T10:33:20","slug":"analizor-de-calitate-a-aerului","status":"publish","type":"product","link":"https:\/\/www.infozdrave.com\/ro\/pr\/analizor-de-calitate-a-aerului\/","title":{"rendered":"Analizor de calitate a aeruluiANALIZOR DE CALITATE A AERULUI CARACTERISTICI Ecran cu cristale lichide (LCD) de 2,8\", 320x240 pixeli Pragul de alarm\u0103 pentru ozon (O3) reglabil de utilizator pentru a avertiza cu privire la niveluri ridicate Caracteristici raportate: PM 2,5\/1,0\/10, ozon (O3), TVOC, temperatura, umiditate Ventilator de admisie a aerului \u00eencorporat pentru rezultate mai precise \u00een timp real Baterie cu litiu cu o capacitate de 1200 mAh Alimentare 5V DC prin portul Micro USB Dimensiuni produs: 155 x 87 x 35 mm Greutate produs: 350 g."},"content":{"rendered":"<h3><strong>ANALIZOR DE CALITATE A AERULUI<\/strong><br \/>\nCARACTERISTICI<\/h3>\n<ul>\n<li>Ecran cu cristale lichide (LCD) de 2,8\", 320x240 pixeli<\/li>\n<li>Pragul de alarm\u0103 pentru ozon (O<sub>3<\/sub>) reglabil de utilizator pentru a avertiza cu privire la niveluri ridicate<\/li>\n<li>Caracteristici raportate: PM 2,5\/1,0\/10, ozon (O<sub>3<\/sub>), TVOC, temperatura, umiditate<\/li>\n<li>Ventilator de admisie a aerului \u00eencorporat pentru rezultate mai precise \u00een timp real<\/li>\n<li>Baterie cu litiu cu o capacitate de 1200 mAh<\/li>\n<li>Alimentare 5V DC prin portul Micro USB<\/li>\n<li>Dimensiuni produs: 155 x 87 x 35 mm<\/li>\n<li>Greutate produs: 350 g.<\/li>\n<\/ul>\n","protected":false},"excerpt":{"rendered":"<h2 style=\"text-align: center;\"><strong>ANALIZOR DE CALITATE A AERULUI<\/strong><\/h2>\n<p>&nbsp;<\/p>\n<p>Acest produs este un detector multifunc\u021bional de calitate a aerului care cite\u0219te \u0219i detecteaz\u0103 \u00een timp real ozonul (O<sub>3<\/sub>), totalul de compu\u0219i organici volatili (TVOC), particulele &lt; 2,5 \u00b5m (PM 2,5\/1\/10), temperatura \u0219i umiditatea, cu ceas. func\u021bia \u0219i func\u021bia de \u00eenregistrare. Dispozitivul de determinare a calit\u0103\u021bii aerului combin\u0103 mai mul\u021bi senzori de aer cu un ventilator \u00eencorporat pentru a permite monitorizarea \u00een timp real pe afi\u0219ajul digital LCD a ozonului (O<sub>3<\/sub>), compu\u0219ilor organici volatili totali (TVOC), PM 2,5\/1,0\/10, temperatur\u0103 \u0219i umiditate. .<\/p>\n<p>Abilitatea de a alege stilul interfe\u021bei (tabulare sau grafice), de a schimba limba, de a controla luminozitatea ecranului, de a seta data \u0219i ora, de a urm\u0103ri istoricul.<\/p>\n<h2><strong>DEFINI\u021aII ARTICOLE:<\/strong><\/h2>\n<p><strong><img loading=\"lazy\" decoding=\"async\" class=\"alignnone size-medium wp-image-15665\" src=\"https:\/\/www.infozdrave.com\/wp-content\/uploads\/2023\/07\/oz20bql-242x300.png\" alt=\"\" width=\"242\" height=\"300\" srcset=\"https:\/\/www.infozdrave.com\/wp-content\/uploads\/2023\/07\/oz20bql-242x300.png 242w, https:\/\/www.infozdrave.com\/wp-content\/uploads\/2023\/07\/oz20bql-300x372.png 300w, https:\/\/www.infozdrave.com\/wp-content\/uploads\/2023\/07\/oz20bql-600x744.png 600w, https:\/\/www.infozdrave.com\/wp-content\/uploads\/2023\/07\/oz20bql.png 679w\" sizes=\"auto, (max-width: 242px) 100vw, 242px\" \/><\/strong><\/p>\n<p><strong>1<\/strong> \u2013 zona de afi\u0219are care arat\u0103 nivelul actual de particule (PM 2.5).<\/p>\n<p><strong>2<\/strong> \u2013 zona de afi\u0219are care arat\u0103 nivelul curent de ozon (O<sub>3<\/sub>).<\/p>\n<p><strong>3<\/strong> \u2013 zona de afi\u0219are care arat\u0103 compu\u0219i organici volatili totali (TVOC).<\/p>\n<p><strong>4<\/strong> - zona de afi\u0219are care arat\u0103 temperatura curent\u0103 \u00een Celsius sau Fahrenheit.<\/p>\n<p><strong>5<\/strong> \u2013 simbolul bateriei care arat\u0103 nivelul de \u00eenc\u0103rcare a bateriei sau indicatorul de \u00eenc\u0103rcare.<\/p>\n<p><strong>6<\/strong> \u2013 zona de afi\u0219are pentru citirile curente ale umidit\u0103\u021bii.<\/p>\n<p><strong>7<\/strong> \u2013 indicele de calitate a aerului, care arat\u0103 valoarea curent\u0103.<\/p>\n<p><strong>8<\/strong> \u2013 buton sus \/ comutare \/ zoom folosit pentru a trece \u00eentre interfe\u021be sau pentru a naviga \u00een meniuri.<\/p>\n<p><strong>9<\/strong> \u2013 Buton Ie\u0219ire\/ESC pentru a ie\u0219i din meniuri.<\/p>\n<p><strong>10<\/strong> \u2013 Buton I\/O \/ OK \/ Meniu, folosit pentru a confirma op\u021biunile eviden\u021biate sau pentru a porni\/opri dispozitivul ap\u0103s\u00e2nd timp de 3 secunde.<\/p>\n<p><strong>11<\/strong> \u2013 buton jos \/ comutare \/ mic\u0219orare, folosit pentru a trece \u00eentre interfe\u021be sau pentru a naviga \u00een meniuri.<\/p>\n<p>O<sub>3<\/sub> (ozon) - interval ideal: \u2264 0,1 ppm<\/p>\n<p>TVOC (compu\u0219i organici volatili) - interval ideal: \u2264 0,6 mg\/m3 (0,45 ppm\/m3)<\/p>\n<p>Pragul de alarm\u0103 pentru ozon poate fi setat la 0,1, 0,3 sau 0,6 ppm. Dac\u0103 nivelurile de O<sub>3<\/sub> dep\u0103\u0219esc pragul setat, dispozitivul va semnala cu bipuri scurte.<\/p>\n","protected":false},"featured_media":4420,"comment_status":"closed","ping_status":"closed","template":"","meta":{"_acf_changed":false,"_seopress_robots_primary_cat":"none","_seopress_titles_title":"","_seopress_titles_desc":"","_seopress_robots_index":""},"product_brand":[],"product_cat":[5115],"product_tag":[],"class_list":{"0":"post-14135","1":"product","2":"type-product","3":"status-publish","4":"has-post-thumbnail","6":"product_cat-ozonizatoare-si-purificatoare","7":"pa_oldid-353-ro","8":"pa_oldurlbg-https-www-infozdrave-com-analizator-na-kachestvoto-na-vazduha-ro","9":"pa_oldurlel-https-www-infozdrave-com-----ro","10":"pa_oldurlen-https-www-infozdrave-com-air-quality-analyzer-ro","11":"pa_oldurlro-https-www-infozdrave-com-analizor-de-calitate-a-aerului-ro","12":"pif-has-gallery","14":"first","15":"instock","16":"sale","17":"purchasable","18":"product-type-simple"},"acf":[],"_links":{"self":[{"href":"https:\/\/www.infozdrave.com\/ro\/wp-json\/wp\/v2\/product\/14135","targetHints":{"allow":["GET"]}}],"collection":[{"href":"https:\/\/www.infozdrave.com\/ro\/wp-json\/wp\/v2\/product"}],"about":[{"href":"https:\/\/www.infozdrave.com\/ro\/wp-json\/wp\/v2\/types\/product"}],"replies":[{"embeddable":true,"href":"https:\/\/www.infozdrave.com\/ro\/wp-json\/wp\/v2\/comments?post=14135"}],"wp:featuredmedia":[{"embeddable":true,"href":"https:\/\/www.infozdrave.com\/ro\/wp-json\/wp\/v2\/media\/4420"}],"wp:attachment":[{"href":"https:\/\/www.infozdrave.com\/ro\/wp-json\/wp\/v2\/media?parent=14135"}],"wp:term":[{"taxonomy":"product_brand","embeddable":true,"href":"https:\/\/www.infozdrave.com\/ro\/wp-json\/wp\/v2\/product_brand?post=14135"},{"taxonomy":"product_cat","embeddable":true,"href":"https:\/\/www.infozdrave.com\/ro\/wp-json\/wp\/v2\/product_cat?post=14135"},{"taxonomy":"product_tag","embeddable":true,"href":"https:\/\/www.infozdrave.com\/ro\/wp-json\/wp\/v2\/product_tag?post=14135"}],"curies":[{"name":"wp","href":"https:\/\/api.w.org\/{rel}","templated":true}]}}