{"id":14169,"date":"2023-07-24T23:54:17","date_gmt":"2023-07-24T20:54:17","guid":{"rendered":"https:\/\/www.infozdrave.com\/p\/plasa-de-tantari-pentru-usa-75-x-230-cm-cu-nota\/"},"modified":"2023-08-18T19:30:15","modified_gmt":"2023-08-18T16:30:15","slug":"plasa-de-tantari-pentru-usa-75-x-230-cm-cu-nota","status":"publish","type":"product","link":"https:\/\/www.infozdrave.com\/ro\/pr\/plasa-de-tantari-pentru-usa-75-x-230-cm-cu-nota\/","title":{"rendered":"Plasa de \u021b\u00e2n\u021bari pentru u\u0219\u0103 75 x 230 cm cu not\u0103"},"content":{"rendered":"<p>Avantajele unei plase de \u021b&acirc;n\u021bari pentru o u\u0219\u0103 cu magne\u021bi<br \/>In alb.<br \/>Instalarea se face cu velcro - ferm \u0219i fa\u021b\u0103-verso.<br \/>Curea de velcro mai lung\u0103 - 10 cm.<br \/>velcro puternic, rezist\u0103 p&acirc;n\u0103 la 2 kg \/ 10 cm.<br \/>Plasa de \u021b&acirc;n\u021bari se &icirc;nchide str&acirc;ns &icirc;n mijloc, iar insectele nu pot intra &icirc;n camer\u0103.<br \/>20 buc. magne\u021bi ascun\u0219i &icirc;n banda din mijloc \u0219i nu vizibili, ceea ce reprezint\u0103 un avantaj estetic.<br \/>Instalarea se realizeaz\u0103 pe o band\u0103 de montare, care &icirc;nconjoar\u0103 re\u021beaua pe toate p\u0103r\u021bile. Dac\u0103 ochiul dvs. are dimensiuni ajustate, asigura\u021bi-v\u0103 c\u0103 lipi\u021bi pe partea neted\u0103 a acestei benzi.<br \/>Practic \u0219i u\u0219or de trecut.<br \/>Este potrivit pentru ferestrele din lemn, metal, aluminiu \u0219i PVC.<br \/>U\u0219a plasei de \u021b&acirc;n\u021bari cu magne\u021bi este ambalat\u0103 &icirc;ntr-o pung\u0103 de plastic, acestea includ instruc\u021biuni de instalare.<br \/>Este posibil\u0103 o abatere de p&acirc;n\u0103 la 1 cm fa\u021b\u0103 de laturi \u0219i p&acirc;n\u0103 la 2 cm lungime.<br \/>Velcro este alb.<br \/>&Icirc;n set ve\u021bi g\u0103si \u0219i mici bucle negre.<br \/>&Icirc;nainte de a trimite expedierile c\u0103tre clien\u021bii no\u0219tri, verific\u0103m calitatea produselor.<\/p>\n<p>Puncte mici sau pete roz de p&acirc;n\u0103 la 8 mm pot fi v\u0103zute pe gril\u0103 pe alocuri.<\/p>\n","protected":false},"excerpt":{"rendered":"<h2>Plasa de \u021b&acirc;n\u021bari pentru u\u0219\u0103 cu magne\u021bi.<\/h2>\n<ul>\n<li>Culoare alba.<\/li>\n<li>Dimensiune 75 x 230 cm<\/li>\n<li>Pentru ferestre din lemn \u0219i PVC.<\/li>\n<li>Material: poliester 60 g \/ mp.cm.<\/li>\n<li>Velcro mai lung - 12 benzi x 8 cm.<\/li>\n<li>Velcro robust, rezist\u0103 p&acirc;n\u0103 la 2 kg \/ 10 cm.<\/li>\n<li>Mai mul\u021bi magne\u021bi - 20 buc.<\/li>\n<li>Kabercheta 12 buc.<\/li>\n<li>Origine: China.<\/li>\n<\/ul>\n<p>Regl\u0103m dimensiunea la cererea clientului. F\u0103r\u0103 band\u0103 de montaj, plasa nu poate fi lipit\u0103 ferm de ferestre. Serviciul include t\u0103ierea \u0219i mutarea benzii de montare la noua dimensiune.<\/p>\n","protected":false},"featured_media":14170,"comment_status":"closed","ping_status":"open","template":"","meta":{"_acf_changed":false,"_seopress_robots_primary_cat":"","_seopress_titles_title":"","_seopress_titles_desc":"","_seopress_robots_index":""},"product_brand":[],"product_cat":[5162,277],"product_tag":[],"class_list":{"0":"post-14169","1":"product","2":"type-product","3":"status-publish","4":"has-post-thumbnail","6":"product_cat-plasa-de-tantari-usa-cu-magneti","7":"product_cat-komarnik-za-vrata","8":"pa_oldid-355-ro","9":"pa_oldurlbg-https-www-infozdrave-com-komarnik-za-vrata-75-h-230-sm-sas-zabelejka-ro","10":"pa_oldurlel-https-www-infozdrave-com----75-x-230-cm---ro","11":"pa_oldurlen-https-www-infozdrave-com-mosquito-net-for-door-75-x-230-cm-with-a-defect-ro","12":"pa_oldurlro-https-www-infozdrave-com-plasa-de-tantari-pentru-usa-75-x-230-cm-cu-nota-ro","13":"pif-has-gallery","15":"first","16":"outofstock","17":"purchasable","18":"product-type-simple"},"acf":[],"_links":{"self":[{"href":"https:\/\/www.infozdrave.com\/ro\/wp-json\/wp\/v2\/product\/14169","targetHints":{"allow":["GET"]}}],"collection":[{"href":"https:\/\/www.infozdrave.com\/ro\/wp-json\/wp\/v2\/product"}],"about":[{"href":"https:\/\/www.infozdrave.com\/ro\/wp-json\/wp\/v2\/types\/product"}],"replies":[{"embeddable":true,"href":"https:\/\/www.infozdrave.com\/ro\/wp-json\/wp\/v2\/comments?post=14169"}],"wp:featuredmedia":[{"embeddable":true,"href":"https:\/\/www.infozdrave.com\/ro\/wp-json\/wp\/v2\/media\/14170"}],"wp:attachment":[{"href":"https:\/\/www.infozdrave.com\/ro\/wp-json\/wp\/v2\/media?parent=14169"}],"wp:term":[{"taxonomy":"product_brand","embeddable":true,"href":"https:\/\/www.infozdrave.com\/ro\/wp-json\/wp\/v2\/product_brand?post=14169"},{"taxonomy":"product_cat","embeddable":true,"href":"https:\/\/www.infozdrave.com\/ro\/wp-json\/wp\/v2\/product_cat?post=14169"},{"taxonomy":"product_tag","embeddable":true,"href":"https:\/\/www.infozdrave.com\/ro\/wp-json\/wp\/v2\/product_tag?post=14169"}],"curies":[{"name":"wp","href":"https:\/\/api.w.org\/{rel}","templated":true}]}}