{"id":14256,"date":"2023-07-24T23:54:17","date_gmt":"2023-07-24T20:54:17","guid":{"rendered":"https:\/\/www.infozdrave.com\/p\/castron-de-cantat-tibetan-antic-15-cm\/"},"modified":"2023-08-18T19:30:16","modified_gmt":"2023-08-18T16:30:16","slug":"castron-de-cantat-tibetan-antic-15-cm","status":"publish","type":"product","link":"https:\/\/www.infozdrave.com\/ro\/pr\/castron-de-cantat-tibetan-antic-15-cm\/","title":{"rendered":"Castron de c\u00e2ntat tibetan antic 15 cm"},"content":{"rendered":"<p>Bolurile cantatoare realizate manual sunt numite si boluri vindecatoare. Acestea sunt realizate dintr-un aliaj de \u0219apte metale diferite conectate la \u0219apte planete astrologice care creeaz\u0103 un num\u0103r de sunete \u0219i nuan\u021be diferite. Cele \u0219apte metale sunt: \u200b\u200baurul, argintul, mercurul, cuprul, fierul, zincul \u0219i alama \u0219i sunt reprezentate ca 7 influen\u021be planetare diferite:<\/p>\n<ul>\n<li>Aurul = Soarele.<\/li>\n<li>Argint = Luna<\/li>\n<li>Mercur = Mercur<\/li>\n<li>Drag\u0103 = Venus<\/li>\n<li>Fier = Marte<\/li>\n<li>Zinc = Jupiter<\/li>\n<li>Alam\u0103 = Saturn<\/li>\n<\/ul>\n<p><strong>Beneficiile bolului c&acirc;nt\u0103tor:<\/strong><\/p>\n<ul>\n<li>Bolul c&acirc;nt\u0103tor creeaz\u0103 o pulsa\u021bie de sunet care ne afecteaz\u0103 creierul.<\/li>\n<li>Bolul c&acirc;nt\u0103tor determin\u0103 &icirc;n mod natural chakrele s\u0103 se autoregleze. Sunetul \u0219i vibra\u021biile efectueaz\u0103 frecven\u021be corective c\u0103tre chakrele dezechilibrate, readuc&acirc;ndu-le la func\u021bionarea normal\u0103.<\/li>\n<li>Reduce stresul, anxietatea, furia, tensiunea arterial\u0103, &icirc;mbun\u0103t\u0103\u021be\u0219te circula\u021bia \u0219i cre\u0219te fluxul sanguin.<\/li>\n<li>Ne conduce la o relaxare profund\u0103, cre\u0219te claritatea mental\u0103 \u0219i emo\u021bional\u0103, promoveaz\u0103 pacea, fericirea \u0219i bun\u0103starea.<\/li>\n<li>Stimuleaz\u0103 sistemul imunitar la persoanele care mediteaz\u0103.<\/li>\n<\/ul>\n<p><strong>Joac\u0103 un castron de c&acirc;ntat:<\/strong><\/p>\n<ul>\n<li>Mai &icirc;nt&acirc;i, a\u0219eza\u021bi vasul pe palma m&acirc;inii. Nu-l atinge\u021bi lateral sau \u021bine\u021bi-l cu degetele.<\/li>\n<li>Loveste vasul cu ciocanul, incepe sa scoata un sunet. Acum freca\u021bi &icirc;ncet ciocanul &icirc;n jurul bolului cu o vitez\u0103 constant\u0103. M\u0103ri\u021bi cu aten\u021bie viteza atunci c&acirc;nd bolul &icirc;ncepe s\u0103 vibreze. Pute\u021bi cre\u0219te sau reduce tonul &icirc;n func\u021bie de nevoile dvs.<\/li>\n<li>Pute\u021bi produce sunet \u0219i vibra\u021bii doar lovind bolul.<\/li>\n<\/ul>\n<p>Bolurile de c&acirc;ntat sunt folosite &icirc;n toat\u0103 lumea pentru medita\u021bie, muzic\u0103, relaxare \u0219i bun\u0103stare personal\u0103. Bolul de c&acirc;ntat este fabricat &icirc;n Asia, &icirc;n special &icirc;n Nepal. &Icirc;n unele practici budiste, bolul c&acirc;nt\u0103tor este folosit ca un semnal pentru a &icirc;ncepe \u0219i medita\u021bia lini\u0219tit\u0103. Boluri de c&acirc;ntat sunt produse \u0219i ast\u0103zi &icirc;n moduri tradi\u021bionale, &icirc;n combina\u021bie cu tehnici moderne. Bolurile noi pot fi simple sau decorate. Uneori se disting prin iconografie religioas\u0103 \u0219i prin motive \u0219i simboluri spirituale, precum mantra tibetan\u0103 Om mani padme hum, imagini ale lui Buddha sau alte zeit\u0103\u021bi.<\/p>\n","protected":false},"excerpt":{"rendered":"<p>Castron de c&acirc;ntat tibetan antic.<\/p>\n<ul>\n<li>Diametru: 15 cm<\/li>\n<li>&Icirc;n\u0103l\u021bime: 7,5 cm<\/li>\n<li>Pern\u0103 din \u021bes\u0103tur\u0103 tibetan\u0103 &icirc;n form\u0103 de inel<\/li>\n<li>ciocan realizat manual din lemn de trandafir.<\/li>\n<li>Origine: Nepal<\/li>\n<\/ul>\n<div id=\"gtx-trans\" style=\"position: absolute; left: 17px; top: 2.8px;\">&nbsp;<\/div>\n","protected":false},"featured_media":4541,"comment_status":"closed","ping_status":"closed","template":"","meta":{"_acf_changed":false,"_seopress_robots_primary_cat":"","_seopress_titles_title":"","_seopress_titles_desc":"","_seopress_robots_index":""},"product_brand":[],"product_cat":[15],"product_tag":[],"class_list":{"0":"post-14256","1":"product","2":"type-product","3":"status-publish","4":"has-post-thumbnail","6":"product_cat-uncategorized","7":"pa_oldid-358-ro","8":"pa_oldurlbg-https-www-infozdrave-com-antichna-tibetska-peeshta-kupa-om-15-sm-ro","9":"pa_oldurlel-https-www-infozdrave-com-----ro","10":"pa_oldurlen-https-www-infozdrave-com-antique-tibetan-singing-bowl-series-c-15-cm-ro","11":"pa_oldurlro-https-www-infozdrave-com-castron-de-cantat-tibetan-antic-15-cm-ro","12":"pif-has-gallery","14":"first","15":"instock","16":"purchasable","17":"product-type-simple"},"acf":[],"_links":{"self":[{"href":"https:\/\/www.infozdrave.com\/ro\/wp-json\/wp\/v2\/product\/14256","targetHints":{"allow":["GET"]}}],"collection":[{"href":"https:\/\/www.infozdrave.com\/ro\/wp-json\/wp\/v2\/product"}],"about":[{"href":"https:\/\/www.infozdrave.com\/ro\/wp-json\/wp\/v2\/types\/product"}],"replies":[{"embeddable":true,"href":"https:\/\/www.infozdrave.com\/ro\/wp-json\/wp\/v2\/comments?post=14256"}],"wp:featuredmedia":[{"embeddable":true,"href":"https:\/\/www.infozdrave.com\/ro\/wp-json\/wp\/v2\/media\/4541"}],"wp:attachment":[{"href":"https:\/\/www.infozdrave.com\/ro\/wp-json\/wp\/v2\/media?parent=14256"}],"wp:term":[{"taxonomy":"product_brand","embeddable":true,"href":"https:\/\/www.infozdrave.com\/ro\/wp-json\/wp\/v2\/product_brand?post=14256"},{"taxonomy":"product_cat","embeddable":true,"href":"https:\/\/www.infozdrave.com\/ro\/wp-json\/wp\/v2\/product_cat?post=14256"},{"taxonomy":"product_tag","embeddable":true,"href":"https:\/\/www.infozdrave.com\/ro\/wp-json\/wp\/v2\/product_tag?post=14256"}],"curies":[{"name":"wp","href":"https:\/\/api.w.org\/{rel}","templated":true}]}}