{"id":14290,"date":"2023-07-24T23:54:17","date_gmt":"2023-07-24T20:54:17","guid":{"rendered":"https:\/\/www.infozdrave.com\/p\/perna-de-rezerva-pentru-boluri-cantatoare\/"},"modified":"2023-08-18T19:30:16","modified_gmt":"2023-08-18T16:30:16","slug":"perna-de-rezerva-pentru-boluri-cantatoare","status":"publish","type":"product","link":"https:\/\/www.infozdrave.com\/ro\/pr\/perna-de-rezerva-pentru-boluri-cantatoare\/","title":{"rendered":"Pern\u0103 de rezerv\u0103 pentru boluri c\u00e2nt\u0103toare"},"content":{"rendered":"","protected":false},"excerpt":{"rendered":"","protected":false},"featured_media":20720,"comment_status":"closed","ping_status":"closed","template":"","meta":{"_acf_changed":false,"_seopress_robots_primary_cat":"","_seopress_titles_title":"","_seopress_titles_desc":"","_seopress_robots_index":""},"product_brand":[],"product_cat":[5153],"product_tag":[],"class_list":{"0":"post-14290","1":"product","2":"type-product","3":"status-publish","4":"has-post-thumbnail","6":"product_cat-boluri-cantatoare-tibetane","7":"pa_oldid-360-ro","8":"pa_oldurlbg-https-www-infozdrave-com-rezervna-vazglavnichka-za-peeshti-kupi-ro","9":"pa_oldurlel-https-www-infozdrave-com------ro","10":"pa_oldurlen-https-www-infozdrave-com-spare-cushion-for-singing-bowls-ro","11":"pa_oldurlro-https-www-infozdrave-com-perna-de-rezerva-pentru-boluri-cantatoare-ro","13":"first","14":"instock","15":"purchasable","16":"product-type-simple"},"acf":[],"_links":{"self":[{"href":"https:\/\/www.infozdrave.com\/ro\/wp-json\/wp\/v2\/product\/14290","targetHints":{"allow":["GET"]}}],"collection":[{"href":"https:\/\/www.infozdrave.com\/ro\/wp-json\/wp\/v2\/product"}],"about":[{"href":"https:\/\/www.infozdrave.com\/ro\/wp-json\/wp\/v2\/types\/product"}],"replies":[{"embeddable":true,"href":"https:\/\/www.infozdrave.com\/ro\/wp-json\/wp\/v2\/comments?post=14290"}],"wp:featuredmedia":[{"embeddable":true,"href":"https:\/\/www.infozdrave.com\/ro\/wp-json\/wp\/v2\/media\/20720"}],"wp:attachment":[{"href":"https:\/\/www.infozdrave.com\/ro\/wp-json\/wp\/v2\/media?parent=14290"}],"wp:term":[{"taxonomy":"product_brand","embeddable":true,"href":"https:\/\/www.infozdrave.com\/ro\/wp-json\/wp\/v2\/product_brand?post=14290"},{"taxonomy":"product_cat","embeddable":true,"href":"https:\/\/www.infozdrave.com\/ro\/wp-json\/wp\/v2\/product_cat?post=14290"},{"taxonomy":"product_tag","embeddable":true,"href":"https:\/\/www.infozdrave.com\/ro\/wp-json\/wp\/v2\/product_tag?post=14290"}],"curies":[{"name":"wp","href":"https:\/\/api.w.org\/{rel}","templated":true}]}}