{"id":14300,"date":"2023-07-24T23:54:17","date_gmt":"2023-07-24T20:54:17","guid":{"rendered":"https:\/\/www.infozdrave.com\/p\/benzi-de-ph-pentru-masurarea-aciditatii-3\/"},"modified":"2023-08-18T19:30:17","modified_gmt":"2023-08-18T16:30:17","slug":"benzi-de-ph-pentru-masurarea-aciditatii-3","status":"publish","type":"product","link":"https:\/\/www.infozdrave.com\/ro\/pr\/benzi-de-ph-pentru-masurarea-aciditatii-3\/","title":{"rendered":"Benzi de pH pentru m\u0103surarea acidit\u0103\u021bii"},"content":{"rendered":"<p><strong>Instructiuni de folosire<\/strong><\/p>\n<p>Scufunda\u021bi banda de testare &icirc;n substan\u021ba pe care urmeaz\u0103 s\u0103 o testa\u021bi. Dup\u0103 o jum\u0103tate de secund\u0103, scoate\u021bi h&acirc;rtia. Folosind scala de culori, compara\u021bi schimbarea culorii h&acirc;rtiei de turnesol pentru a afla nivelul de aciditate.<\/p>\n<p>1-6 acid<\/p>\n<p>7 Neutru<\/p>\n<p>8-14 alcalin<\/p>\n<p><strong>Not\u0103:<\/strong><\/p>\n<p>La o densitate a lichidului mai mic\u0103 de 0,01%, benzile nu raporteaz\u0103 alcalinitate sau aciditate.<\/p>\n<p>P\u0103stra\u021bi h&acirc;rtia &icirc;ntr-un loc uscat \u0219i ventilat (+ 2 p&acirc;n\u0103 la + 30 &deg; C).<\/p>\n<p>De ce este at&acirc;t de important\u0103 m\u0103surarea pH-ului?<\/p>\n<p>Exist\u0103 o leg\u0103tur\u0103 puternic\u0103 &icirc;ntre echilibrul acido-bazic al corpului \u0219i s\u0103n\u0103tatea uman\u0103. Benzile de h&acirc;rtie cu pH v\u0103 vor ajuta s\u0103 controla\u021bi mediul intern al corpului \u0219i s\u0103 v\u0103 men\u021bine\u021bi o s\u0103n\u0103tate bun\u0103. AICI:<\/p>\n<p><strong>Test de urin\u0103<\/strong><\/p>\n<p>Examina\u021bi prima \u0219i a doua urin\u0103 a zilei \u0219i &icirc;nregistra\u021bi media. Aplica\u021bi bara de pH &icirc;n timp ce urina\u021bi, scutura\u021bi urina rezidual\u0103 \u0219i a\u0219tepta\u021bi 15 secunde. La pH 5 urina este puternic acid\u0103, la pH 7 este neutr\u0103 (nici acid\u0103, nici alcalin\u0103), iar la pH 9 este puternic alcalin\u0103.<\/p>\n<p><strong>Examinarea salivei<\/strong><\/p>\n<p>Face\u021bi un test la dou\u0103 ore dup\u0103 ce a\u021bi m&acirc;ncat. Scuip\u0103 saliva &icirc;ntr-o lingur\u0103 de plastic, &icirc;nmoaie banda de pH \u0219i a\u0219teapt\u0103 15 secunde. Nu pune\u021bi benzile de pH direct &icirc;n gur\u0103!<\/p>\n<p>PH-ul salivei ne ofer\u0103 informa\u021bii despre echilibrul general al pH-ului din corpul nostru.<\/p>\n<p>Exist\u0103 mai mult acid &icirc;n saliv\u0103 dec&acirc;t &icirc;n \u200b\u200bs&acirc;nge, dar este o oglind\u0103 a s&acirc;ngelui, excluz&acirc;nd momentele din jurul m&acirc;nc\u0103rii, \u0219i este un indicator destul de bun al st\u0103rii corpului.<\/p>\n<p>Dup\u0103 ce m&acirc;nca\u021bi, pH-ul salivei cre\u0219te de obicei la 7, adic\u0103 sau mai mult, devine mai alcalin. Dac\u0103 acest lucru nu se &icirc;nt&acirc;mpl\u0103, atunci corpul dumneavoastr\u0103 sufer\u0103 de o lips\u0103 de minerale alcaline, &icirc;n principal calciu \u0219i magneziu, \u0219i nu va absorbi alimentele &icirc;n mod corespunz\u0103tor. Abaterea prelungit\u0103 de la pH-ul normal provoac\u0103 boli.<\/p>\n<p>Dac\u0103 pH-ul salivei este cuprins &icirc;ntre 6,8 \u0219i 7,2+ pe tot parcursul zilei, atunci corpul dumneavoastr\u0103 lucreaz\u0103 &icirc;n limite normale pentru s\u0103n\u0103tate.<\/p>\n<p>Cu c&acirc;t valoarea pH-ului este mai mic\u0103 de 7,0, cu at&acirc;t este mai mare gradul de supra&icirc;nc\u0103rcare acid\u0103. Verifica\u021bi \u0219i &icirc;nregistra\u021bi pH-ul timp de c&acirc;teva s\u0103pt\u0103m&acirc;ni - diminea\u021ba, imediat ce v\u0103 ridica\u021bi, dup\u0103-amiaza \u0219i seara, &icirc;nainte de culcare. &Icirc;n acest fel ve\u021bi vedea cum se modific\u0103 curba pH-ului.<\/p>\n<p>La majoritatea copiilor, tornasul este de culoare verde deschis, pH 7,5. La mai mult de jum\u0103tate dintre adul\u021bi - &icirc;n culoarea galben-verde, cu pH 6,5 sau mai mic, din cauza deficitului de calciu \u0219i a stilului de via\u021b\u0103.<\/p>\n<p><strong>Boli la pH acid<\/strong><\/p>\n<p>La pacien\u021bii cu cancer, h&acirc;rtia este de obicei de culoare galben\u0103, pH 5. Celulele canceroase nu pot exista &icirc;ntr-un mediu alcalin. Toate formele de artrit\u0103 sunt, de asemenea, asociate cu excesul de aciditate.<\/p>\n<p>Practic toate bolile degenerative, inclusiv cancerul, osteoporoza, artrita, bolile de inim\u0103, rinichii \u0219i calculii biliari, cariile sunt asociate cu excesul de aciditate &icirc;n organism.<\/p>\n","protected":false},"excerpt":{"rendered":"<p>Scara de determinare a PH<\/p>\n<p>Indica\u021bie foarte sensibil\u0103 \u0219i precis\u0103 a valorilor acidului alcalin<\/p>\n<p>Spectru larg pH 4 - pH 10,5<\/p>\n<p>Rezultatul dup\u0103 15 secunde<\/p>\n<p>Dimensiune 1 band\u0103: 6 cm \/ 1 cm<\/p>\n<p>Originea Chinei<\/p>\n<p>Gama larg\u0103 a c&acirc;ntarului (4 -10,5) face ca banda de testare a turnasolului s\u0103 fie foarte sensibil\u0103 \u0219i foarte precis\u0103 atunci c&acirc;nd se m\u0103soar\u0103 pH-ul urinei \u0219i al salivei.<\/p>\n","protected":false},"featured_media":14305,"comment_status":"closed","ping_status":"closed","template":"","meta":{"_acf_changed":false,"_seopress_robots_primary_cat":"","_seopress_titles_title":"","_seopress_titles_desc":"","_seopress_robots_index":""},"product_brand":[],"product_cat":[15],"product_tag":[],"class_list":{"0":"post-14300","1":"product","2":"type-product","3":"status-publish","4":"has-post-thumbnail","6":"product_cat-uncategorized","7":"pa_oldid-362-ro","8":"pa_oldurlbg-https-www-infozdrave-com-ph-lenti-za-izmervane-na-kiselinnost-comarticle362bg-ro","9":"pa_oldurlel-https-www-infozdrave-com----ph-ro","10":"pa_oldurlen-https-www-infozdrave-com-ph-strips-for-measuring-acidity-comarticle362en-ro","11":"pa_oldurlro-https-www-infozdrave-com-benzi-de-ph-pentru-masurarea-aciditatii-comarticle362ro-ro","12":"pif-has-gallery","14":"first","15":"instock","16":"purchasable","17":"product-type-simple"},"acf":[],"_links":{"self":[{"href":"https:\/\/www.infozdrave.com\/ro\/wp-json\/wp\/v2\/product\/14300","targetHints":{"allow":["GET"]}}],"collection":[{"href":"https:\/\/www.infozdrave.com\/ro\/wp-json\/wp\/v2\/product"}],"about":[{"href":"https:\/\/www.infozdrave.com\/ro\/wp-json\/wp\/v2\/types\/product"}],"replies":[{"embeddable":true,"href":"https:\/\/www.infozdrave.com\/ro\/wp-json\/wp\/v2\/comments?post=14300"}],"wp:featuredmedia":[{"embeddable":true,"href":"https:\/\/www.infozdrave.com\/ro\/wp-json\/wp\/v2\/media\/14305"}],"wp:attachment":[{"href":"https:\/\/www.infozdrave.com\/ro\/wp-json\/wp\/v2\/media?parent=14300"}],"wp:term":[{"taxonomy":"product_brand","embeddable":true,"href":"https:\/\/www.infozdrave.com\/ro\/wp-json\/wp\/v2\/product_brand?post=14300"},{"taxonomy":"product_cat","embeddable":true,"href":"https:\/\/www.infozdrave.com\/ro\/wp-json\/wp\/v2\/product_cat?post=14300"},{"taxonomy":"product_tag","embeddable":true,"href":"https:\/\/www.infozdrave.com\/ro\/wp-json\/wp\/v2\/product_tag?post=14300"}],"curies":[{"name":"wp","href":"https:\/\/api.w.org\/{rel}","templated":true}]}}