{"id":14327,"date":"2023-07-24T23:54:17","date_gmt":"2023-07-24T20:54:17","guid":{"rendered":"https:\/\/www.infozdrave.com\/p\/antioxidant\/"},"modified":"2023-11-18T00:01:36","modified_gmt":"2023-11-17T22:01:36","slug":"antioxidant","status":"publish","type":"product","link":"https:\/\/www.infozdrave.com\/ro\/pr\/antioxidant\/","title":{"rendered":"Antioxidant"},"content":{"rendered":"<h3><strong>SETUL CON\u021aINE:<\/strong><\/h3>\n<ul>\n<li>Antioxidant<\/li>\n<li>Electrod<\/li>\n<li>Servieta pentru depozitare<\/li>\n<li>Cablu de alimentare<\/li>\n<li>Servieta din aluminiu<\/li>\n<\/ul>\n<h3><strong>Caracteristici:<\/strong><\/h3>\n<ul>\n<li>Hidrogenul este un antioxidant sigur \u0219i nu are efecte secundare<\/li>\n<\/ul>\n","protected":false},"excerpt":{"rendered":"<h2 style=\"text-align: center;\"><strong>ANTIOXIDANT<\/strong><\/h2>\n<p>Radicalii liberi pot deteriora celulele \u0219i \u021besuturile \u0219i pot \u00eemboln\u0103vi corpul. Antioxidantul este un dispozitiv care ajut\u0103 organismul s\u0103 le neutralizeze.<\/p>\n<p>Va oferim Antioxidant , un aparat pentru o procedura placuta balneara. Hidrogenul antioxidant \u0219i procedura cu acesta este o modalitate u\u0219oar\u0103, nedureroas\u0103 \u0219i pl\u0103cut\u0103 de a cre\u0219te nivelul de antioxidan\u021bi din organism. C\u00e2nd dispozitivul este utilizat, hidrogenul p\u0103trunde ad\u00e2nc \u00een celule pentru a le ajuta s\u0103 neutralizeze radicalii liberi. Capacitatea sa de a p\u0103trunde \u00een celule \u00eel face mai eficient dec\u00e2t alte forme de antioxidare. Antioxidarea are o serie de beneficii.<\/p>\n<h2><strong>PROTEC\u021aIA CELULUI<\/strong><\/h2>\n<p>Antioxidarea poate sprijini re\u00eennoirea celulelor \u0219i organelor, \u00eent\u00e2rzie \u00eemb\u0103tr\u00e2nirea. Poate reduce daunele celulare care pot fi cauzate de radicalii liberi. Poate ajuta la prevenirea \u00eemb\u0103tr\u00e2nirii premature \u0219i a diferitelor boli.<\/p>\n<h2><strong>P\u0102STRAREA S\u0102N\u0102T\u0102\u021aII INIMII<\/strong><\/h2>\n<p>Antioxidarea a fost legat\u0103 de \u00eembun\u0103t\u0103\u021birea s\u0103n\u0103t\u0103\u021bii inimii \u0219i \u00eembun\u0103t\u0103\u021birea func\u021biei peretelui vaselor.<\/p>\n<h2><strong>SPRIJINEREA SISTEMULUI IMUNO<\/strong><\/h2>\n<p>Antioxidarea poate ajuta sistemul imunitar s\u0103 lupte mai eficient \u00eempotriva infec\u021biilor \u0219i a bolilor prin stimularea r\u0103spunsului imunitar.<\/p>\n<h2><strong>PROTEC\u021aIA \u00ceMPOTRIVA BOLILOR CRONICE<\/strong><\/h2>\n<p>Unele cercet\u0103ri arat\u0103 c\u0103 consumul de alimente \u0219i b\u0103uturi bogate \u00een antioxidan\u021bi poate reduce riscul de boli cronice precum diabetul, cancerul \u0219i demen\u021ba.<\/p>\n<h2><strong>\u00cembun\u0103t\u0103\u021birea s\u0103n\u0103t\u0103\u021bii pielii<\/strong><\/h2>\n<p>Antioxidarea poate ajuta la protejarea pielii de razele UV \u0219i men\u021bine aspectul proasp\u0103t. De asemenea, poate reduce num\u0103rul de riduri \u0219i poate \u00eembun\u0103t\u0103\u021bi textura pielii.<\/p>\n<h2><strong>P\u0102STRAREA S\u0102N\u0102T\u0102\u021aII OCHILOR<\/strong><\/h2>\n<p>Antioxidarea poate sus\u021bine s\u0103n\u0103tatea ochilor \u0219i poate reduce riscul de degenerare \u0219i cataracte.<\/p>\n<h2><strong>\u00cembun\u0103t\u0103\u021birea s\u0103n\u0103t\u0103\u021bii creierului<\/strong><\/h2>\n<p>Unele cercet\u0103ri au legat consumul de antioxidan\u021bi de \u00eembun\u0103t\u0103\u021birea func\u021biei cognitive \u0219i de reducerea riscului de boli neurodegenerative , cum ar fi Alzheimer.<\/p>\n<h2><strong>BENEFICIILE HIDROGENULUI CA ANTIOXIDANT<\/strong><\/h2>\n<ul>\n<li>Hidrogenul este cel mai mic element chimic \u0219i are o func\u021bie antioxidant\u0103 selectiv\u0103 .<\/li>\n<li>Hidrogenul are permeabilitate ridicat\u0103 \u0219i difuzie rapid\u0103. Pielea are o mare capacitate de a absorbi hidrogenul si prin sange se transmite in tot organismul.<\/li>\n<li>Hidrogenul este cel mai sigur antioxidant \u0219i nu are efecte secundare.<\/li>\n<li>Este un mijloc puternic \u0219i eficient de a \u00eembun\u0103t\u0103\u021bi s\u0103n\u0103tatea \u0219i de a \u00eencetini procesul de \u00eemb\u0103tr\u00e2nire.<\/li>\n<li>Hidrogenul s-a dovedit a fi un agent antiinflamator eficient. De asemenea, poate modifica genele activate care creeaz\u0103 o stare persistent\u0103 de inflama\u021bie.<\/li>\n<li>H <sub>2 <\/sub>este compatibil cu func\u021bia cognitiv\u0103 optim\u0103. Creierul consum\u0103 \u00eentre 20 \u0219i 40% din oxigenul pe care \u00eel respir\u0103m. 2-5% din acest oxigen este transformat \u00een radicali liberi \u0219i din acest motiv creierul este foarte susceptibil la deteriorare din cauza stresului oxidativ . Hidrogenul neutralizeaz\u0103 excesul de radicali liberi elibera\u021bi \u00een creier.<\/li>\n<li>Sus\u021bine s\u0103n\u0103tatea celular\u0103. Cercet\u0103rile arat\u0103 c\u0103 H <sub>2 <\/sub>\u00eembun\u0103t\u0103\u021be\u0219te semnalizarea celular\u0103, metabolismul celular \u0219i expresia genelor (procesul prin care informa\u021biile mo\u0219tenite de la o gen\u0103 sunt transformate \u00eentr-un produs genetic func\u021bional, cum ar fi proteina sau ARN-ul). Acest lucru poate explica efectele sale antiinflamatorii, antialergice \u0219i detoxifiante .<\/li>\n<li>Hidrogenul stimuleaz\u0103 producerea propriilor niveluri de antioxidan\u021bi. Declan\u0219eaz\u0103 activarea enzimelor antioxidante \u00een organism - de exemplu, glutationul peroxidaz\u0103 , superoxid dismutaz\u0103 , catalaz\u0103 etc. \u0219i\/sau proteine care protejeaz\u0103 celula. Fiecare dintre aceste enzime are grij\u0103 de diferite tipuri de radicali liberi; lucr\u00e2nd \u00eempreun\u0103, men\u021bin celulele s\u0103n\u0103toase.<\/li>\n<li>H <sub>2 <\/sub>ajut\u0103 la \u00eembun\u0103t\u0103\u021birea nivelului de energie. Adenozin\u0103 trifosfatul (ATP) este combustibilul care v\u0103 hr\u0103ne\u0219te celulele \u00een timpul activit\u0103\u021bii fizice. Cercet\u0103rile arat\u0103 c\u0103 H <sub>2 <\/sub>cre\u0219te produc\u021bia de ATP, ceea ce ajut\u0103 la men\u021binerea unei energii ridicate \u0219i a performan\u021belor mai bune. De asemenea, \u00eembun\u0103t\u0103\u021be\u0219te performan\u021ba \u0219i timpul de recuperare. C\u00e2nd face\u021bi exerci\u021bii fizice, acidul lactic din organism cre\u0219te, ceea ce duce la oboseal\u0103, leziuni musculare, rezisten\u021b\u0103 \u0219i performan\u021b\u0103 reduse. Cercet\u0103rile exper\u021bilor asupra sportivilor arat\u0103 c\u0103 hidrogenul reduce nivelul de acid lactic \u0219i accelereaz\u0103 recuperarea.<\/li>\n<li>Reduce stresul oxidativ . C\u00e2nd facem exerci\u021bii fizice, folosim mai mult oxigen, gener\u00e2nd mai mul\u021bi radicali de oxigen nocivi care duc la un stres oxidativ mai mare . H <sub>2 <\/sub>p\u0103trunde cu u\u0219urin\u021b\u0103 \u00een compartimentele subcelulare \u0219i ajut\u0103 la protejarea acestora de radicalii nocivi de oxigen citotoxici .<\/li>\n<li>\u00cembun\u0103t\u0103\u021be\u0219te hidratarea corpului. C\u00e2nd moleculele de hidrogen se combin\u0103 \u0219i neutralizeaz\u0103 radicalii nocivi de oxigen, ace\u0219tia sunt transforma\u021bi \u00een ap\u0103 (H <sub>2 <\/sub>O), ceea ce cre\u0219te hidratarea celular\u0103. \u00cen plus, organismul absoarbe mai bine apa alcalin\u0103 cu H <sub>2 <\/sub>.<\/li>\n<\/ul>\n<h2><strong>PRINCIPALE BENEFICII PENTRU CORPUL Antioxidantului<\/strong><\/h2>\n<ul>\n<li>Rapid, usor, placut, profund, cu rezultate maxime rapide, fara dureri si diete.<\/li>\n<li>\u00cencetine\u0219te \u00eemb\u0103tr\u00e2nirea \u0219i d\u0103 frumuse\u021be: terapia cu hidrogen \u00ee\u021bi va face pielea neted\u0103 \u0219i str\u0103lucitoare, ridurile vor sc\u0103dea \u0219i chiar vor disp\u0103rea.<\/li>\n<li>Antiinflamator: reduce semnificativ deteriorarea \u0219i inflama\u021bia pielii.<\/li>\n<li>\u00cembun\u0103t\u0103\u021be\u0219te imunitatea: hidrogenul ajut\u0103 organismul s\u0103 elimine hidroxil \u0219i al\u021bi radicali liberi nocivi.<\/li>\n<li>Cercet\u0103rile arat\u0103 c\u0103 hidrogenul poate fi folosit pentru a trata o varietate de afec\u021biuni, inclusiv afec\u021biuni intestinale \u0219i stomacale, probleme ale pielii, obezitate, migrene, hipertensiune arterial\u0103, diabet \u0219i multe altele. Beneficiile sale au fost confirmate pentru accidente vasculare cerebrale, atacuri de cord, colesterol ridicat, inflama\u021bie \u0219i chiar cancer.<\/li>\n<\/ul>\n<h2><strong>NU ESTE RECOMANDAT PENTRU<\/strong><\/h2>\n<ul>\n<li>Sarcina \u0219i ciclul menstrual la femei<\/li>\n<li>Persoanele cu stimulatoare cardiace \u0219i alte organe artificiale<\/li>\n<li>Persoanele cu boli interne severe<\/li>\n<li>Persoanele cu hemoragii<\/li>\n<li>Persoanele cu febr\u0103 mare<\/li>\n<li>Copii prea mici sau oameni foarte b\u0103tr\u00e2ni<\/li>\n<li>arterial\u0103 , diabet profund etc.<\/li>\n<\/ul>\n<p>Nu este un dispozitiv medical. Consulta\u021bi un medic pentru tratament.<\/p>\n<div id=\"gtx-trans\" style=\"position: absolute; left: -131px; top: -7.2px;\"><\/div>\n","protected":false},"featured_media":4612,"comment_status":"closed","ping_status":"closed","template":"","meta":{"_acf_changed":false,"_seopress_robots_primary_cat":"none","_seopress_titles_title":"","_seopress_titles_desc":"","_seopress_robots_index":""},"product_brand":[],"product_cat":[5103],"product_tag":[],"class_list":{"0":"post-14327","1":"product","2":"type-product","3":"status-publish","4":"has-post-thumbnail","6":"product_cat-dispozitiv-antioxidant","7":"pa_garantsia-24-ro","8":"pa_oldid-365-ro","9":"pa_oldurlbg-https-www-infozdrave-com-antioksidator-ro","10":"pa_oldurlel-https-www-infozdrave-com--ro","11":"pa_oldurlen-https-www-infozdrave-com-antioxidator-ro","12":"pa_oldurlro-https-www-infozdrave-com-antioxidant-ro","14":"first","15":"instock","16":"purchasable","17":"product-type-simple"},"acf":[],"_links":{"self":[{"href":"https:\/\/www.infozdrave.com\/ro\/wp-json\/wp\/v2\/product\/14327","targetHints":{"allow":["GET"]}}],"collection":[{"href":"https:\/\/www.infozdrave.com\/ro\/wp-json\/wp\/v2\/product"}],"about":[{"href":"https:\/\/www.infozdrave.com\/ro\/wp-json\/wp\/v2\/types\/product"}],"replies":[{"embeddable":true,"href":"https:\/\/www.infozdrave.com\/ro\/wp-json\/wp\/v2\/comments?post=14327"}],"wp:featuredmedia":[{"embeddable":true,"href":"https:\/\/www.infozdrave.com\/ro\/wp-json\/wp\/v2\/media\/4612"}],"wp:attachment":[{"href":"https:\/\/www.infozdrave.com\/ro\/wp-json\/wp\/v2\/media?parent=14327"}],"wp:term":[{"taxonomy":"product_brand","embeddable":true,"href":"https:\/\/www.infozdrave.com\/ro\/wp-json\/wp\/v2\/product_brand?post=14327"},{"taxonomy":"product_cat","embeddable":true,"href":"https:\/\/www.infozdrave.com\/ro\/wp-json\/wp\/v2\/product_cat?post=14327"},{"taxonomy":"product_tag","embeddable":true,"href":"https:\/\/www.infozdrave.com\/ro\/wp-json\/wp\/v2\/product_tag?post=14327"}],"curies":[{"name":"wp","href":"https:\/\/api.w.org\/{rel}","templated":true}]}}