{"id":14332,"date":"2023-07-24T23:54:17","date_gmt":"2023-07-24T20:54:17","guid":{"rendered":"https:\/\/www.infozdrave.com\/p\/ozonizator-ola-pentru-dezinfectia-si-purificarea-aerului-apei-si-alimentelor-2\/"},"modified":"2023-11-13T12:43:19","modified_gmt":"2023-11-13T10:43:19","slug":"ozonizator-ola-pentru-dezinfectia-si-purificarea-aerului-apei-si-alimentelor-2","status":"publish","type":"product","link":"https:\/\/www.infozdrave.com\/ro\/pr\/ozonizator-ola-pentru-dezinfectia-si-purificarea-aerului-apei-si-alimentelor-2\/","title":{"rendered":"Ozonator OLA pentru aer, ap\u0103 \u0219i alimente"},"content":{"rendered":"<h3><strong>OZONATOR OLA<\/strong><br \/>\nSPECIFICA\u021aII<\/h3>\n<ul>\n<li>Tensiune 220 V,<\/li>\n<li>Ozon de ie\u0219ire 400 mg\/h,<\/li>\n<li>Timp de lucru max. 30 minute,<\/li>\n<li>Purific\u0103 aerul, apa, alimentele \u0219i suprafe\u021bele.<\/li>\n<li>Efect antiviral \u0219i antibacterian.<\/li>\n<li>Potrivit pentru camere mici \u0219i mai mari.<\/li>\n<li>Contine: Ozonator OLA, 3 pietre si 2 furtunuri.<\/li>\n<li>Dimensiune: 21 x 27 x 5 cm.<\/li>\n<li>Greutate: 0.900 kg<\/li>\n<li>12 luni garantie..<\/li>\n<li>Certificate: CE \u0219i RoHS.<\/li>\n<li>Origine: China<\/li>\n<\/ul>\n<p>\u00cen concentra\u021bii mari, ozonul este d\u0103un\u0103tor s\u0103n\u0103t\u0103\u021bii. 400 mg\/or\u0103 este o concentra\u021bie potrivit\u0103 pentru uz casnic.<\/p>\n","protected":false},"excerpt":{"rendered":"<h2 style=\"text-align: center;\"><strong>OZONATOR OLA - NOUA SOLU\u021aIE PENTRU \u00ceMBUN\u0102T\u0102\u021aIREA CALIT\u0102\u021aII AERULUI, APEI \u0218I ALIMENTELOR<\/strong><\/h2>\n<p>Dup\u0103 ploaie, aerul este saturat cu ozon cu concentra\u021bie sc\u0103zut\u0103 \u0219i oamenii \u00eei simt prospe\u021bimea. \u00cen era actual\u0103 a polu\u0103rii \u0219i a problemei tot mai mari a aerului, apei \u0219i calit\u0103\u021bii alimentelor, tot mai mul\u021bi oameni caut\u0103 modalit\u0103\u021bi eficiente de a-\u0219i proteja s\u0103n\u0103tatea. \u00cen c\u0103utarea unor astfel de solu\u021bii, aten\u021bia ne-a fost atras\u0103 de Ozonatoarele \u2013 dispozitive care sunt din ce \u00een ce mai folosite pentru cur\u0103\u021barea \u0219i \u00eembun\u0103t\u0103\u021birea calit\u0103\u021bii aerului, apei \u0219i alimentelor. Molecula de ozon este format\u0103 din 3 atomi de oxigen. Prin intermediul unei sc\u00e2ntei de \u00eenalt\u0103 tensiune, procesul natural din natur\u0103 este imitat \u0219i molecula de oxigen este \u00eembog\u0103\u021bit\u0103 cu un atom de oxigen suplimentar p\u00e2n\u0103 devine ozon. Astfel, propriet\u0103\u021bile antibacteriene ale ozonului pot fi folosite pentru nevoile zilnice ale omului.<\/p>\n<p>Ozonul este de 2,5 p\u00e2n\u0103 la 6 ori mai eficient \u00een uciderea bacteriilor dec\u00e2t radia\u021biile UV \u0219i de 600 p\u00e2n\u0103 la 3.000 de ori mai puternic dec\u00e2t clorul. Ast\u0103zi, ozonul este utilizat pe scar\u0103 larg\u0103 nu numai pentru purificarea aerului \u0219i tratarea apei, ci \u0219i \u00een medicina \u0219i agricultura modern\u0103. Ozonul a fost recunoscut de mult timp la nivel mondial drept cel mai curat \u0219i mai eficient agent de dezinfec\u021bie.<\/p>\n<p>Ozonatoarele pentru aer, ap\u0103 \u0219i alimente sunt dispozitive bazate pe electroliz\u0103 care genereaz\u0103 ozon (O<sub>3<\/sub>) - o substan\u021b\u0103 oxidant\u0103 puternic\u0103 care este extrem de eficient\u0103 \u00een combaterea polu\u0103rii \u0219i a bacteriilor. Ozonatoarele sunt utilizate \u00eentr-o gam\u0103 larg\u0103 de domenii, inclusiv case, birouri, cl\u0103diri industriale \u0219i chiar \u00een sectoarele de ap\u0103 \u0219i alimente.<\/p>\n<p>Ozonatorul OLA pentru dezinfec\u021bia \u0219i purificarea aerului, apei \u0219i alimentelor este compact, mobil, adaptabil: conceput pentru a fi c\u00e2t mai convenabil, aceast\u0103 unitate func\u021bioneaz\u0103 la fel de bine \u00een diferite medii interioare, precum case, birouri, hoteluri, restaurante.<\/p>\n<h2><strong>OZONATOR OLA ESTE UN DISPOZITIV MULTIFUNC\u021aIONAL CU O APLICA\u021aIE LARGA \u00ceN TREI DIREC\u021aII<\/strong><\/h2>\n<h2>\n<strong>DEZINFECTAREA AERULUI<\/strong><\/h2>\n<p>Cu ajutorul lui, aerul este dezinfectat \u00een locuin\u021be, birouri, magazine, s\u0103li de sport, recreere sau locuri cu o mare mi\u0219care a oamenilor. Astfel, ajut\u0103 la reducerea r\u0103sp\u00e2ndirii viru\u0219ilor \u0219i bacteriilor, precum \u0219i a bolilor din aer. Ozonator OLA pentru aer, apa si alimente elimina cu succes si mirosurile neplacute si fumul de tigara din aerul din unitatile sanitare, dulapuri, frigidere.<\/p>\n<h2><strong>DEZINFECTAREA APEI SI PREPARAREA APEI OZONATE<\/strong><\/h2>\n<p>Apa ozonat\u0103 poate fi aplicat\u0103 pentru dezinfectarea suprafe\u021belor sau folosirea propriet\u0103\u021bilor dezinfectante \u0219i de cur\u0103\u021bare ale cavit\u0103\u021bii bucale, pentru probleme \u0219i dureri de din\u021bi, infec\u021bii la nas sau ochi. Ozonul este un gaz instabil \u0219i la aproximativ 20 de minute dup\u0103 prepararea apei ozonizate, acesta s-a descompus deja \u00een elemente sigure, iar apa \u00ee\u0219i pierde propriet\u0103\u021bile curative. Dar este purificat, sigur \u0219i potabil.<\/p>\n<h2><strong>CURATARE ALIMENTE, EFECTE PERSONALE, UTENSILIE PENTRU COPII<\/strong><\/h2>\n<p>Ozonatorul de aer, ap\u0103 \u0219i alimente OLA este potrivit pentru dezinfectarea \u0219i cur\u0103\u021barea legumelor, fructelor, c\u0103rnii, pe\u0219telui, ustensilelor \u0219i accesoriilor pentru copii, precum \u0219i a oric\u0103ror alte articole pe care dori\u021bi s\u0103 le purifica\u021bi - inclusiv periu\u021be de din\u021bi, piepteni, foarfece \u0219i orice obiect personal. Desigur, cele mai valoroase sunt calit\u0103\u021bile dezinfectante ale dispozitivului la purificarea alimentelor. Acestea sunt plasate \u00eentr-un recipient adecvat \u00een ap\u0103 \u0219i substan\u021be chimice \u0219i alte substan\u021be \u0219i contaminan\u021bi sunt \u00eendep\u0103rta\u021bi din ele, ceea ce permite cre\u0219terea duratei lor de valabilitate. De asemenea, este potrivit pentru procesarea \u0219i eliminarea hormonilor \u0219i a antibioticelor. Particulele de ozon elimin\u0103 microorganismele periculoase din apa curent\u0103 de origine incert\u0103.<\/p>\n<table border=\"1\" cellspacing=\"0\" cellpadding=\"0\">\n<tbody>\n<tr>\n<td width=\"272\">Viability of bacteria<\/td>\n<td width=\"66\"><strong>1 min<\/strong><\/td>\n<td width=\"66\"><strong>2 min<\/strong><\/td>\n<td width=\"66\"><strong>5 min<\/strong><\/td>\n<td width=\"76\"><strong>10 min<\/strong><\/td>\n<td width=\"73\"><strong>20 min<\/strong><\/td>\n<\/tr>\n<tr>\n<td colspan=\"6\" width=\"619\"><\/td>\n<\/tr>\n<tr>\n<td width=\"272\">Bacillus coli<\/td>\n<td width=\"66\">38 %<\/td>\n<td width=\"66\">17 %<\/td>\n<td width=\"66\">0.3 %<\/td>\n<td width=\"76\">0 %<\/td>\n<td width=\"73\">0 %<\/td>\n<\/tr>\n<tr>\n<td width=\"272\">Typhoid bacilli<\/td>\n<td width=\"66\">46 %<\/td>\n<td width=\"66\">22 %<\/td>\n<td width=\"66\">0 %<\/td>\n<td width=\"76\">0 %<\/td>\n<td width=\"73\">0 %<\/td>\n<\/tr>\n<tr>\n<td width=\"272\">Gonococci<\/td>\n<td width=\"66\">32 %<\/td>\n<td width=\"66\">10 %<\/td>\n<td width=\"66\">0 %<\/td>\n<td width=\"76\">0 %<\/td>\n<td width=\"73\">0 %<\/td>\n<\/tr>\n<tr>\n<td width=\"272\">Staphylococci<\/td>\n<td width=\"66\">35 %<\/td>\n<td width=\"66\">11 %<\/td>\n<td width=\"66\">0 %<\/td>\n<td width=\"76\">0 %<\/td>\n<td width=\"73\">0 %<\/td>\n<\/tr>\n<\/tbody>\n<\/table>\n<h2>\n<strong>REGULI DE MUNC\u0102<\/strong><\/h2>\n<p>Ozonatorul OLA este compact, mobil, adaptabil: conceput pentru a fi c\u00e2t mai convenabil, aceast\u0103 unitate func\u021bioneaz\u0103 la fel de bine \u00een diferite medii interioare precum case, birouri, hoteluri, restaurante. Lucrul cu OLA Ozonator este divers, eficient \u0219i ecologic. Aminti\u021bi-v\u0103 c\u0103 ozonatorul satureaz\u0103 aerul din \u00eenc\u0103peri cu ozon \u00eentr-o concentra\u021bie inofensiv\u0103, dar \u00een timp ce func\u021bioneaz\u0103 nu trebuie s\u0103 sta\u021bi \u00een ele. Este necesar s\u0103 a\u0219tepta\u021bi aproximativ 15 - 20 de minute dup\u0103 terminarea func\u021bion\u0103rii dispozitivului.<\/p>\n<p>Ozonator OLA - Sursa ta de aer curat \u0219i ap\u0103! Ozonatorul nu este un dispozitiv medical. solicita\u021bi sfatul unui medic pentru tratament. Urma\u021bi instruc\u021biunile de utilizare.<\/p>\n","protected":false},"featured_media":4617,"comment_status":"closed","ping_status":"closed","template":"","meta":{"_acf_changed":false,"_seopress_robots_primary_cat":"none","_seopress_titles_title":"","_seopress_titles_desc":"","_seopress_robots_index":""},"product_brand":[],"product_cat":[5118],"product_tag":[],"class_list":{"0":"post-14332","1":"product","2":"type-product","3":"status-publish","4":"has-post-thumbnail","6":"product_cat-apa-sanatoasa","7":"pa_garantsia-12-ro","8":"pa_oldid-366-ro","9":"pa_oldurlbg-https-www-infozdrave-com-ozonator-ola-za-vazduh-voda-i-hrana-comarticle366bg-ro","10":"pa_oldurlel-https-www-infozdrave-com--ola-----ro","11":"pa_oldurlen-https-www-infozdrave-com-ozonizer-ola-for-disinfection-and-purification-of-air-water-and-food-comarticle366en-ro","12":"pa_oldurlro-https-www-infozdrave-com-ozonizator-ola-pentru-dezinfectia-si-purificarea-aerului-apei-si-alimentelor-comarticle366ro-ro","13":"pif-has-gallery","15":"first","16":"instock","17":"purchasable","18":"product-type-simple"},"acf":[],"_links":{"self":[{"href":"https:\/\/www.infozdrave.com\/ro\/wp-json\/wp\/v2\/product\/14332","targetHints":{"allow":["GET"]}}],"collection":[{"href":"https:\/\/www.infozdrave.com\/ro\/wp-json\/wp\/v2\/product"}],"about":[{"href":"https:\/\/www.infozdrave.com\/ro\/wp-json\/wp\/v2\/types\/product"}],"replies":[{"embeddable":true,"href":"https:\/\/www.infozdrave.com\/ro\/wp-json\/wp\/v2\/comments?post=14332"}],"wp:featuredmedia":[{"embeddable":true,"href":"https:\/\/www.infozdrave.com\/ro\/wp-json\/wp\/v2\/media\/4617"}],"wp:attachment":[{"href":"https:\/\/www.infozdrave.com\/ro\/wp-json\/wp\/v2\/media?parent=14332"}],"wp:term":[{"taxonomy":"product_brand","embeddable":true,"href":"https:\/\/www.infozdrave.com\/ro\/wp-json\/wp\/v2\/product_brand?post=14332"},{"taxonomy":"product_cat","embeddable":true,"href":"https:\/\/www.infozdrave.com\/ro\/wp-json\/wp\/v2\/product_cat?post=14332"},{"taxonomy":"product_tag","embeddable":true,"href":"https:\/\/www.infozdrave.com\/ro\/wp-json\/wp\/v2\/product_tag?post=14332"}],"curies":[{"name":"wp","href":"https:\/\/api.w.org\/{rel}","templated":true}]}}