{"id":14349,"date":"2023-07-24T23:54:58","date_gmt":"2023-07-24T20:54:58","guid":{"rendered":"https:\/\/www.infozdrave.com\/p\/ozonator-bc-001-pentru-dezinfectia-si-purificarea-aerului-apei-si-alimentelor-2\/"},"modified":"2024-02-20T00:00:09","modified_gmt":"2024-02-19T22:00:09","slug":"ozonator-bc-001-pentru-dezinfectia-si-purificarea-aerului-apei-si-alimentelor-2","status":"publish","type":"product","link":"https:\/\/www.infozdrave.com\/ro\/pr\/ozonator-bc-001-pentru-dezinfectia-si-purificarea-aerului-apei-si-alimentelor-2\/","title":{"rendered":"Ozonator BC 001 pentru dezinfec\u021bia \u0219i purificarea aerului, apei \u0219i alimentelor"},"content":{"rendered":"<h3><strong>OZONATOR PENTRU AER, APA SI ALIMENTE<\/strong><br \/>\nSPECIFICA\u021aII<\/h3>\n<ul>\n<li>Tensiune 220 V,<\/li>\n<li>Ie\u0219ire ozon 400 mg\/h, timp de lucru max. 30 min, 0,900 kg.<\/li>\n<li>Potrivit pentru ozonizarea camerelor de p\u00e2n\u0103 la 20 mp.<\/li>\n<li>Purific\u0103 aerul, apa, alimentele \u0219i suprafe\u021bele.<\/li>\n<li>Efect antiviral \u0219i antibacterian.<\/li>\n<li>Contine: Ozonator, 2 pietre si 2 furtunuri.<\/li>\n<li>Dimensiuni: 28 x 21 x 8,5 cm<\/li>\n<li>Greutate: 840 g<\/li>\n<li>12 luni garantie pentru persoane fizice.<\/li>\n<li>Certificate: CE \u0219i RoHS.<\/li>\n<li>Origine: China.<\/li>\n<\/ul>\n<p>\u00cen concentra\u021bii mari, ozonul este d\u0103un\u0103tor s\u0103n\u0103t\u0103\u021bii. 400 mg\/or\u0103 este o concentra\u021bie potrivit\u0103 pentru uz casnic.<\/p>\n","protected":false},"excerpt":{"rendered":"<h2 style=\"text-align: center;\"><strong>OZONATOR VS 001 PENTRU DEZINFEC\u021aIA \u0218I PURIFICAREA AERULUI, APA SI Hrana<\/strong><\/h2>\n<p>Distrugerea tuturor microorganismelor patogene, neutralizarea clorului \u0219i bacteriilor din ap\u0103, purificarea fructelor \u0219i legumelor este u\u0219oar\u0103 cu dispozitivul inovator - Ozonator VS 001 - o solu\u021bie excelent\u0103 \u0219i eficient\u0103 pentru ob\u021binerea cur\u0103\u021beniei \u0219i siguran\u021bei maxime a alimentelor, aerului \u0219i apa in casa ta.<\/p>\n<h2><strong>CU OZONATOR VS 001 PENTRU AER, APA \u0218I ALIMENTE PE CARE PRIMI<\/strong><\/h2>\n<ul>\n<li>Protec\u021bie \u00eempotriva viru\u0219ilor \u0219i bacteriilor 3 \u00een 1<\/li>\n<li>Aer proaspat<\/li>\n<li>Apa pura<\/li>\n<li>M\u00e2ncare curat\u0103<\/li>\n<li>Piele sanatoasa<\/li>\n<li>Eficien\u021b\u0103, siguran\u021b\u0103 \u0219i fiabilitate<\/li>\n<\/ul>\n<h2><strong>SCOP<\/strong><\/h2>\n<p>Ozonatorul BC 001 pentru aer, ap\u0103 \u0219i alimente este conceput pentru purificarea aerului, apei \u0219i alimentelor - fructe, legume, carne, pe\u0219te, precum \u0219i orice ustensile \u0219i obiecte personale introduse \u00eentr-un recipient cu ap\u0103. Ozonator VS 001 este un dispozitiv multifunc\u021bional care poate lupta \u00eempotriva tuturor tipurilor de bacterii \u0219i viru\u0219i, transform\u00e2nd casele \u00eentr-un loc curat \u0219i sigur de locuit.<\/p>\n<h2><strong>PRINCIPIUL MUNCII<\/strong><\/h2>\n<p>Prin intermediul unei sc\u00e2ntei de \u00eenalt\u0103 tensiune, procesul natural din natur\u0103 este imitat pentru a \u00eembog\u0103\u021bi molecula de oxigen cu un atom de oxigen suplimentar p\u00e2n\u0103 c\u00e2nd aceasta este transformat\u0103 \u0219i \u00een ozon.<\/p>\n<p>Ozonatorul VS 001 pentru aer, ap\u0103 \u0219i alimente poate fi utilizat \u00een mod activ pentru cur\u0103\u021barea aerului din incint\u0103. \u00cen timpul func\u021bion\u0103rii, satureaz\u0103 aerul cu ozon \u0219i elimin\u0103 viru\u0219i, bacterii, mirosuri, substan\u021be nocive, precum fenolii, formaldehide, lacuri pentru mobilier etc. Este permis\u0103 tratarea \u00eenc\u0103perilor \u00eenchise: b\u0103i, dulapuri, frigidere etc.<\/p>\n<p>Pentru a ozoniza apa, trebuie s\u0103 umple\u021bi cantitatea necesar\u0103 \u00eentr-un recipient adecvat \u0219i s\u0103 porni\u021bi ozonatorul BC 001 \u00een modul de func\u021bionare. Timpul procedurii se calculeaz\u0103 \u021bin\u00e2nd cont de faptul c\u0103 10 minute sunt suficiente pentru a ozoniza 10 litri de ap\u0103, sau asta \u00eenseamn\u0103 1 minut pe litru. Apa preparat\u0103 poate fi folosit\u0103 pentru dezinfectarea suprafe\u021belor, sp\u0103larea fe\u021bei, dezinfectarea cavit\u0103\u021bii bucale, udarea plantelor de interior etc. Nivelul de puritate atinge 99,9%. La aproximativ 15-20 de minute de la ozonizarea apei, aceasta \u00ee\u0219i pierde propriet\u0103\u021bile curative \u0219i dezinfectante \u0219i este pur \u0219i simplu ap\u0103 potabil\u0103, purificat\u0103. Ozonarea nu schimb\u0103 aciditatea apei, re\u021bine \u00een ea toate substan\u021bele necesare.<\/p>\n<p>Ozonul distruge microorganismele de 300-3000 de ori mai rapid \u0219i mai fiabil dec\u00e2t al\u021bi dezinfectan\u021bi, \u00een acela\u0219i timp nu polueaz\u0103 secundar cu substan\u021be chimice \u0219i dezinfectan\u021bi chimici.<\/p>\n<table border=\"1\" cellspacing=\"0\" cellpadding=\"0\">\n<tbody>\n<tr>\n<td width=\"272\">Ozonation time<\/td>\n<td width=\"66\"><strong>1 min<\/strong><\/td>\n<td width=\"66\"><strong>2 min<\/strong><\/td>\n<td width=\"66\"><strong>5 min<\/strong><\/td>\n<td width=\"76\"><strong>10 min<\/strong><\/td>\n<td width=\"73\"><strong>20 min<\/strong><\/td>\n<\/tr>\n<tr>\n<td colspan=\"6\" width=\"619\">Viability of bacteria<\/td>\n<\/tr>\n<tr>\n<td width=\"272\">Bacillus coli<\/td>\n<td width=\"66\">38 %<\/td>\n<td width=\"66\">17 %<\/td>\n<td width=\"66\">0.3 %<\/td>\n<td width=\"76\">0 %<\/td>\n<td width=\"73\">0 %<\/td>\n<\/tr>\n<tr>\n<td width=\"272\">Typhoid bacilli<\/td>\n<td width=\"66\">46 %<\/td>\n<td width=\"66\">22 %<\/td>\n<td width=\"66\">0 %<\/td>\n<td width=\"76\">0 %<\/td>\n<td width=\"73\">0 %<\/td>\n<\/tr>\n<tr>\n<td width=\"272\">Gonococci<\/td>\n<td width=\"66\">32 %<\/td>\n<td width=\"66\">10 %<\/td>\n<td width=\"66\">0 %<\/td>\n<td width=\"76\">0 %<\/td>\n<td width=\"73\">0 %<\/td>\n<\/tr>\n<tr>\n<td width=\"272\">Staphylococci<\/td>\n<td width=\"66\">35 %<\/td>\n<td width=\"66\">11 %<\/td>\n<td width=\"66\">0 %<\/td>\n<td width=\"76\">0 %<\/td>\n<td width=\"73\">0 %<\/td>\n<\/tr>\n<\/tbody>\n<\/table>\n<p>Fructele, legumele, carnea, pe\u0219tele \u0219i orice obiecte personale care dori\u021bi s\u0103 fie cur\u0103\u021bate \u0219i dezinfectate pot fi puse \u00een recipientul cu ap\u0103 pe care \u00eel ozona\u021bi. Fructele \u0219i legumele sunt purificate din \u00eengr\u0103\u0219\u0103minte, pesticide, coloran\u021bi, substan\u021be chimice etc., antibioticele \u0219i hormonii sunt \u00eendep\u0103rta\u021bi, precum \u0219i clorul \u0219i fosfa\u021bii din carne.<\/p>\n<p>Apa ozonat\u0103 men\u021bine pielea s\u0103n\u0103toas\u0103, desfunda porii \u0219i amelioreaz\u0103 acneea. Sp\u0103larea cu ap\u0103 ozonat\u0103 revitalizeaz\u0103 celulele pielii \u0219i promoveaz\u0103 procesele metabolice, activeaz\u0103 celulele \u0219i favorizeaz\u0103 circula\u021bia s\u00e2ngelui, face pielea curat\u0103, neted\u0103 \u0219i delicat\u0103.<\/p>\n<p>C\u00e2nd te speli pe din\u021bi, apa ozonat\u0103 ajut\u0103 la eliminarea mirosurilor nepl\u0103cute, ucide bacteriile \u0219i previne inflama\u021bia.<\/p>\n<h2><strong>FUNC\u021aII:<\/strong><\/h2>\n<ul>\n<li>Ozonarea aerului<\/li>\n<li>Purificarea apei<\/li>\n<li>Prelucrare alimentar\u0103<\/li>\n<li>\u00cendep\u0103rtarea mirosurilor nepl\u0103cute, fumului, prafului, alergenilor, mucegaiului \u0219i multe altele.<\/li>\n<\/ul>\n<h2><strong>C\u00c2ND LUCRA\u021aI CU UN OZONATOR PENTRU AER, APA \u0218I ALIMENTE, OBSERVA\u021aI<\/strong><\/h2>\n<p>Lucrul cu Ozonator este divers, eficient \u0219i ecologic. Aminti\u021bi-v\u0103 c\u0103 ozonatorul satureaz\u0103 aerul din \u00eenc\u0103peri cu ozon \u00eentr-o concentra\u021bie inofensiv\u0103, dar \u00een timp ce func\u021bioneaz\u0103 nu trebuie s\u0103 sta\u021bi \u00een ele. Trebuie s\u0103 a\u0219tepta\u021bi aproximativ 15 minute dup\u0103 ce dispozitivul a terminat de func\u021bionat. Ozonatorul nu este un dispozitiv medical. Urma\u021bi instruc\u021biunile de utilizare.<\/p>\n<p>Test\u0103m produsele \u00eenainte de a le trimite clien\u021bilor.<\/p>\n","protected":false},"featured_media":4634,"comment_status":"closed","ping_status":"closed","template":"","meta":{"_acf_changed":false,"_seopress_robots_primary_cat":"none","_seopress_titles_title":"","_seopress_titles_desc":"","_seopress_robots_index":""},"product_brand":[],"product_cat":[5118],"product_tag":[],"class_list":{"0":"post-14349","1":"product","2":"type-product","3":"status-publish","4":"has-post-thumbnail","6":"product_cat-apa-sanatoasa","7":"pa_garantsia-12-ro","8":"pa_oldid-367-ro","9":"pa_oldurlbg-https-www-infozdrave-com-ozonator-bc-001-za-dezinfekciya-i-prechistvane-na-vazduh-voda-i-hrani-comarticle367bg-ro","10":"pa_oldurlel-https-www-infozdrave-com--bc-001-----r","11":"pa_oldurlen-https-www-infozdrave-com-ozonator-bc-001-for-disinfection-and-purification-of-air-water-and-food-comarticle367en-ro","12":"pa_oldurlro-https-www-infozdrave-com-ozonator-bc-001-pentru-dezinfectia-si-purificarea-aerului-apei-si-alimentelor-comarticle367ro-ro","13":"pif-has-gallery","15":"first","16":"instock","17":"purchasable","18":"product-type-simple"},"acf":[],"_links":{"self":[{"href":"https:\/\/www.infozdrave.com\/ro\/wp-json\/wp\/v2\/product\/14349","targetHints":{"allow":["GET"]}}],"collection":[{"href":"https:\/\/www.infozdrave.com\/ro\/wp-json\/wp\/v2\/product"}],"about":[{"href":"https:\/\/www.infozdrave.com\/ro\/wp-json\/wp\/v2\/types\/product"}],"replies":[{"embeddable":true,"href":"https:\/\/www.infozdrave.com\/ro\/wp-json\/wp\/v2\/comments?post=14349"}],"wp:featuredmedia":[{"embeddable":true,"href":"https:\/\/www.infozdrave.com\/ro\/wp-json\/wp\/v2\/media\/4634"}],"wp:attachment":[{"href":"https:\/\/www.infozdrave.com\/ro\/wp-json\/wp\/v2\/media?parent=14349"}],"wp:term":[{"taxonomy":"product_brand","embeddable":true,"href":"https:\/\/www.infozdrave.com\/ro\/wp-json\/wp\/v2\/product_brand?post=14349"},{"taxonomy":"product_cat","embeddable":true,"href":"https:\/\/www.infozdrave.com\/ro\/wp-json\/wp\/v2\/product_cat?post=14349"},{"taxonomy":"product_tag","embeddable":true,"href":"https:\/\/www.infozdrave.com\/ro\/wp-json\/wp\/v2\/product_tag?post=14349"}],"curies":[{"name":"wp","href":"https:\/\/api.w.org\/{rel}","templated":true}]}}