{"id":14427,"date":"2023-07-24T23:58:34","date_gmt":"2023-07-24T20:58:34","guid":{"rendered":"https:\/\/www.infozdrave.com\/p\/bioscaner-cu-senzori-din-palma-a-sasea-generatie\/"},"modified":"2023-10-30T11:47:39","modified_gmt":"2023-10-30T09:47:39","slug":"bioscaner-cu-senzori-din-palma-a-sasea-generatie","status":"publish","type":"product","link":"https:\/\/www.infozdrave.com\/ro\/pr\/bioscaner-cu-senzori-din-palma-a-sasea-generatie\/","title":{"rendered":"Bioscaner cu senzori din palm\u0103 a \u0219asea genera\u021bie"},"content":{"rendered":"<h3><strong>Caracteristici:<\/strong><\/h3>\n<ul>\n<li>Lungime: 31 cm.<\/li>\n<li>Latime: 21 cm.<\/li>\n<li>Grosime: 8 cm.<\/li>\n<li>Greutate: 1,5 kg.<\/li>\n<\/ul>\n<h3><strong>Continutul setului:<\/strong><\/h3>\n<ul>\n<li>Analizor cuantic de genera\u021bia a cincea - 1 bp.<\/li>\n<li>Software-ul pentru unitatea flash USB este \u00een \u00eentregime \u00een bulgar\u0103, versiunea 4.7.0.<\/li>\n<li>Unitate flash USB - cheie de decriptare criptat\u0103 pentru criptare software (software) - 1 buc.<\/li>\n<li>Cablu USB pentru conectarea la un computer (cablu de alimentare) - 1 buc.<\/li>\n<li>Instruc\u021biuni pentru cerin\u021bele de limb\u0103 bulgar\u0103 \u0219i englez\u0103<\/li>\n<li>Pung\u0103 din aluminiu pentru extinderea \u0219i imprimarea \u00een siguran\u021b\u0103 a bioimprimarii - 1 bp.<\/li>\n<\/ul>\n<p><strong>Origine: <\/strong>China<\/p>\n<p><strong>Perioada de garantie: <\/strong>24 luni<\/p>\n","protected":false},"excerpt":{"rendered":"<h2 style=\"text-align: center;\"><strong>Bioanalizator de rezonan\u021b\u0103 magnetic\u0103 \u0219i meridian\u0103 - Analizor cuantic de genera\u021bia a 6-a cu senzori \u00een palm\u0103<\/strong><\/h2>\n<p>&nbsp;<\/p>\n<p>Bioscanerul cu rezonan\u021b\u0103 magnetic\u0103 \u0219i meridian, cunoscut \u0219i sub numele de scanner cuantic, este un dispozitiv inovator care utilizeaz\u0103 tehnici moderne de diagnostic \u0219i terapie. Combin\u0103 dou\u0103 tehnologii principale - rezonan\u021ba magnetic\u0103 \u0219i terapia electrodermal\u0103 (meridian\u0103). Tehnica rezonan\u021bei magnetice este folosit\u0103 pentru a ob\u021bine informa\u021bii despre func\u021bionarea diferitelor organe \u0219i sisteme din corpul uman, \u00een timp ce terapia electrodermal\u0103 (meridian\u0103) este utilizat\u0103 pentru a evalua starea energetic\u0103 a diferitelor puncte sau meridiane de pe piele. Func\u021bia principal\u0103 a acestui bioanalizator este de a oferi informa\u021bii despre starea actual\u0103 a organismului \u0219i de a ajuta la luarea deciziilor cu privire la terapia medical\u0103 adecvat\u0103 sau sugestii pentru \u00eembun\u0103t\u0103\u021birea s\u0103n\u0103t\u0103\u021bii.<\/p>\n<p>Bioscanerul cuantic trimite impulsuri electrice slabe (valuri) prin piele c\u0103tre diferite puncte sau meridiane. R\u0103spunsul organismului la aceste impulsuri este apoi m\u0103surat prin analiza semnalelor electrice primite prin electrozi. Rezultatele analizei sunt procesate de un computer care genereaz\u0103 o imagine detaliat\u0103 a st\u0103rii corpului. Cu ajutorul unui software special aplicat bioscanerului, se ob\u021bin informa\u021bii grafice \u0219i digitale despre func\u021biile cu mai multe fa\u021bete ale corpului, precum starea organelor, func\u021biile sistemelor \u0219i problemele care trebuie abordate. Dup\u0103 ce rezultatele testelor sunt analizate, analizorul cuantic poate sugera proceduri terapeutice adecvate prin impact electroimpuls sau poate \u00eendruma pacientul c\u0103tre speciali\u0219ti corespunz\u0103tori, \u00een func\u021bie de informa\u021biile primite.<\/p>\n<p>Cercet\u0103rile arat\u0103 c\u0103, \u00een aproximativ un minut, din palma vor fi primite peste 245 de indicatori ai existen\u021bei lui B. Ei raporteaz\u0103 cele mai evidente semne de schimbare celular\u0103 \u00een organe \u0219i \u021besuturi, ceea ce face posibil\u0103 efectuarea cercet\u0103rilor medicale \u00eentr-o zon\u0103 precis definit\u0103. Chiar dac\u0103 exist\u0103 celule unice cu modific\u0103ri patologice, acest bioanalizator de rezonan\u021b\u0103 magnetic\u0103 poate detecta modific\u0103rile acestor celule \u0219i poate prezice boala, care \u00een acest fel d\u0103 femeii s\u0103 previn\u0103 diferite boli xponice.<\/p>\n<p>Metoda de diagnostic prin rezonan\u021b\u0103 magnetic\u0103 este complex\u0103, neinvaziv\u0103, practic\u0103, u\u0219oar\u0103, rapid\u0103 \u0219i eficient\u0103. Aplica\u021bia \u201eBioskener\u201d este instrumentul electronic cel mai avansat din punct de vedere tehnologic pentru prezentarea general\u0103 a structurii s\u0103n\u0103toase a organismului uman. C\u00e2nd s\u0103n\u0103tatea noastr\u0103 nu este \u00eentr-o stare bun\u0103, corpul nostru sufer\u0103 automat sub form\u0103 de oboseal\u0103 u\u0219oar\u0103, durere, dureri de cap, insomnie, pierderea poftei de m\u00e2ncare, depresie, anxietate etc. pec, ctpax, ccebiene, viene na svet, etc. Xopata, Cei care au aceste simptome sunt s\u0103n\u0103to\u0219i. Potrivit datelor Organiza\u021biei Mondiale a S\u0103n\u0103t\u0103\u021bii, 10% dintre decesele din lume apar\u021bin acestui grup. De aceea se spune mai des c\u0103 viitorul st\u0103 \u00een \u00eentregime \u00een diagnosticul profilactic al celor s\u0103n\u0103to\u0219i.<\/p>\n<p>Bioanalizatorul de rezonan\u021b\u0103 magnetic\u0103 \u0219i meridian poate fi utilizat \u00een multe domenii ale medicinei, cum ar fi \u00een diagnosticarea diferitelor boli, analiza cauzelor bolii, monitorizarea \u0219i controlul efectelor terapeutice \u0219i ca instrument de avertizare a dezvolt\u0103rii bolilor cronice.<\/p>\n<p>O inova\u021bie teoretic\u0103 \u00een medicina cuantic\u0103, bionica folose\u0219te cele mai recente progrese ale tehnologiei electronice pentru a m\u0103sura \u0219i analiza c\u00e2mpul magnetic slab al corpului uman.Zborul \u0219i pe baza acestei analize d\u0103 starea de s\u0103n\u0103tate a organismului \u0219i zonele cu probleme \u00een actuala stadiul cel mai avansat. Abordarea biotehnologic\u0103 a bioanalizei este integrat\u0103 \u00een medicin\u0103, bioinformatic\u0103, inginerie electric\u0103 \u0219i alte domenii moderne.<\/p>\n<h2><strong>Principiul de func\u021bionare<\/strong><\/h2>\n<p>Corpul uman este alc\u0103tuit dintr-o multitudine de celule care se contract\u0103, cresc \u0219i mor continuu.<br \/>\nCelulele sunt re\u00eennoite prin divizare.\u00cen fiecare secund\u0103 ele \u00eempart aproximativ 25 de milioane de celule \u0219i \u00een fiecare minut re\u00eennoiesc aproximativ 100 de milioane de celule primare. La \u00eenceputul diviziunii \u0219i re\u00eennoirii celulei, unitatea principal\u0103 a celulei este nucleul \u0219i electronii, care mi\u0219c\u0103 \u0219i modific\u0103 sarcina electric\u0103, emit\u00e2nd unde magnetice electrice neradiante.Semnalele undelor electromagnetice, care sunt diferite de s\u0103n\u0103tate bun\u0103, stare de r\u0103u, durere etc.<br \/>\nBiosistemul de diagnosticare a problemelor de s\u0103n\u0103tate este un instrument nou creat pentru a analiza aceste schimb\u0103ri.<\/p>\n<p>Bioanalizatorul raporteaz\u0103 mai mult de 30 de puncte diferite de analiz\u0103, inclusiv compozi\u021bia cardiovascular\u0103 \u0219i cerebrovascular\u0103, densitatea mineral\u0103 osoas\u0103, oligoelemente, plumb \u00een urin\u0103 vta, peumatism, axon alb \u0219i c\u0103i dixatelice, nefropatie, zaxap primar, ctomax \u0219i chepva, chepnya pob \u0219i vezica biliar\u0103 , nevi pancreatici, ginecologie, prostat\u0103, dureri osoase, oligoelemente seleniu, fier, zinc \u0219i calciu etc.<br \/>\nBaza de date a sistemului de analiz\u0103 este verificat\u0103 cu metode cheie, cum ar fi statisticile de tratament \u0219i s\u0103n\u0103tate, analiza unui num\u0103r mare de cazuri clinice, ceea ce duce la cea mai mare acurate\u021be a analizei.<\/p>\n<p>Analizorul cuantic cu senzori de palm\u0103 este un dispozitiv inovator care utilizeaz\u0103 principiile rezonan\u021bei magnetice \u0219i bioanalizei meridianelor pentru a oferi utilizatorului informa\u021bii fiabile de s\u0103n\u0103tate. Acest dispozitiv m\u0103soar\u0103 nivelul de energie al palmei \u0219i reflect\u0103 impactul acesteia asupra diferitelor sectoare ale corpului. Aceast\u0103 tehnologie permite analistului s\u0103 m\u0103soare nivelul de energie al organelor \u0219i \u021besuturilor individuale \u0219i s\u0103 ofere informa\u021bii despre func\u021bionarea \u0219i starea acestora. Ideea de baz\u0103 a bioanalizatorului este c\u0103 fiecare organ sau sistem din corp are nivelul s\u0103u de energie \u0219i interac\u021biunea, care poate fi detectat\u0103 de senzorii de pe palm\u0103. Aceste niveluri de energie se reflect\u0103 pe diferite zone ale palmei, ob\u021bin\u00e2ndu-se astfel o hart\u0103 complet\u0103 a s\u0103n\u0103t\u0103\u021bii organismului.<\/p>\n<p>Atunci c\u00e2nd folose\u0219te analizorul cuantic cu senzori pentru palm\u0103, utilizatorul trebuie s\u0103-\u0219i plaseze palma pe dispozitiv \u0219i s\u0103 a\u0219tepte pu\u021bin. Senzorii speciali de pe dispozitiv \u00eenregistreaz\u0103 nivelurile de energie, care sunt apoi procesate \u0219i ofer\u0103 informa\u021bii vizuale despre starea de s\u0103n\u0103tate a utilizatorului pe ecranul dispozitivului. Dispozitivul poate oferi informa\u021bii despre diver\u0219i indicatori, cum ar fi nivelurile de energie din organe, deficien\u021be nutri\u021bionale, niveluri de toxine \u0219i metaboli\u021bi, dezechilibre ale sistemului energetic \u0219i multe altele. Utilizatorul poate primi, de asemenea, o analiz\u0103 detaliat\u0103 \u0219i sugestii pentru \u00eembun\u0103t\u0103\u021birea stilului de via\u021b\u0103 \u0219i a alimenta\u021biei s\u0103n\u0103toase.<\/p>\n<p>Acest dispozitiv este util \u00een special pentru persoanele care sunt interesate \u00een men\u021binerea s\u0103n\u0103t\u0103\u021bii \u0219i vie\u021bii optime, dorind s\u0103-\u0219i monitorizeze corpul \u0219i s\u0103-l fac\u0103 s\u0103 func\u021bioneze c\u00e2t mai eficient posibil. Folosind analizorul cuantic cu senzori din palm\u0103, utilizatorii pot primi informa\u021bii \u0219i \u00eendrum\u0103ri pentru a preveni bolile \u0219i pentru a-\u0219i \u00eembun\u0103t\u0103\u021bi bun\u0103starea fizic\u0103 \u0219i emo\u021bional\u0103.<\/p>\n<p>Bioscannerul nu este un dispozitiv medical. Pentru diagnosticare, contacta\u021bi speciali\u0219ti.<\/p>\n","protected":false},"featured_media":5306,"comment_status":"closed","ping_status":"closed","template":"","meta":{"_acf_changed":false,"_seopress_robots_primary_cat":"none","_seopress_titles_title":"","_seopress_titles_desc":"","_seopress_robots_index":""},"product_brand":[],"product_cat":[5141],"product_tag":[5174],"class_list":{"0":"post-14427","1":"product","2":"type-product","3":"status-publish","4":"has-post-thumbnail","6":"product_cat-echipament-de-diagnosticare","7":"product_tag-nachalna-stranitsa-ro","8":"pa_garantsia-24-ro","9":"pa_oldid-409-ro","10":"pa_oldurlbg-https-www-infozdrave-com-bioskener-sas-senzori-za-dlanta-ot-6-to-pokolenie-ro","11":"pa_oldurlel-https-www-infozdrave-com-bioscanner----6--ro","12":"pa_oldurlen-https-www-infozdrave-com-bioscanner-with-palm-sensors-6th-generation-ro","13":"pa_oldurlro-https-www-infozdrave-com-bioscaner-cu-senzori-din-palma-a-sasea-generatie-ro","14":"pif-has-gallery","16":"first","17":"instock","18":"purchasable","19":"product-type-simple"},"acf":[],"_links":{"self":[{"href":"https:\/\/www.infozdrave.com\/ro\/wp-json\/wp\/v2\/product\/14427","targetHints":{"allow":["GET"]}}],"collection":[{"href":"https:\/\/www.infozdrave.com\/ro\/wp-json\/wp\/v2\/product"}],"about":[{"href":"https:\/\/www.infozdrave.com\/ro\/wp-json\/wp\/v2\/types\/product"}],"replies":[{"embeddable":true,"href":"https:\/\/www.infozdrave.com\/ro\/wp-json\/wp\/v2\/comments?post=14427"}],"wp:featuredmedia":[{"embeddable":true,"href":"https:\/\/www.infozdrave.com\/ro\/wp-json\/wp\/v2\/media\/5306"}],"wp:attachment":[{"href":"https:\/\/www.infozdrave.com\/ro\/wp-json\/wp\/v2\/media?parent=14427"}],"wp:term":[{"taxonomy":"product_brand","embeddable":true,"href":"https:\/\/www.infozdrave.com\/ro\/wp-json\/wp\/v2\/product_brand?post=14427"},{"taxonomy":"product_cat","embeddable":true,"href":"https:\/\/www.infozdrave.com\/ro\/wp-json\/wp\/v2\/product_cat?post=14427"},{"taxonomy":"product_tag","embeddable":true,"href":"https:\/\/www.infozdrave.com\/ro\/wp-json\/wp\/v2\/product_tag?post=14427"}],"curies":[{"name":"wp","href":"https:\/\/api.w.org\/{rel}","templated":true}]}}