{"id":14452,"date":"2023-07-24T23:58:34","date_gmt":"2023-07-24T20:58:34","guid":{"rendered":"https:\/\/www.infozdrave.com\/p\/bioscaner-cu-senzori-din-palma-a-6-a-generatie-model-portabil\/"},"modified":"2023-10-30T12:00:27","modified_gmt":"2023-10-30T10:00:27","slug":"bioscaner-cu-senzori-din-palma-a-6-a-generatie-model-portabil","status":"publish","type":"product","link":"https:\/\/www.infozdrave.com\/ro\/pr\/bioscaner-cu-senzori-din-palma-a-6-a-generatie-model-portabil\/","title":{"rendered":"Bioscaner cu senzori din palm\u0103 a 6-a genera\u021bie - model portabil"},"content":{"rendered":"<p>Bioanalizator de rezonan\u021b\u0103 magnetic\u0103 \u0219i meridian. Analgezia cuantic\u0103 de a \u0219asea genera\u021bie. Software actualizat cu 43 de fi\u0219iere.<\/p>\n<p>Diagnosticare computerizat\u0103 pentru starea de s\u0103n\u0103tate a pacientului.<\/p>\n<p>Urm\u0103toarea genera\u021bie de analizoare cuantice \u00een limba bulgar\u0103 (a \u0219asea genera\u021bie). Model 2021.<\/p>\n<p>Software-ul este tradus complet \u00een limba bulgar\u0103, care include un total de 43 de texte sau peste 295 de rezultate.<\/p>\n<p>Posibilitatea de a actualiza software-ul atunci c\u00e2nd sunt lansate noi fi\u0219iere suplimentare sau corectice.<\/p>\n<p>Acest model nu are m\u00e2nerele cunoscute \u00een prezent. Senzorii sunt integra\u021bi \u00een dispozitivul propriu-zis \u0219i examinarea se face prin plasarea palmei m\u00e2inii pe locul desemnat.<\/p>\n<h3><strong>CARACTERISTICI:<\/strong><\/h3>\n<ul>\n<li>Lungime: 20 cm.<\/li>\n<li>Latime: 22 cm.<\/li>\n<li>Grosime: 4 cm.<\/li>\n<li>Greutate: 0,345 kg.<\/li>\n<\/ul>\n<h3><strong>SETUL CON\u021aINE:<\/strong><\/h3>\n<ul>\n<li>Analizor cuantic genera\u021bia a 6-a - 1 buc.<\/li>\n<li>CD cu software integral \u00een limba bulgar\u0103, versiunea 4.7.0.<\/li>\n<li>Unitate flash USB - cheie de decriptare criptat\u0103 pentru activarea software - 1 buc.<\/li>\n<li>Cablu USB pentru conectarea la un computer (cablu de alimentare) - 1 buc.<\/li>\n<li>Instruc\u021biuni \u00een bulgar\u0103 \u0219i englez\u0103<\/li>\n<li>Geant\u0103 convenabil\u0103 pentru depozitare \u0219i transport \u00een siguran\u021b\u0103 - 1 buc.<\/li>\n<\/ul>\n<p><strong>Origine:<\/strong>\u00a0China<\/p>\n<p><strong>Perioada de garan\u021bie:<\/strong>\u00a024 luni<\/p>\n","protected":false},"excerpt":{"rendered":"<h2 style=\"text-align: center;\"><strong>BIOSCANNER CU SENSORI DE PALMA GENERATIA A 6-A - MODEL PORTAT<\/strong><\/h2>\n<p>Dispozitivul \u201eAnalizor cuantic\u201d este instrumentul electronic cel mai avansat din punct de vedere tehnologic pentru verificarea st\u0103rii de s\u0103n\u0103tate a organismului uman.<\/p>\n<p>Bazat teoretic pe inova\u021bia \u00een medicina cuantic\u0103, bioscannerul folose\u0219te cele mai recente progrese \u00een tehnologia electronic\u0103 pentru a m\u0103sura \u0219i analiza c\u00e2mpul magnetic slab al corpului uman. Pe baza acestei analize, ofer\u0103 starea de s\u0103n\u0103tate a organismului \u0219i zonele cu probleme \u00een stadiul incipient. Medicina, bio-informatica, inginerie electric\u0103 \u0219i alte domenii moderne sunt integrate \u00een bioscaner.<\/p>\n<p>Cercet\u0103rile arat\u0103 c\u0103 \u00een aproximativ un minut, din palma m\u00e2inii vor fi ob\u021binute peste 245 de indicatori ai s\u0103n\u0103t\u0103\u021bii tale. Ei raporteaz\u0103 cele mai evidente semne de schimbare celular\u0103 \u00een organe \u0219i \u021besuturi, ceea ce face posibil\u0103 efectuarea cercet\u0103rilor medicale \u00eentr-o zon\u0103 precis definit\u0103. Chiar dac\u0103 exist\u0103 celule unice cu modific\u0103ri patologice, acest bioanalizator de rezonan\u021b\u0103 magnetic\u0103 poate detecta modific\u0103rile acestor celule \u0219i poate prezice boala, ceea ce ofer\u0103 astfel posibilitatea prevenirii diferitelor boli cronice.<\/p>\n<p>Metoda de diagnostic prin rezonan\u021b\u0103 magnetic\u0103 este complex\u0103, neinvaziv\u0103, practic\u0103, u\u0219oar\u0103, rapid\u0103 \u0219i eficient\u0103.<\/p>\n<p>C\u00e2nd s\u0103n\u0103tatea noastr\u0103 nu este \u00een stare bun\u0103, organismul nostru sufer\u0103 automat sub form\u0103 de oboseal\u0103 u\u0219oar\u0103, durere, cefalee, insomnie, lips\u0103 de poft\u0103 de m\u00e2ncare, depresie, anxietate etc. Cei care au aceste simptome nu sunt s\u0103n\u0103to\u0219i. Potrivit datelor Organiza\u021biei Mondiale a S\u0103n\u0103t\u0103\u021bii, 10% dintre decesele din lume apar\u021bin acestui grup. De aceea se spune mai des c\u0103 viitorul este \u00een \u00eentregime \u00een diagnosticul profilactic al s\u0103n\u0103t\u0103\u021bii.<\/p>\n<h2><strong>PRINCIPIILE DE OPERARE:<\/strong><\/h2>\n<p>Corpul uman este format dintr-o multitudine de celule care se contract\u0103, cresc \u0219i mor continuu.<br \/>\nCelulele sunt re\u00eennoite prin diviziune.<br \/>\n\u00cen fiecare secund\u0103, aproximativ 25 de milioane de celule se divid\u00a0\u0219i \u00een fiecare minut aproximativ 100 de milioane de celule primare se re\u00eennoiesc. La \u00eenceputul diviziunii \u0219i re\u00eennoirii celulei, unitatea principal\u0103 a celulei este nucleul \u0219i electronii, care se mi\u0219c\u0103 \u0219i modific\u0103 sarcina electric\u0103, emi\u021b\u00e2nd unde electrice putrede neradiante.<br \/>\nSemnalele undelor electromagnetice sunt diferite pentru s\u0103n\u0103tate, boal\u0103, durere etc.<br \/>\nBiosistemul de diagnosticare a problemelor de s\u0103n\u0103tate este un instrument nou creat pentru a analiza aceste schimb\u0103ri.<\/p>\n<p>Frecven\u021ba magnetic\u0103 slab\u0103 \u0219i energia corpului uman sunt detectate de senzor, iar dup\u0103 amplificare \u0219i procesare datele sunt comparate cu standardul de boli, nutri\u021bie \u0219i al\u021bi indicatori pentru a determina dac\u0103 undele magnetice au deflexie, folosind metoda Fourier. Aceast\u0103 metod\u0103 de analiz\u0103 este nou\u0103, rapid\u0103, precis\u0103 \u0219i potrivit\u0103 \u00een special pentru monitorizarea rezultatelor tratamentului \u00een medicin\u0103.<\/p>\n<p>Bioanalizatorul raporteaz\u0103 mai mult de 30 de puncte diferite de analiz\u0103, inclusiv compozi\u021bia cardiovascular\u0103 \u0219i cerebrovascular\u0103, densitatea mineral\u0103 osoas\u0103, oligoelemente, plumb \u00een urin\u0103, reumatism, pl\u0103m\u00e2ni \u0219i tractul respirator, nefropatie, zah\u0103r din s\u00e2nge, stomac \u0219i intestine, ficat \u0219i vezica biliar\u0103, nervi pancreatici. , ginecologie, prostat\u0103, boli osoase, oligoelemente seleniu, fier, zinc \u0219i calciu etc.<br \/>\nBaza de date a sistemului de analiz\u0103 este verificat\u0103 cu metode cheie, cum ar fi statisticile de tratament \u0219i s\u0103n\u0103tate, analiza unui num\u0103r mare de cazuri clinice, ceea ce duce la cea mai mare acurate\u021be a analizei.<\/p>\n<p>Bioscannerul nu este un dispozitiv medical. Pentru diagnosticare, contacta\u021bi speciali\u0219ti.<\/p>\n","protected":false},"featured_media":5331,"comment_status":"closed","ping_status":"closed","template":"","meta":{"_acf_changed":false,"_seopress_robots_primary_cat":"none","_seopress_titles_title":"","_seopress_titles_desc":"","_seopress_robots_index":""},"product_brand":[],"product_cat":[5141],"product_tag":[],"class_list":{"0":"post-14452","1":"product","2":"type-product","3":"status-publish","4":"has-post-thumbnail","6":"product_cat-echipament-de-diagnosticare","7":"pa_garantsia-24-ro","8":"pa_oldid-410-ro","9":"pa_oldurlbg-https-www-infozdrave-com-bioskener-sas-senzori-za-dlanta-ot-6-to-pokolenie-portativen-model-ro","10":"pa_oldurlel-https-www-infozdrave-com-bioscanner----6--ro","11":"pa_oldurlen-https-www-infozdrave-com-bioscanner-with-palm-sensors-6th-generation-portable-model-ro","12":"pa_oldurlro-https-www-infozdrave-com-bioscaner-cu-senzori-din-palma-a-6-a-generatie-model-portabil-ro","13":"pif-has-gallery","15":"first","16":"instock","17":"purchasable","18":"product-type-simple"},"acf":[],"_links":{"self":[{"href":"https:\/\/www.infozdrave.com\/ro\/wp-json\/wp\/v2\/product\/14452","targetHints":{"allow":["GET"]}}],"collection":[{"href":"https:\/\/www.infozdrave.com\/ro\/wp-json\/wp\/v2\/product"}],"about":[{"href":"https:\/\/www.infozdrave.com\/ro\/wp-json\/wp\/v2\/types\/product"}],"replies":[{"embeddable":true,"href":"https:\/\/www.infozdrave.com\/ro\/wp-json\/wp\/v2\/comments?post=14452"}],"wp:featuredmedia":[{"embeddable":true,"href":"https:\/\/www.infozdrave.com\/ro\/wp-json\/wp\/v2\/media\/5331"}],"wp:attachment":[{"href":"https:\/\/www.infozdrave.com\/ro\/wp-json\/wp\/v2\/media?parent=14452"}],"wp:term":[{"taxonomy":"product_brand","embeddable":true,"href":"https:\/\/www.infozdrave.com\/ro\/wp-json\/wp\/v2\/product_brand?post=14452"},{"taxonomy":"product_cat","embeddable":true,"href":"https:\/\/www.infozdrave.com\/ro\/wp-json\/wp\/v2\/product_cat?post=14452"},{"taxonomy":"product_tag","embeddable":true,"href":"https:\/\/www.infozdrave.com\/ro\/wp-json\/wp\/v2\/product_tag?post=14452"}],"curies":[{"name":"wp","href":"https:\/\/api.w.org\/{rel}","templated":true}]}}