{"id":15527,"date":"2023-08-11T12:34:19","date_gmt":"2023-08-11T09:34:19","guid":{"rendered":"https:\/\/www.infozdrave.com\/?post_type=product&#038;p=15527"},"modified":"2024-06-29T13:36:24","modified_gmt":"2024-06-29T10:36:24","slug":"vasul-cantator-tibetan-antic-om","status":"publish","type":"product","link":"https:\/\/www.infozdrave.com\/ro\/pr\/vasul-cantator-tibetan-antic-om\/","title":{"rendered":"Vasul c\u00e2nt\u0103tor tibetan antic OM"},"content":{"rendered":"<p id=\"yui_3_12_0_1_1691746673198_751\">Bolurile cantatoare realizate manual sunt numite si boluri vindecatoare. Acestea sunt realizate dintr-un aliaj de \u0219apte metale diferite conectate la \u0219apte planete astrologice care creeaz\u0103 un num\u0103r de sunete \u0219i nuan\u021be diferite. Cele \u0219apte metale sunt: \u200b\u200baurul, argintul, mercurul, cuprul, fierul, zincul \u0219i alama \u0219i sunt reprezentate ca 7 influen\u021be planetare diferite:<\/p>\n<ul id=\"yui_3_12_0_1_1691746673198_748\">\n<li id=\"yui_3_12_0_1_1691746673198_750\">Aurul = Soarele.<\/li>\n<li id=\"yui_3_12_0_1_1691746673198_747\">Argint = Luna<\/li>\n<li id=\"yui_3_12_0_1_1691746673198_749\">Mercur = Mercur<\/li>\n<li id=\"yui_3_12_0_1_1691746673198_753\">Drag\u0103 = Venus<\/li>\n<li>Fier = Marte<\/li>\n<li id=\"yui_3_12_0_1_1691746673198_754\">Zinc = Jupiter<\/li>\n<li id=\"yui_3_12_0_1_1691746673198_755\">Alam\u0103 = Saturn<\/li>\n<\/ul>\n<p id=\"yui_3_12_0_1_1691746673198_756\"><strong>Beneficiile bolului c\u00e2nt\u0103tor:<\/strong><\/p>\n<ul id=\"yui_3_12_0_1_1691746673198_758\">\n<li id=\"yui_3_12_0_1_1691746673198_757\">Bolul c\u00e2nt\u0103tor creeaz\u0103 o pulsa\u021bie de sunet care ne afecteaz\u0103 creierul.<\/li>\n<li id=\"yui_3_12_0_1_1691746673198_759\">Bolul c\u00e2nt\u0103tor determin\u0103 \u00een mod natural chakrele s\u0103 se autoregleze. Sunetul \u0219i vibra\u021biile efectueaz\u0103 frecven\u021be corective c\u0103tre chakrele dezechilibrate, readuc\u00e2ndu-le la func\u021bionarea normal\u0103.<\/li>\n<li id=\"yui_3_12_0_1_1691746673198_760\">Reduce stresul, anxietatea, furia, tensiunea arterial\u0103, \u00eembun\u0103t\u0103\u021be\u0219te circula\u021bia \u0219i cre\u0219te fluxul sanguin.<\/li>\n<li>Ne conduce la o relaxare profund\u0103, cre\u0219te claritatea mental\u0103 \u0219i emo\u021bional\u0103, promoveaz\u0103 pacea, fericirea \u0219i bun\u0103starea.<\/li>\n<li id=\"yui_3_12_0_1_1691746673198_761\">Stimuleaz\u0103 sistemul imunitar la persoanele care mediteaz\u0103.<\/li>\n<\/ul>\n<p><strong>Joac\u0103 un castron de c\u00e2ntat:<\/strong><\/p>\n<ul id=\"yui_3_12_0_1_1691746673198_763\">\n<li id=\"yui_3_12_0_1_1691746673198_762\">Mai \u00eent\u00e2i, a\u0219eza\u021bi vasul pe palma m\u00e2inii. Nu-l atinge\u021bi lateral sau \u021bine\u021bi-l cu degetele.<\/li>\n<li id=\"yui_3_12_0_1_1691746673198_766\">Loveste vasul cu ciocanul, incepe sa scoata un sunet. Acum freca\u021bi \u00eencet ciocanul \u00een jurul bolului cu o vitez\u0103 constant\u0103. M\u0103ri\u021bi cu aten\u021bie viteza atunci c\u00e2nd bolul \u00eencepe s\u0103 vibreze. Pute\u021bi cre\u0219te sau reduce tonul \u00een func\u021bie de nevoile dvs.<\/li>\n<li id=\"yui_3_12_0_1_1691746673198_765\">Pute\u021bi produce sunet \u0219i vibra\u021bii doar lovind bolul.<\/li>\n<\/ul>\n<p id=\"yui_3_12_0_1_1691746673198_764\">Bolurile de c\u00e2ntat sunt folosite \u00een toat\u0103 lumea pentru medita\u021bie, muzic\u0103, relaxare \u0219i bun\u0103stare personal\u0103. Bolul de c\u00e2ntat este fabricat \u00een Asia, \u00een special \u00een Nepal. \u00cen unele practici budiste, bolul c\u00e2nt\u0103tor este folosit ca un semnal pentru a \u00eencepe \u0219i medita\u021bia lini\u0219tit\u0103. Boluri de c\u00e2ntat sunt produse \u0219i ast\u0103zi \u00een moduri tradi\u021bionale, \u00een combina\u021bie cu tehnici moderne. Bolurile noi pot fi simple sau decorate. Uneori se disting prin iconografie religioas\u0103 \u0219i prin motive \u0219i simboluri spirituale, precum mantra tibetan\u0103 Om mani padme hum, imagini ale lui Buddha sau alte zeit\u0103\u021bi.<\/p>\n","protected":false},"excerpt":{"rendered":"<div id=\"yui_3_12_0_1_1691746673198_699\" class=\"summary\">\n<p id=\"yui_3_12_0_1_1691746673198_700\">Castron de c\u00e2ntat tibetan antic.<\/p>\n<ul id=\"yui_3_12_0_1_1691746673198_702\">\n<li id=\"yui_3_12_0_1_1691746673198_704\">Pern\u0103 din \u021bes\u0103tur\u0103 tibetan\u0103 \u00een form\u0103 de inel<\/li>\n<li id=\"yui_3_12_0_1_1691746673198_705\">ciocan realizat manual din lemn de trandafir.<\/li>\n<li id=\"yui_3_12_0_1_1691746673198_706\">Origine: Nepal<\/li>\n<\/ul>\n<\/div>\n","protected":false},"featured_media":15224,"comment_status":"open","ping_status":"closed","template":"","meta":{"_acf_changed":false,"_seopress_robots_primary_cat":"","_seopress_titles_title":"","_seopress_titles_desc":"","_seopress_robots_index":""},"product_brand":[],"product_cat":[15],"product_tag":[5174],"class_list":{"0":"post-15527","1":"product","2":"type-product","3":"status-publish","4":"has-post-thumbnail","6":"product_cat-uncategorized","7":"product_tag-nachalna-stranitsa-ro","8":"pif-has-gallery","10":"first","11":"instock","12":"shipping-taxable","13":"product-type-simple"},"acf":[],"_links":{"self":[{"href":"https:\/\/www.infozdrave.com\/ro\/wp-json\/wp\/v2\/product\/15527","targetHints":{"allow":["GET"]}}],"collection":[{"href":"https:\/\/www.infozdrave.com\/ro\/wp-json\/wp\/v2\/product"}],"about":[{"href":"https:\/\/www.infozdrave.com\/ro\/wp-json\/wp\/v2\/types\/product"}],"replies":[{"embeddable":true,"href":"https:\/\/www.infozdrave.com\/ro\/wp-json\/wp\/v2\/comments?post=15527"}],"wp:featuredmedia":[{"embeddable":true,"href":"https:\/\/www.infozdrave.com\/ro\/wp-json\/wp\/v2\/media\/15224"}],"wp:attachment":[{"href":"https:\/\/www.infozdrave.com\/ro\/wp-json\/wp\/v2\/media?parent=15527"}],"wp:term":[{"taxonomy":"product_brand","embeddable":true,"href":"https:\/\/www.infozdrave.com\/ro\/wp-json\/wp\/v2\/product_brand?post=15527"},{"taxonomy":"product_cat","embeddable":true,"href":"https:\/\/www.infozdrave.com\/ro\/wp-json\/wp\/v2\/product_cat?post=15527"},{"taxonomy":"product_tag","embeddable":true,"href":"https:\/\/www.infozdrave.com\/ro\/wp-json\/wp\/v2\/product_tag?post=15527"}],"curies":[{"name":"wp","href":"https:\/\/api.w.org\/{rel}","templated":true}]}}