{"id":17048,"date":"2023-10-18T12:16:19","date_gmt":"2023-10-18T09:16:19","guid":{"rendered":"https:\/\/www.infozdrave.com\/?post_type=product&#038;p=17048"},"modified":"2023-11-27T00:00:34","modified_gmt":"2023-11-26T22:00:34","slug":"aparat-de-masaj-pneumatic-pentru-picioare-cu-perna-de-aer-masaj-vibratie-si-incalzire-kopie","status":"publish","type":"product","link":"https:\/\/www.infozdrave.com\/ro\/pr\/aparat-de-masaj-pneumatic-pentru-picioare-cu-perna-de-aer-masaj-vibratie-si-incalzire-kopie\/","title":{"rendered":"Pneumatic aparat pentru masaj pe picioarele cu aer pern\u0103 , vibra\u021bii \u0219i \u00eenc\u0103lzire"},"content":{"rendered":"<h2><strong>Pneumatic aparat pentru masaj pe picioarele cu aer pern\u0103 , vibra\u021bii \u0219i \u00eenc\u0103lzire<\/strong><\/h2>\n<p>Pneumatic aparat pentru masaj piciorul este destinat da asist\u0103 relaxare pe mu\u015fchii pe vi\u021bel \u0219i u\u0219ureaz\u0103 pe oboseala pe picioarele . Cel fierbinte comprima exist\u0103 mult bun lini\u015ftitor efect la umfl\u0103tur\u0103 pe vi\u021belul sau muscular dureri dup\u0103 \u00eenc\u0103rcare . Combinat cu aer perne \u0219i vibra\u021bii , el poart\u0103 complet gamma din Grozav experienta .<\/p>\n<h3><strong>Mecanism pe ac\u021biune<\/strong><\/h3>\n<p>Se umfl\u0103 \u0219i se dezumfl\u0103 cu mai multe camere aerian perne secven\u0163ial prin vibra\u021bie , creeaz\u0103 presiune pe membre \u0219i \u021besuturi , se extinde vase de s\u00e2nge vase , se \u00eembun\u0103t\u0103\u021be\u0219te localul alimentarea cu s\u00e2nge \u0219i alimenta\u021bia se \u00eembun\u0103t\u0103\u021be\u0219te vitalitate si elasticitate tesuturile .<\/p>\n<h3><strong>Caracteristic\u0103<\/strong><\/h3>\n<ul>\n<li>U\u015for de lucru , \u00eencepe cu unul cheie .<\/li>\n<li>Pe calea aerului pern\u0103 \u0219i vibra\u021bii masaj mu\u015fchii \u00een toate direc\u021bii .<\/li>\n<li>45-55 \u00b0C fierbinte comprima din al treilea nivel , asist\u0103 circula\u021bia s\u00e2ngelui , amelioreaz\u0103 muscular dureri .<\/li>\n<li>Se poate da Tot se combin\u0103 cu diferite moduri pe munce\u0219te \u0219i poate da Tot reglementeaz\u0103 indiferent conform nevoile .<\/li>\n<li>Produsul poate sa da Tot utiliz\u0103ri independent sau pe ambii picioare .<\/li>\n<li>Capacitate pe baterie : 1800 mA, nominal\u0103 putere : 7,5 W, nominal\u0103 tensiune : 5V<\/li>\n<li>Durat\u0103 pe masaj : 15 minute<\/li>\n<\/ul>\n<p>Not\u0103 : Acesta produsul este re\u00eenc\u0103rcabil produs \u0219i este compatibil cu interfa\u021ba TYPE-C \u00eenc\u0103rcarea .<\/p>\n<h3><strong>Aten\u021bie m\u0103suri utilizare secundar\u0103 pe\u00a0Cel pneumatic aparat pentru masaj pe picioarele cu aer pern\u0103 , vibra\u021bii \u0219i \u00eenc\u0103lzire<\/strong><\/h3>\n<ul>\n<li>Aceasta produs Nu poate sa da Tot folose\u0219te \u00een timp ce _ Tot \u00eenc\u0103rcare .<\/li>\n<li>C\u00e2nd Nu Tot folose\u0219te , v\u0103 rug\u0103m s\u0103 ap\u0103sa\u021bi _ continuu butonul pentru sursa de alimentare , pt da stinge ;<\/li>\n<li>Po timp pe folose\u0219te dac\u0103 _ tu vrei da Stop da aceasta tu folose\u0219ti , mai \u00eent\u00e2i opri\u021bi sursa de alimentare ;<\/li>\n<li>Nu utilizare Aceasta produs \u00een timp ce _ conduci ;<\/li>\n<li>Nu utilizare Aceasta produs \u00een timp ce _ dormi _<\/li>\n<li>Neprofesionist personal Nu trebuie sa da dezasambla sau reparatii<\/li>\n<li>produs f\u0103r\u0103 permisiunea ;<\/li>\n<li>Nu foloseste cand _ ap\u0103 sau al\u021bii lichide cad in aceasta produs ;<\/li>\n<li>Nu foloseste cand _ produsul Nu a reactionat corect ;<\/li>\n<li>Dac\u0103 simt niste disconfort , va rog imediat _ Stop da s\u0103 utiliza\u021bi Aceasta produs ;<\/li>\n<li>Nu loc produsul pe un loc unde este inflamabil , exploziv ,<\/li>\n<li>In contact cu substanta chimica substante sau apa ;<\/li>\n<li>Gravid\u0103 sau femeile \u00een travaliu da Nu utiliza\u021bi aparatul de masaj;<\/li>\n<\/ul>\n","protected":false},"excerpt":{"rendered":"<h2 style=\"text-align: center;\"><strong>Maser pneumatic pt picioarele cu aer pern\u0103 , masaj , vibra\u021bii <\/strong><strong>\u0219i \u00eenc\u0103lzirea<\/strong><\/h2>\n<p>&nbsp;<\/p>\n<p>Masajul pneumatic pentru piciorul este inovator un dispozitiv care promo\u021bii cuprinz\u0103toare \u00eengrijire pentru obosit picioare \u0219i ridic\u0103ri placerea din masajul . Aceasta oferte de tip de masaj combina\u0163ie din pneumatic masaj , vibra\u021bii \u0219i \u00eenc\u0103lzire , care ei ajut\u0103 pentru reducere pe stres \u0219i tensiune \u00een picioare \u0219i ajutor relaxarea . Masajul pneumatic reprezinta idealul dispozitiv pentru relaxare si ingrijire pentru a ta picioare . Combinatia din pneumatic masaj , vibra\u021bii \u0219i \u00eenc\u0103lzire prevede \u00een mod eficient tratament si relaxare pe obosit \u0219i \u00eencordat muschii . Cel obi\u0219nuit utilizare pe acest masaj poate da Ajutor pentru \u00eembun\u0103t\u0103\u0163ire pe circulatie , facilitatoare pe Indep\u0103rtarea pe acumulate toxine \u0219i \u00eembun\u0103t\u0103\u021bire pe stima de sine .<\/p>\n<p>Masajul pneumatic pentru picioare lucr\u0103ri pe principiul pe aerian compresie . Este dotat cu perne care _ _ Tot umfla\u021bi \u0219i dezumfla\u021bi la r\u00e2nd zone pe picioarele . Acest creeaz\u0103 \u00een mod eficient \u00eentindere \u0219i relaxare pe mu\u015fchii care _ stimuleaz\u0103 circulatia ajuta _ pentru mai rapid \u00eendep\u0103rtare pe acumulate de\u0219euri \u0219i toxine . Aceasta tip masaj de multe ori exist\u0103 diferit Set\u0103ri pentru intensitatea pe compresie \u0219i eliberare pe pernele , care permite pe utilizatorul da alege nivelul pe masaj care _ a lui se potriveste cel mai bun .<\/p>\n<p>\u00cen plus la cea pneumatic\u0103 masaj , aparatul ofera si vibratii . ei completa efectul pe masaj , ca \u00een plus stimula muschii si faciliteaza relaxare ei . Vibra\u021biile ei pot da fi \u00eenfiin\u021bat pe diferit niveluri pe intensitate , \u00een func\u021bie din preferin\u021be pe utilizatorul .<\/p>\n<p>\u00cenc\u0103lzirea este alta important func\u0163ie pe acest aparat de masaj. Cel bl\u00e2nd incalzire pe picioarele ajut\u0103 pentru expansiune pe vase de s\u00e2nge vaselor \u015fi cre\u015fte pe circulatia sangelui . Acest lucru este special util pentru oamenii care _ suferi din rece picioare sau Tot nevoie din u\u0219urare pe dureroas\u0103 \u0219i inflamat\u0103 muschii .<\/p>\n<p>Utilizarea pe masajul pneumatic pentru picioarele cu aer o pern\u0103 exist\u0103 multitudine beneficii pentru sanatate . \u00cen primul r\u00e2nd , el ajut\u0103 pentru reducere pe durere \u0219i tensiune \u00een picioare . Ca se relaxeaz\u0103 muschii si stimuleaza circula\u021bia s\u00e2ngelui , aparatul de masaj se \u00eembun\u0103t\u0103\u021be\u0219te tangibil stima de sine \u0219i starea de spirit pe utilizatorul . Cu exceptia asta , obi\u0219nuit utilizare pe un astfel de masaj poate da Ajutor pentru prevenirea pe boli \u0219i afec\u021biuni legate de picioare , cum ar fi de exemplu umflat \u0219i m\u0103rit vene .<\/p>\n<h2><strong>Caracteristica :<\/strong><\/h2>\n<p>- U\u015for de lucru , \u00eencepe cu unul cheie .<\/p>\n<p>- Pe calea aerului pern\u0103 \u0219i vibra\u021bii masaj mu\u015fchii \u00een toate direc\u021bii .<\/p>\n<p>- 45-55 \u00b0C fierbinte comprima din al treilea nivel , asist\u0103 circula\u021bia s\u00e2ngelui , amelioreaz\u0103 muscular dureri .<\/p>\n<p>- Po\u0163i da Tot se combin\u0103 cu diferite moduri pe munce\u0219te \u0219i poate da Tot reglementeaz\u0103 indiferent conform nevoile .<\/p>\n<p>- Produsul poate sa da Tot utiliz\u0103ri independent sau pe ambii picioare .<\/p>\n<p>- Capacitate pe baterie : 1800 mA, nominal\u0103 putere : 7,5 W, nominal\u0103 tensiune : 5V<\/p>\n<p>- Durata pe masaj : 15 minute<\/p>\n<p>Not\u0103 : Acesta produsul este re\u00eenc\u0103rcabil produs \u0219i este compatibil cu interfa\u021ba TYPE-C \u00eenc\u0103rcarea . Este inclusa in set USB cablu .<\/p>\n<h2><strong>Preg\u0103tit masuri :<\/strong><\/h2>\n<ul>\n<li>Aceasta produs Nu poate sa da Tot folose\u0219te \u00een timp ce _ Tot \u00eenc\u0103rcare .<\/li>\n<li>C\u00e2nd Nu Tot folose\u0219te , v\u0103 rug\u0103m s\u0103 ap\u0103sa\u021bi _ continuu butonul pentru sursa de alimentare , pt da stinge ;<\/li>\n<li>Po timp pe folose\u0219te dac\u0103 _ tu vrei da Stop da aceasta tu folose\u0219ti , mai \u00eent\u00e2i opri\u021bi sursa de alimentare ;<\/li>\n<li>Nu utilizare Aceasta produs \u00een timp ce _ conduci ;<\/li>\n<li>Nu utilizare Aceasta produs \u00een timp ce _ dormi _<\/li>\n<li>Neprofesionist personal Nu trebuie sa da dezasambla sau reparatii<\/li>\n<li>produs f\u0103r\u0103 permisiunea ;<\/li>\n<li>Nu foloseste cand _ ap\u0103 sau al\u021bii lichide cad in aceasta produs ;<\/li>\n<li>Nu foloseste cand _ produsul Nu a reactionat corect ;<\/li>\n<li>Dac\u0103 simt niste disconfort , va rog imediat _ Stop da s\u0103 utiliza\u021bi Aceasta produs ;<\/li>\n<li>Nu loc produsul pe un loc unde este inflamabil , exploziv ,<\/li>\n<li>in contact cu substanta chimica substante sau apa ;<\/li>\n<li>Gravid\u0103 sau femeile \u00een travaliu da Nu utiliza\u021bi aparatul de masaj;<\/li>\n<li>Nu folose\u0219te dac\u0103 _ ave\u021bi boala pe oasele sau piele alergii ( de exemplu, arsuri _ sau arsuri )<\/li>\n<li>Nu atingere Aceasta produs ascutit _ instrumente pentru _ da evita daune ;<\/li>\n<\/ul>\n<p>Aceasta produs con\u0163ine litiu baterie , bateriile trebuie sa da fi \u00eendep\u0103rtat din aparatul inainte de eliminarea . C\u00e2nd scoate bateria , mai \u00eent\u00e2i opri\u021bi aparatul . Arunca bateriile conform localnicii reglementari . Bateriile Nu trebuie sa da Tot aruncat \u00een foc .<\/p>\n<h2><strong>Dispozitivul da Tot utiliza\u021bi cu crescut Aten\u0163ie sau sub Ghidul pe doctor la :<\/strong><\/h2>\n<ul>\n<li>Bolnav din cancer .<\/li>\n<li>Persoanele cu grave cordial boala sau anormal s\u00e2ngeros presiune .<\/li>\n<li>Ave\u021bi implantat dispozitiv \u00een corp ( de exemplu stimulator cardiac ) .<\/li>\n<li>Osteoporoza .<\/li>\n<\/ul>\n<p><strong>Instructiuni :<\/strong><\/p>\n<ul>\n<li>V\u0103 rug\u0103m s\u0103 verifica\u021bi _ poate aparatul de masaj da Tot a \u00eenceput inainte de folose\u0219te dac\u0103 _ nu te rog incarca _ _ _<\/li>\n<li>Separa cele lipicioase p\u0103r\u021bi pe aparatul de masaj cu velcro , deci acea produsul a fi complet desf\u0103\u015furat .<\/li>\n<li>Ata\u0219a\u021bi aparatul de masaj la vi\u021belul pe cea de jos membru ( asigur\u0103-te stii ca _ Monitorul pe lucrul principal dispozitivul este inversat jos ) \u0219i acesta regla de etan\u0219eitate , ata\u0219are velcro .<\/li>\n<li>Not\u0103 : Produsul poate sa da Tot utiliz\u0103ri prin haine .<\/li>\n<li>Dup\u0103 continuu presare pe butonul pentru sursa de alimentare , pt da pornire , soneria bipuri _ _ gazda este pe . Toate func\u021bii sunt activat de implicit , relevant indicatori pentru icoane sunt inclus - cheie pentru activare pe aer o pern\u0103 func\u021bii pentru framantare , fierbinte compresie si vibratie .<\/li>\n<li>In stare pe lansare presa butonul pentru sursa de alimentare , pt da intrerupator aer o pern\u0103 sau func\u0163ie pentru vibratie sau porni\u021bi - l in acelasi timp . La schimb pe modul , soneria emite un \u201e bip \u201d. In stare pe lansare , la fiecare presare pe butonul de temperatur\u0103 Angrenaj Tot \u00eentrerup\u0103toare odata . Ordinea este: sc\u0103zut\u0103 temperatura pe \u00eenc\u0103lzire - temperatur\u0103 medie \u00eenc\u0103lzire - temperatur\u0103 ridicat\u0103 \u00eenc\u0103lzire ( zona pentru afi\u015fa pe temperatura pe Monitorul pe afi\u0219ajul este \u00een linia LMH). \u00cen modul pe \u00eenalt Angrenaj presa butonul pentru _ da opri\u021bi functia pentru incalzirea . Cu oprit \u00eenc\u0103lzi\u021bi , ap\u0103sa\u021bi butonul pentru _ da include func\u021bia slab incalzirea .<\/li>\n<li>Dup\u0103 lansare , timpul pentru masaj de implicit este de 15 minute . Dup\u0103 ca vremea a expirat , soneria voi emis lung bip , intri \u00een stare pe oprire .<\/li>\n<li>Produsul Nu functioneaza in timp ce _ Tot \u00eenc\u0103rcare . C\u00e2nd alimentarea USB este conectat\u0103 , cele trei LED -uri se aprind clipi secven\u0163ial . C\u00e2nd bateria este \u00eenc\u0103rcat\u0103 complet \u00eenc\u0103rcat cele trei lumini LED mereu aprinde , care arat\u0103 c\u0103 _ \u00eenc\u0103rcarea este complet\u0103 .<\/li>\n<\/ul>\n<h2><strong>Cur\u0103\u021bare \u0219i \u00eentre\u021binere :<\/strong><\/h2>\n<p>Afi\u0219ajul \u0219i tastele pe lucrul principal dispozitiv trebuie sa da fi corect protejat \u0219i v\u0103 rug\u0103m s\u0103 utiliza\u021bi _ moale prosop , pentru da cur\u0103\u021b\u0103 lucrul principal dispozitiv .<\/p>\n<p>Curatenie pe zona \u021bes\u0103turii : \u021bes\u0103tura _ Nu supus\u0103 pe sp\u0103l\u0103torie . La este necesara curatenie si intretinere da s\u0103 utiliza\u021bi alcool pentru sterilizare si indepartare pe sudoare sau aceasta \u0219terge\u021bi curat umed prosop .<\/p>\n<h2><strong>Propunere pentru depozitare :<\/strong><\/h2>\n<p>V\u0103 rog s\u0103 ave\u021bi grij\u0103 Aceasta produs departe din copii , p\u0103stra\u021bi aceasta pe rece \u0219i uscat\u0103 loc , stinge sursa de alimentare c\u00e2nd Nu aceasta s\u0103 utiliza\u021bi lung timpul si acesta Salva\u021bi \u00eenc\u0103rcat pe toata lumea Dou\u0103 luna .<\/p>\n<p>Nu este medical produs . Pentru tratament urma sfaturile pe vindec\u0103torul un doctor .<\/p>\n","protected":false},"featured_media":15277,"comment_status":"closed","ping_status":"closed","template":"","meta":{"_acf_changed":false,"_seopress_robots_primary_cat":"none","_seopress_titles_title":"","_seopress_titles_desc":"","_seopress_robots_index":""},"product_brand":[],"product_cat":[15],"product_tag":[],"class_list":{"0":"post-17048","1":"product","2":"type-product","3":"status-publish","4":"has-post-thumbnail","6":"product_cat-uncategorized","7":"pif-has-gallery","9":"first","10":"instock","11":"purchasable","12":"product-type-simple"},"acf":[],"_links":{"self":[{"href":"https:\/\/www.infozdrave.com\/ro\/wp-json\/wp\/v2\/product\/17048","targetHints":{"allow":["GET"]}}],"collection":[{"href":"https:\/\/www.infozdrave.com\/ro\/wp-json\/wp\/v2\/product"}],"about":[{"href":"https:\/\/www.infozdrave.com\/ro\/wp-json\/wp\/v2\/types\/product"}],"replies":[{"embeddable":true,"href":"https:\/\/www.infozdrave.com\/ro\/wp-json\/wp\/v2\/comments?post=17048"}],"wp:featuredmedia":[{"embeddable":true,"href":"https:\/\/www.infozdrave.com\/ro\/wp-json\/wp\/v2\/media\/15277"}],"wp:attachment":[{"href":"https:\/\/www.infozdrave.com\/ro\/wp-json\/wp\/v2\/media?parent=17048"}],"wp:term":[{"taxonomy":"product_brand","embeddable":true,"href":"https:\/\/www.infozdrave.com\/ro\/wp-json\/wp\/v2\/product_brand?post=17048"},{"taxonomy":"product_cat","embeddable":true,"href":"https:\/\/www.infozdrave.com\/ro\/wp-json\/wp\/v2\/product_cat?post=17048"},{"taxonomy":"product_tag","embeddable":true,"href":"https:\/\/www.infozdrave.com\/ro\/wp-json\/wp\/v2\/product_tag?post=17048"}],"curies":[{"name":"wp","href":"https:\/\/api.w.org\/{rel}","templated":true}]}}