{"id":17472,"date":"2023-07-24T23:57:12","date_gmt":"2023-07-24T20:57:12","guid":{"rendered":"https:\/\/www.infozdrave.com\/p\/antioksidator-i-detoksikator-promotsia\/"},"modified":"2023-10-26T12:57:31","modified_gmt":"2023-10-26T09:57:31","slug":"antioksidator-i-detoksikator-promotsia","status":"publish","type":"product","link":"https:\/\/www.infozdrave.com\/ro\/pr\/antioksidator-i-detoksikator-promotsia\/","title":{"rendered":"Promovare antioxidanta si detoxifianta"},"content":{"rendered":"<h2>OFERTA PROMO - ANTIOXIDANT SI DETOXICANT LA PRET DE 1170,00 BGN!<\/h2>\n<p>&nbsp;<\/p>\n<p>SETUL CON\u021aINE:<\/p>\n<ol>\n<li>Detoxifiant<\/li>\n<li>Electrod pentru detoxifiere<\/li>\n<li>Br\u0103\u021bar\u0103 - pentru a \u00eenchide lan\u021bul<\/li>\n<li>Centura termica cu infrarosu<\/li>\n<li>Electrozi de masaj<\/li>\n<li>Cablu, cutie cu maner<\/li>\n<\/ol>\n<p>&nbsp;<\/p>\n<ol>\n<li>Antioxidant<\/li>\n<li>Electrod<\/li>\n<li>Servieta pentru depozitare<\/li>\n<li>Cablu de alimentare<\/li>\n<\/ol>\n<p>&nbsp;<\/p>\n<p>24 luni garantie pentru persoane fizice<\/p>\n<p>Origine: China<\/p>\n","protected":false},"excerpt":{"rendered":"<h2><\/h2>\n<h2><strong>BENEFICIILE ANTIOXIDANTULUI DE HIDROGEN<\/strong><\/h2>\n<ul>\n<li>\u00cencetine\u0219te \u00eemb\u0103tr\u00e2nirea \u0219i d\u0103 frumuse\u021be: terapia cu hidrogen va face pielea neted\u0103 \u0219i str\u0103lucitoare, ridurile vor fi netezite.<\/li>\n<li>Antiinflamator: reduce semnificativ deteriorarea \u0219i inflama\u021bia pielii.<\/li>\n<li>\u00cembun\u0103t\u0103\u021be\u0219te imunitatea: hidrogenul ajut\u0103 organismul s\u0103 elimine hidroxil \u0219i al\u021bi radicali liberi nocivi.<\/li>\n<li>Cercet\u0103rile arat\u0103 c\u0103 hidrogenul poate fi folosit pentru a trata o varietate de afec\u021biuni, inclusiv afec\u021biuni intestinale \u0219i stomacale, probleme ale pielii, obezitate, migrene, hipertensiune arterial\u0103, diabet \u0219i multe altele. Beneficiile sale au fost confirmate pentru accidente vasculare cerebrale, atacuri de cord, colesterol ridicat, inflama\u021bie \u0219i chiar cancer.<\/li>\n<\/ul>\n<h2><strong>BENEFICIILE DETOXICATORULUI DE IONI<\/strong><\/h2>\n<ul>\n<li>activitatea celulelor \u0219i \u021besuturilor este activat\u0103,<\/li>\n<li>sistemul imunitar este \u00eent\u0103rit,<\/li>\n<li>amelioreaz\u0103 durerea \u0219i rigiditatea articula\u021biilor,<\/li>\n<li>somnul este reglat,<\/li>\n<li>metalele grele sunt \u00eendep\u0103rtate,<\/li>\n<li>func\u021bia organelor se \u00eembun\u0103t\u0103\u021be\u0219te,<\/li>\n<li>reduce timpul de recuperare dup\u0103 boli,<\/li>\n<li>func\u021bionarea tractului gastrointestinal este stimulat\u0103,<\/li>\n<li>nivelul de radicali liberi este redus.<\/li>\n<\/ul>\n<p>Nu sunt un dispozitiv medical. Pentru tratament, urma\u021bi sfatul medicului curant.<\/p>\n<div id=\"gtx-trans\" style=\"position: absolute; left: 103px; top: 253px;\"><\/div>\n","protected":false},"featured_media":4996,"comment_status":"closed","ping_status":"closed","template":"","meta":{"_acf_changed":false,"_seopress_robots_primary_cat":"none","_seopress_titles_title":"","_seopress_titles_desc":"","_seopress_robots_index":""},"product_brand":[],"product_cat":[5252,5103],"product_tag":[],"class_list":{"0":"post-17472","1":"product","2":"type-product","3":"status-publish","4":"has-post-thumbnail","6":"product_cat-detoxifiant-ionic","7":"product_cat-dispozitiv-antioxidant","8":"pa_garantsia-24-ro","9":"pa_oldid-390-ro","10":"pa_oldurlbg-https-www-infozdrave-com-antioksidator-i-detoksikator-promociya-ro","11":"pa_oldurlel-https-www-infozdrave-com-comarticle390el-ro","12":"pa_oldurlen-https-www-infozdrave-com-comarticle390en-ro","13":"pa_oldurlro-https-www-infozdrave-com-comarticle390ro-ro","14":"pif-has-gallery","16":"first","17":"instock","18":"sale","19":"purchasable","20":"product-type-simple"},"acf":[],"_links":{"self":[{"href":"https:\/\/www.infozdrave.com\/ro\/wp-json\/wp\/v2\/product\/17472","targetHints":{"allow":["GET"]}}],"collection":[{"href":"https:\/\/www.infozdrave.com\/ro\/wp-json\/wp\/v2\/product"}],"about":[{"href":"https:\/\/www.infozdrave.com\/ro\/wp-json\/wp\/v2\/types\/product"}],"replies":[{"embeddable":true,"href":"https:\/\/www.infozdrave.com\/ro\/wp-json\/wp\/v2\/comments?post=17472"}],"wp:featuredmedia":[{"embeddable":true,"href":"https:\/\/www.infozdrave.com\/ro\/wp-json\/wp\/v2\/media\/4996"}],"wp:attachment":[{"href":"https:\/\/www.infozdrave.com\/ro\/wp-json\/wp\/v2\/media?parent=17472"}],"wp:term":[{"taxonomy":"product_brand","embeddable":true,"href":"https:\/\/www.infozdrave.com\/ro\/wp-json\/wp\/v2\/product_brand?post=17472"},{"taxonomy":"product_cat","embeddable":true,"href":"https:\/\/www.infozdrave.com\/ro\/wp-json\/wp\/v2\/product_cat?post=17472"},{"taxonomy":"product_tag","embeddable":true,"href":"https:\/\/www.infozdrave.com\/ro\/wp-json\/wp\/v2\/product_tag?post=17472"}],"curies":[{"name":"wp","href":"https:\/\/api.w.org\/{rel}","templated":true}]}}