{"id":17550,"date":"2023-07-24T23:45:41","date_gmt":"2023-07-24T20:45:41","guid":{"rendered":"https:\/\/www.infozdrave.com\/?post_type=product&#038;p=17550"},"modified":"2023-10-30T10:51:25","modified_gmt":"2023-10-30T08:51:25","slug":"cele-argintii-petice-pentru-detoxifiere","status":"publish","type":"product","link":"https:\/\/www.infozdrave.com\/ro\/pr\/cele-argintii-petice-pentru-detoxifiere\/","title":{"rendered":"Cele argintii petice pentru detoxifiere"},"content":{"rendered":"<h3><strong>Caracteristic\u0103<\/strong><\/h3>\n<ul>\n<li>Kit din plic de detoxifiant amesteca\u021bi \u0219i plasturi\u021bi<\/li>\n<li>Plicul include componente din natural ingrediente<\/li>\n<li>Certificat CE<\/li>\n<li>Plasturele este realizat din lemn 100%. mas\u0103 \u0219i este acoperit cu medical lipici<\/li>\n<li>Plasturele este natural degradabil , ecologic \u0219i nu d\u0103una pe A ta sanatate si de natur\u0103<\/li>\n<li>Permite picioarele da ei respir\u0103 , nu alergic .<\/li>\n<\/ul>\n<h3><strong>Ambalaj<\/strong><\/h3>\n<ul>\n<li>Carton cutie cu 10 plicuri \u0219i 10 plasturi pentru detoxifiere<\/li>\n<li>unu cutia este suficient\u0103 timp de 5 zile<\/li>\n<li>Cea anun\u021bat\u0103 pretul este pentru unu cutie<\/li>\n<li>Fabricat \u00een China .<\/li>\n<\/ul>\n<p>Recomandat perioad\u0103 pentru clearance-ul 15 zile . Necesar sunt 3 cutii .<\/p>\n","protected":false},"excerpt":{"rendered":"<h2 style=\"text-align: center;\"><strong>PARCURI DE DETOXIFICARE - O NOU\u0102 TENDIN\u021a\u0102 \u00ceN \u00ceNGRIJIREA DE SINE<\/strong><\/h2>\n<p>Detoxifiere , sau cur\u0103\u021barea pe corpul din toxine \u0219i nocive substan\u021be , devine extrem popular \u00een ultima vreme ani . Cel \u00een cre\u0219tere interes la cel s\u0103n\u0103tos cale pe viata , vindecare pe imun sistem \u0219i \u00eembun\u0103t\u0103\u021bire pe generalul bun\u0103stare , ghiduri aten\u021bia la diferit metode pentru detoxifiere, cum ar fi unu din cel mai folosit este prin detoxifiere petice .<\/p>\n<p>Peticele pentru detoxifiere ( Detoxifiers plasturi ) con\u0163in special amestecuri din natural ingrediente care _ Tot se lipesc la pielea pe piciorul de timp pe somn . Principiul pe ac\u021biune pe aceste patch-uri este da asista ie\u0219irea pe otr\u0103vitoare substante din corpul prin transpiratie . Corpul exist\u0103 posibilitatea numai da s\u0103 fie \u201e cur\u0103\u0163at \u201d de excesiv cantit\u0103\u021bi d\u0103un\u0103toare substan\u021be care _ se acumuleaz\u0103 zilnic .<\/p>\n<p>Aplica\u021bia pe peticele pentru detoxifiere _ unelte de confortabil \u0219i neagresiv cale . Dup\u0103 ata\u0219amentul pe plasture la pielea , el \u00eencepe da absorbi otravuri care _ ar ei ar putea da d\u0103una pe organism . Amestecuri , \u00een pachet la decorul \u00a0sunt \u00a0natural - bambus extracte , eucalipt , ceai , turmalina si altele vegetal ingrediente . El crede stii ca _ aceste natural componente ei au abilitatea da absorbi toxine si da elimina din organism acumulate renun\u021ba substante .<\/p>\n<p>Avantajele pe peticele pentru detoxifiere includ : usor folosi , mai bine somn , crescut energie \u0219i dispozi\u021bie , reduse inflama\u021bie , mai bine munc\u0103 pe organele , reducerea pe dureri corporale \u0219i \u00eembun\u0103t\u0103\u021bite _ circulatie .<\/p>\n<p>Peticele sunt pentru detoxifiere popular printre oamenii care _ c\u0103uta alternativ\u0103 metode pentru \u00eembun\u0103t\u0103\u0163ire pe generalul tu esti sanatate si detoxifiere a corpul . Opiniile pe mult oameni sunt pozitiv , ca lor ei raporteaz\u0103 pentru diferit \u00eembun\u0103t\u0103\u021biri ale s\u0103n\u0103t\u0103\u021bii stare \u0219i ridicat\u0103 capacitate de lucru dup\u0103 aplica\u021bia pe petice pentru detoxifiere.<\/p>\n<h2><strong>Compozi\u0163ie<\/strong><\/h2>\n<p>Extrage din pelin 30%, bambus o\u021bet 20%, bambus c\u0103rbune 20%, vitamina C 2%, chitin\u0103 3 %, extract din strugurii seminte 15%, extract din r\u0103d\u0103cin\u0103 pe Platycodon Grandiflorum 5% ( utiliz\u0103ri \u00een chinez\u0103 _ tradi\u0163ional medicament ), turmalina 3%, proteine pe pulbere 2%.<\/p>\n<h2><strong>Departe pe ac\u021biune<\/strong><\/h2>\n<p>Bambus acid care _ exist\u0103 proprietatea da p\u0103trunde \u0219i \u201e transport\u0103 \u201d toxinele _ in afara corp , este de baz\u0103 element din compozi\u0163ie pe autocolantele . Procesul pe reg\u0103sire pe toxinele prin pielea este asemanatoare pe osmoz\u0103 la radacinile pe plantele . Plasturele este realizat din lemn 100%. mas\u0103 \u0219i este acoperit cu medical lipici . Plasturele este natural degradabil , ecologic \u0219i nu d\u0103una pe A ta sanatate si de natura . Permite picioarele da ei respir\u0103 , nu alergic .<\/p>\n<h2><strong>Utilizare<\/strong><\/h2>\n<p>Sp\u0103la\u021bi pa\u0219i , imprima\u021bi cel transparent pachet pe autocolantul , scoate-l detoxifiere geanta \u0219i ea ata\u0219a\u021bi la cel ventilator Tot petice cu cel alb \u021bar\u0103 la picioare . Lipi\u021bi-l ea la mijloc pe piciorul.Au pus Tot seara , inainte dorm , se aprind Tot dimineata . La necesitate , dimineata pa\u0219ii Tot spala .<\/p>\n<h2><strong>Rezultate<\/strong><\/h2>\n<p>\u00cendep\u0103rtat Tot otr\u0103vuri , substan\u021be chimice , sintetice acumulate \u00een piele , eliminate Tot constipa\u021bie , se amelioreaz\u0103 Tot somn , memorie , PH mai echilibrat , calmeaz\u0103 Tot durerea , inclusiv la migren\u0103 \u0219i artrit\u0103 .<\/p>\n<h2><strong>Contraindicatii<\/strong><\/h2>\n<p>Nu este date pentru intoleranta , cu exceptia individual la orice din ingredientele pe relevante model petice pentru detoxifiere.Dac\u0103 \u00een\u0219tiin\u021bare ro\u015fea\u0163\u0103 sau o alta reac\u0163ie pe pielea , opre\u0219te-te utilizarea . Nu Tot recomanda plasarea pe r\u0103nit pielea .<\/p>\n<p>Utilizarea pe Petice pentru detoxifiere nr se stinge conformitate re\u021betele pe cel oficial medicina . Peticele pentru detoxifiere nr sunt medical produs.<\/p>\n","protected":false},"featured_media":14728,"comment_status":"closed","ping_status":"closed","template":"","meta":{"_acf_changed":false,"_seopress_robots_primary_cat":"","_seopress_titles_title":"","_seopress_titles_desc":"","_seopress_robots_index":""},"product_brand":[],"product_cat":[5106],"product_tag":[],"class_list":{"0":"post-17550","1":"product","2":"type-product","3":"status-publish","4":"has-post-thumbnail","6":"product_cat-plasturi-de-detoxifiere","7":"pif-has-gallery","9":"first","10":"outofstock","11":"product-type-simple"},"acf":[],"_links":{"self":[{"href":"https:\/\/www.infozdrave.com\/ro\/wp-json\/wp\/v2\/product\/17550","targetHints":{"allow":["GET"]}}],"collection":[{"href":"https:\/\/www.infozdrave.com\/ro\/wp-json\/wp\/v2\/product"}],"about":[{"href":"https:\/\/www.infozdrave.com\/ro\/wp-json\/wp\/v2\/types\/product"}],"replies":[{"embeddable":true,"href":"https:\/\/www.infozdrave.com\/ro\/wp-json\/wp\/v2\/comments?post=17550"}],"wp:featuredmedia":[{"embeddable":true,"href":"https:\/\/www.infozdrave.com\/ro\/wp-json\/wp\/v2\/media\/14728"}],"wp:attachment":[{"href":"https:\/\/www.infozdrave.com\/ro\/wp-json\/wp\/v2\/media?parent=17550"}],"wp:term":[{"taxonomy":"product_brand","embeddable":true,"href":"https:\/\/www.infozdrave.com\/ro\/wp-json\/wp\/v2\/product_brand?post=17550"},{"taxonomy":"product_cat","embeddable":true,"href":"https:\/\/www.infozdrave.com\/ro\/wp-json\/wp\/v2\/product_cat?post=17550"},{"taxonomy":"product_tag","embeddable":true,"href":"https:\/\/www.infozdrave.com\/ro\/wp-json\/wp\/v2\/product_tag?post=17550"}],"curies":[{"name":"wp","href":"https:\/\/api.w.org\/{rel}","templated":true}]}}