{"id":17569,"date":"2023-07-24T23:46:49","date_gmt":"2023-07-24T20:46:49","guid":{"rendered":"https:\/\/www.infozdrave.com\/?post_type=product&#038;p=17569"},"modified":"2023-10-30T12:07:02","modified_gmt":"2023-10-30T10:07:02","slug":"testul-vega","status":"publish","type":"product","link":"https:\/\/www.infozdrave.com\/ro\/pr\/testul-vega\/","title":{"rendered":"Testul Vega"},"content":{"rendered":"<p>Testul Vega<\/p>\n<p>12 luni garantie pentru persoane fizice.<\/p>\n<p>Origine: Spania.<\/p>\n<p>Livrat la comanda.<\/p>\n","protected":false},"excerpt":{"rendered":"<p>Testul Vega este o metod\u0103 oferit\u0103 de medicina alternativ\u0103 pentru a \u00eenregistra diverse dezechilibre \u00een organism prin m\u0103surarea impulsurilor electromagnetice pe care organismul le emite. Acest dispozitiv folose\u0219te principiul biorezonan\u021bei pentru a detecta problemele nedorite \u00een sistemul dumneavoastr\u0103 energetic. Testul Vega a fost creat \u00een 1978 de Dr. Helmut Schummel \u0219i se bazeaz\u0103 pe presupunerea c\u0103 impulsurile electromagnetice pe care le emite organismul pot fi m\u0103surate \u0219i interpretate \u00een diverse scopuri. Testul se efectueaz\u0103 folosind un dispozitiv de rezisten\u021b\u0103 electrogalvanic\u0103 care m\u0103soar\u0103 conductivitatea electric\u0103 a pielii corpului. La efectuarea testului, o m\u00e2n\u0103 se \u021bine de dispozitiv \u00een timp ce operatorul articuleaz\u0103 \u00eentreb\u0103ri sau obiecte c\u0103tre corpul s\u0103u. Aparatul \u00eenregistreaz\u0103 modific\u0103ri ale rezisten\u021bei electrice \u0219i emite un semnal pe care operatorul \u00eel interpreteaz\u0103.<\/p>\n<p>Sistemul software special dezvoltat converte\u0219te semnalele din corp \u00een date care pot fi citite de limbajul dispozitivului. Astfel, pute\u021bi ob\u021bine informa\u021bii despre diverse aspecte ale s\u0103n\u0103t\u0103\u021bii, precum nivelul de energie sau poluarea organismului. Testul Vega se spune c\u0103 poate detecta alergii, toxine, bacterii, viru\u0219i \u0219i anumite tipuri de dezechilibre energetice din organism. In acest fel, Testul Vega poate ajuta in stabilirea diagnosticelor si alegerea tratamentului potrivit.<\/p>\n<p>Cu Vega Test devii propriul t\u0103u medic personal. Detecteaz\u0103 problemele de s\u0103n\u0103tate \u00eenainte ca acestea s\u0103 apar\u0103 \u0219i ia m\u0103surile necesare pentru a le rezolva. Ai control complet asupra s\u0103n\u0103t\u0103\u021bii tale \u0219i po\u021bi ac\u021biona \u00een func\u021bie de nevoile tale. Aparatul Vega Test este solu\u021bia perfect\u0103 pentru to\u021bi cei care v\u0103 pas\u0103 de propria s\u0103n\u0103tate \u0219i dori\u021bi s\u0103 o men\u021bine\u021bi la un nivel optim. Cu Vega Test v\u0103 pute\u021bi monitoriza s\u0103n\u0103tatea din confortul propriei case - rapid, precis \u0219i \u00een siguran\u021b\u0103.<\/p>\n<p>De\u0219i are sus\u021bin\u0103torii s\u0103i, nu exist\u0103 dovezi \u0219tiin\u021bifice pentru acurate\u021bea testului Vega. Nu este recunoscut de comunitatea medical\u0103 \u0219i nu este folosit ca metod\u0103 standard de diagnostic \u0219i tratament \u00een medicin\u0103.<\/p>\n<p>Pentru testul Vega sunt necesare fiole (martori), pe care le pute\u021bi ob\u021bine de la noi. V\u0103 recomand\u0103m 100 buc pentru 100 de alergeni diferi\u021bi.<\/p>\n<p>Nu este un dispozitiv medical. Pentru tratament, urma\u021bi sfatul medicului curant.<\/p>\n","protected":false},"featured_media":1918,"comment_status":"closed","ping_status":"closed","template":"","meta":{"_acf_changed":false,"_seopress_robots_primary_cat":"","_seopress_titles_title":"","_seopress_titles_desc":"","_seopress_robots_index":""},"product_brand":[],"product_cat":[5141],"product_tag":[],"class_list":{"0":"post-17569","1":"product","2":"type-product","3":"status-publish","4":"has-post-thumbnail","6":"product_cat-echipament-de-diagnosticare","7":"pa_garantsia-12-ro","9":"first","10":"instock","11":"purchasable","12":"product-type-simple"},"acf":[],"_links":{"self":[{"href":"https:\/\/www.infozdrave.com\/ro\/wp-json\/wp\/v2\/product\/17569","targetHints":{"allow":["GET"]}}],"collection":[{"href":"https:\/\/www.infozdrave.com\/ro\/wp-json\/wp\/v2\/product"}],"about":[{"href":"https:\/\/www.infozdrave.com\/ro\/wp-json\/wp\/v2\/types\/product"}],"replies":[{"embeddable":true,"href":"https:\/\/www.infozdrave.com\/ro\/wp-json\/wp\/v2\/comments?post=17569"}],"wp:featuredmedia":[{"embeddable":true,"href":"https:\/\/www.infozdrave.com\/ro\/wp-json\/wp\/v2\/media\/1918"}],"wp:attachment":[{"href":"https:\/\/www.infozdrave.com\/ro\/wp-json\/wp\/v2\/media?parent=17569"}],"wp:term":[{"taxonomy":"product_brand","embeddable":true,"href":"https:\/\/www.infozdrave.com\/ro\/wp-json\/wp\/v2\/product_brand?post=17569"},{"taxonomy":"product_cat","embeddable":true,"href":"https:\/\/www.infozdrave.com\/ro\/wp-json\/wp\/v2\/product_cat?post=17569"},{"taxonomy":"product_tag","embeddable":true,"href":"https:\/\/www.infozdrave.com\/ro\/wp-json\/wp\/v2\/product_tag?post=17569"}],"curies":[{"name":"wp","href":"https:\/\/api.w.org\/{rel}","templated":true}]}}