{"id":17663,"date":"2023-07-24T23:58:34","date_gmt":"2023-07-24T20:58:34","guid":{"rendered":"https:\/\/www.infozdrave.com\/?post_type=product&#038;p=17663"},"modified":"2023-11-01T11:20:36","modified_gmt":"2023-11-01T09:20:36","slug":"rucsac-de-dama-violet","status":"publish","type":"product","link":"https:\/\/www.infozdrave.com\/ro\/pr\/rucsac-de-dama-violet\/","title":{"rendered":"Rucsac de dam\u0103, violet"},"content":{"rendered":"<p>Rucsac de dama cu doua compartimente<br \/>\nsi doua buzunare laterale.<br \/>\nCu m\u00e2ner scurt. \u0218i pentru spate.<br \/>\n\u00centr-o culoare verde pl\u0103cut\u0103.<br \/>\nItalian, marca Silviarosa.<br \/>\n22 cm lungime fund<br \/>\n24 cm inaltime<br \/>\nTop cu lungimea de 14 cm<br \/>\n14 cm grosime.<br \/>\nPoate fi purtat ca rucsac sau ca geanta.<\/p>\n","protected":false},"excerpt":{"rendered":"<p>Rucsac de dama cu doua compartimente si doua buzunare laterale. Cu m\u00e2ner scurt. \u0218i pentru spate. \u00centr-o culoare verde pl\u0103cut\u0103. [&hellip;]<\/p>\n","protected":false},"featured_media":5431,"comment_status":"closed","ping_status":"closed","template":"","meta":{"_acf_changed":false,"_seopress_robots_primary_cat":"","_seopress_titles_title":"","_seopress_titles_desc":"","_seopress_robots_index":""},"product_brand":[],"product_cat":[5156],"product_tag":[],"class_list":{"0":"post-17663","1":"product","2":"type-product","3":"status-publish","4":"has-post-thumbnail","6":"product_cat-rucsacuri-si-genti","7":"pif-has-gallery","9":"first","10":"instock","11":"purchasable","12":"product-type-simple"},"acf":[],"_links":{"self":[{"href":"https:\/\/www.infozdrave.com\/ro\/wp-json\/wp\/v2\/product\/17663","targetHints":{"allow":["GET"]}}],"collection":[{"href":"https:\/\/www.infozdrave.com\/ro\/wp-json\/wp\/v2\/product"}],"about":[{"href":"https:\/\/www.infozdrave.com\/ro\/wp-json\/wp\/v2\/types\/product"}],"replies":[{"embeddable":true,"href":"https:\/\/www.infozdrave.com\/ro\/wp-json\/wp\/v2\/comments?post=17663"}],"wp:featuredmedia":[{"embeddable":true,"href":"https:\/\/www.infozdrave.com\/ro\/wp-json\/wp\/v2\/media\/5431"}],"wp:attachment":[{"href":"https:\/\/www.infozdrave.com\/ro\/wp-json\/wp\/v2\/media?parent=17663"}],"wp:term":[{"taxonomy":"product_brand","embeddable":true,"href":"https:\/\/www.infozdrave.com\/ro\/wp-json\/wp\/v2\/product_brand?post=17663"},{"taxonomy":"product_cat","embeddable":true,"href":"https:\/\/www.infozdrave.com\/ro\/wp-json\/wp\/v2\/product_cat?post=17663"},{"taxonomy":"product_tag","embeddable":true,"href":"https:\/\/www.infozdrave.com\/ro\/wp-json\/wp\/v2\/product_tag?post=17663"}],"curies":[{"name":"wp","href":"https:\/\/api.w.org\/{rel}","templated":true}]}}