{"id":17677,"date":"2023-11-01T13:32:30","date_gmt":"2023-11-01T11:32:30","guid":{"rendered":"https:\/\/www.infozdrave.com\/?post_type=product&#038;p=17677"},"modified":"2024-04-04T01:00:18","modified_gmt":"2024-04-03T22:00:18","slug":"dispozitiv-anti-oboseala-anxietate-si-imbunatatire-a-somnului-cu-trei-programe","status":"publish","type":"product","link":"https:\/\/www.infozdrave.com\/ro\/pr\/dispozitiv-anti-oboseala-anxietate-si-imbunatatire-a-somnului-cu-trei-programe\/","title":{"rendered":"Dispozitiv anti-oboseal\u0103, anxietate \u0219i \u00eembun\u0103t\u0103\u021bire a somnului cu trei programe"},"content":{"rendered":"<p>Este un dispozitiv pentru relaxarea corpului \u0219i a min\u021bii. Este util persoanelor care au probleme cu somnul, doresc s\u0103-i \u00eembun\u0103t\u0103\u021beasc\u0103 calitatea \u0219i s\u0103 se relaxeze. Aparatul ajut\u0103 la dep\u0103\u0219irea oboselii, stresului, anxiet\u0103\u021bii \u0219i tensiunii.<\/p>\n<h3><strong>TREI PROGRAME PENTRU IMPACTUL BIORESONAN\u021aEI<\/strong><\/h3>\n<ul>\n<li>\u00cengrijirea m\u00e2inilor (elimin\u0103 oboseala \u0219i durerea palmelor)<\/li>\n<li>Modul activ (cre\u0219te energia, revigoreaz\u0103 \u00een timpul relax\u0103rii \u0219i somnolen\u021bei)<\/li>\n<li>Modul de relaxare (imbunatateste viteza si calitatea somnului, relaxeaza corpul in caz de stres si oboseala)<\/li>\n<\/ul>\n<p><strong>SPECIFICA\u021aII<\/strong><\/p>\n<ul>\n<li>Certificate: CE, ROHS, FCC<\/li>\n<li>Culoare alb\u0103<\/li>\n<li>Baterie: AAA<\/li>\n<li>Material: ABS<\/li>\n<li>Cronometru: \u00eencorporat, 15 min.<\/li>\n<li>Dimensiuni: 60*80*30 mm<\/li>\n<li>Func\u021bia CES Microcurent: pentru a relaxa corpul \u0219i mintea<\/li>\n<li>Portabil<\/li>\n<\/ul>\n","protected":false},"excerpt":{"rendered":"<h2 style=\"text-align: center;\"><strong>DISPOZITIV ANTI-OBOSOARE, ANXIETATE SI SOMMN CU ZGOMOT ALB<\/strong><\/h2>\n<h3><\/h3>\n<h3><strong>DISPOZITIVUL ANTI-OBOSOARE, ANXIETATE \u0218I SOMMN CU ZGOMOT ALB<\/strong><br \/>\n<strong>ARE 3 MODURI DE OPERARE<\/strong><\/h3>\n<ul>\n<li>regim de \u00eengrijire a m\u00e2inilor (elimin\u0103 oboseala \u0219i durerea palmelor)<\/li>\n<li>modul activ (cre\u0219te energia, revigoreaz\u0103 \u00een timpul relax\u0103rii \u0219i somnolen\u021bei)<\/li>\n<li>modul de relaxare (\u00eembun\u0103t\u0103\u021be\u0219te viteza \u0219i calitatea somnului, relaxeaz\u0103 corpul \u00een caz de stres \u0219i oboseal\u0103)<\/li>\n<\/ul>\n<h3><strong>CUM FUNC\u021aIONEAZ\u0102 DISPOZITIVUL DE SUPPORT ANTI-OBOSOARE, ANXIETATE \u0218I SOMMN<\/strong><\/h3>\n<ul>\n<li>Scoate\u021bi capacul bateriei, introduce\u021bi bateria corect (o singur\u0103 baterie alcalin\u0103 AAA) \u0219i \u00eenchide\u021bi capacul bateriei.<\/li>\n<li>Dac\u0103 este necesar, pute\u021bi uda bine palma m\u00e2inii cu ap\u0103, astfel \u00eenc\u00e2t senzorul mare \u0219i senzorul mic s\u0103 fie \u00een contact cu palma.<\/li>\n<li>Ap\u0103sa\u021bi \u0219i men\u021bine\u021bi ap\u0103sat butonul (M) pentru a porni alimentarea. \u00cen acest moment, modul implicit este modul de \u00eengrijire a m\u00e2inilor, indicatorul albastru este aprins, iar utilizatorul poate folosi butoanele (+) \u0219i (-) pentru a selecta nivelul de intensitate adecvat (\u00een total 9 niveluri, implicit este nivelul 1) .<\/li>\n<li>Cu o scurt\u0103 ap\u0103sare a tastei (M), alterna\u021bi modurile dup\u0103 cum urmeaz\u0103: (modul de \u00eengrijire a m\u00e2inilor), (modul activ), (modul de relaxare), (modul de relaxare + \u00eengrijirea m\u00e2inilor), (modul de relaxare + modul activ), (modul de relaxare + modul activ + \u00eengrijirea m\u00e2inilor), cu indicatorul luminos albastru schimb\u00e2ndu-se pe m\u0103sur\u0103 ce se schimb\u0103 modul.<\/li>\n<\/ul>\n<h3><strong>NOT\u0102 DISPOZITIVUL ANTI-OBOSOARE, ANXIETATE \u0218I SOMMN<\/strong><\/h3>\n<ul>\n<li>C\u00e2nd se schimb\u0103 modul, viteza va reveni automat la nivelul 1.<\/li>\n<li>C\u00e2nd lumina albastr\u0103 este slab\u0103 sau nu se simte nicio stimulare vizibil\u0103 atunci c\u00e2nd butonul (+) este ap\u0103sat, \u00eenseamn\u0103 c\u0103 bateria este desc\u0103rcat\u0103. \u00cenlocui\u021bi rapid bateria.<\/li>\n<li>Acest produs are o func\u021bie de oprire automat\u0103 - timpul de lucru implicit este de 15 minute, iar alimentarea este oprit\u0103 automat dup\u0103 terminarea lucr\u0103rii.<\/li>\n<li>Dup\u0103 utilizare, pune\u021bi produsul \u00eentr-un loc uscat \u0219i r\u0103coros.<\/li>\n<\/ul>\n<h3>\n<strong>ATEN\u0162IE!<\/strong><\/h3>\n<ul>\n<li>Este interzis\u0103 utilizarea dispozitivului cu dispozitive electrice medicale implantate \u00een corp, cum ar fi un stimulator cardiac, care poate provoca deteriorarea echipamentului sau poate provoca un pericol pentru s\u0103n\u0103tate.<\/li>\n<li>Nu utiliza\u021bi produsul dac\u0103 ave\u021bi probleme cu pielea, cum ar fi r\u0103ni de palmier, eczeme, vezicule, peeling etc.<\/li>\n<li>Nu utiliza\u021bi acest produs \u00een locuri cu umiditate ridicat\u0103, cum ar fi b\u0103i sau saune.<\/li>\n<li>Nu utiliza\u021bi acest produs \u00een alte scopuri dec\u00e2t scopul propus.<\/li>\n<li>Nu dezasambla\u021bi, repara\u021bi sau modifica\u021bi singur acest produs. Acest lucru poate cauza deteriorarea dispozitivului sau v\u0103t\u0103marea.<\/li>\n<li>Nu da\u021bi acest produs copiilor sub \u0219ase ani pentru a evita r\u0103nirea.<\/li>\n<li>\u00cenainte de a arunca dispozitivul, bateria trebuie scoas\u0103 din acesta. La scoaterea bateriei, dispozitivul trebuie oprit \u0219i trebuie aruncat \u00een zonele desemnate.<\/li>\n<\/ul>\n","protected":false},"featured_media":21046,"comment_status":"open","ping_status":"closed","template":"","meta":{"_acf_changed":false,"_seopress_robots_primary_cat":"","_seopress_titles_title":"","_seopress_titles_desc":"","_seopress_robots_index":""},"product_brand":[],"product_cat":[5112],"product_tag":[],"class_list":{"0":"post-17677","1":"product","2":"type-product","3":"status-publish","4":"has-post-thumbnail","6":"product_cat-incuia","7":"pif-has-gallery","9":"first","10":"instock","11":"shipping-taxable","12":"purchasable","13":"product-type-simple"},"acf":[],"_links":{"self":[{"href":"https:\/\/www.infozdrave.com\/ro\/wp-json\/wp\/v2\/product\/17677","targetHints":{"allow":["GET"]}}],"collection":[{"href":"https:\/\/www.infozdrave.com\/ro\/wp-json\/wp\/v2\/product"}],"about":[{"href":"https:\/\/www.infozdrave.com\/ro\/wp-json\/wp\/v2\/types\/product"}],"replies":[{"embeddable":true,"href":"https:\/\/www.infozdrave.com\/ro\/wp-json\/wp\/v2\/comments?post=17677"}],"wp:featuredmedia":[{"embeddable":true,"href":"https:\/\/www.infozdrave.com\/ro\/wp-json\/wp\/v2\/media\/21046"}],"wp:attachment":[{"href":"https:\/\/www.infozdrave.com\/ro\/wp-json\/wp\/v2\/media?parent=17677"}],"wp:term":[{"taxonomy":"product_brand","embeddable":true,"href":"https:\/\/www.infozdrave.com\/ro\/wp-json\/wp\/v2\/product_brand?post=17677"},{"taxonomy":"product_cat","embeddable":true,"href":"https:\/\/www.infozdrave.com\/ro\/wp-json\/wp\/v2\/product_cat?post=17677"},{"taxonomy":"product_tag","embeddable":true,"href":"https:\/\/www.infozdrave.com\/ro\/wp-json\/wp\/v2\/product_tag?post=17677"}],"curies":[{"name":"wp","href":"https:\/\/api.w.org\/{rel}","templated":true}]}}