{"id":17680,"date":"2023-07-24T23:50:04","date_gmt":"2023-07-24T20:50:04","guid":{"rendered":"https:\/\/www.infozdrave.com\/?post_type=product&#038;p=17680"},"modified":"2023-11-02T10:56:56","modified_gmt":"2023-11-02T08:56:56","slug":"biowave-premium-purifica-apa-si-alimentele","status":"publish","type":"product","link":"https:\/\/www.infozdrave.com\/ro\/pr\/biowave-premium-purifica-apa-si-alimentele\/","title":{"rendered":"Biowave Premium - purific\u0103 apa \u0219i alimentele"},"content":{"rendered":"<h3><strong>BIOWAVE PREMIUM<\/strong><\/h3>\n<h3>CARACTERISTICI<\/h3>\n<ul>\n<li>Creeaz\u0103 un c\u00e2mp de activitate biologic\u0103 confirmat\u0103.<\/li>\n<li>Are 15 programe pentru neutralizarea influen\u021belor negative externe ale parazi\u021bilor, toxinelor din alimente, c\u00e2mpuri, radia\u021bii etc.<\/li>\n<li>Toate programele incluse \u00een el sus\u021bin \u0219i ajut\u0103 s\u0103n\u0103tatea, energia \u0219i o via\u021b\u0103 mai \u00eemplinit\u0103.<\/li>\n<\/ul>\n","protected":false},"excerpt":{"rendered":"<h2 style=\"text-align: center;\"><strong>BIOWAVE PREMIUM PENTRU PURIFICAREA APEI SI ALIMENTELOR<\/strong><\/h2>\n<p>Biowave Premium este un dispozitiv de biorezonan\u021b\u0103 care opre\u0219te efectele nocive ale parazi\u021bilor \u00een corpul uman \u0219i \u00een acela\u0219i timp purific\u0103 apa \u0219i alimentele de substan\u021be pe care nu le poate digera. Aceste substan\u021be se acumuleaz\u0103, ca fiind nocive \u0219i cauzatoare de boli.<\/p>\n<h3><strong>BIOWAVE PREMIUM - SCOP<\/strong><\/h3>\n<ul>\n<li>Purificarea alimentelor \u0219i a apei<\/li>\n<li>Protec\u021bie \u00eempotriva factorilor externi<\/li>\n<\/ul>\n<p>Contine programe incorporate, cu ajutorul carora apa si alimentele folosite sunt purificate astfel incat sa nu afecteze celulele si organismul in ansamblu. \u00cen acela\u0219i timp, \u00eel protejeaz\u0103 de influen\u021bele externe ale mediului - zgomot, zone geopatice naturale, c\u00e2mpuri ionizante etc.<\/p>\n<p>Rezultatele ob\u0163inute experimental dovedesc prezen\u0163a c\u00e2mpului electromagnetic creat de dispozitiv \u015fi utilitatea acestuia. Impactul s\u0103u este nefavorabil pentru \u021besuturile organismelor patogene vii, pentru otr\u0103vuri \u0219i toxine, dar favorabil pentru \u021besuturile, sistemele \u0219i organele umane \u0219i animale.<\/p>\n<h3 style=\"text-align: left;\"><strong>BENEFICIILE PURIFICATORULUI DE AP\u0102 \u0218I ALIMENTE PREMIUM BIOWAVE<\/strong><\/h3>\n<p>S\u0103n\u0103tatea bun\u0103 depinde de mul\u021bi factori - interni \u0219i externi. Cele interne sunt legate de controlul emo\u021biilor \u0219i g\u00e2ndurilor, iar cele externe sunt legate de \u00eengrijirea corpului \u0219i practicarea unui stil de via\u021b\u0103 s\u0103n\u0103tos. Aparatul BioValna Premium elimin\u0103 influen\u021bele externe nocive \u0219i sus\u021bine crearea unei bune imunitate. \u00cen acest sens, cre\u0219te calitatea vie\u021bii \u0219i o prelunge\u0219te ad\u0103ug\u00e2nd for\u021b\u0103 \u0219i energie.<\/p>\n<p>Nu putem face nicio afirma\u021bie cu privire la frecven\u021bele \u0219i metoda efectului de biorezonan\u021b\u0103. Utilizarea dispozitivului nu exclude consultarea unui medic \u0219i respectarea prescrip\u021biilor medicamentului oficial.<\/p>\n<p>Nu este un dispozitiv medical. Consulta\u021bi-v\u0103 medicul pentru tratament.<\/p>\n","protected":false},"featured_media":3252,"comment_status":"closed","ping_status":"closed","template":"","meta":{"_acf_changed":false,"_seopress_robots_primary_cat":"","_seopress_titles_title":"","_seopress_titles_desc":"","_seopress_robots_index":""},"product_brand":[],"product_cat":[5112],"product_tag":[],"class_list":{"0":"post-17680","1":"product","2":"type-product","3":"status-publish","4":"has-post-thumbnail","6":"product_cat-incuia","7":"pa_garantsia-24-ro","9":"first","10":"instock","11":"purchasable","12":"product-type-simple"},"acf":[],"_links":{"self":[{"href":"https:\/\/www.infozdrave.com\/ro\/wp-json\/wp\/v2\/product\/17680","targetHints":{"allow":["GET"]}}],"collection":[{"href":"https:\/\/www.infozdrave.com\/ro\/wp-json\/wp\/v2\/product"}],"about":[{"href":"https:\/\/www.infozdrave.com\/ro\/wp-json\/wp\/v2\/types\/product"}],"replies":[{"embeddable":true,"href":"https:\/\/www.infozdrave.com\/ro\/wp-json\/wp\/v2\/comments?post=17680"}],"wp:featuredmedia":[{"embeddable":true,"href":"https:\/\/www.infozdrave.com\/ro\/wp-json\/wp\/v2\/media\/3252"}],"wp:attachment":[{"href":"https:\/\/www.infozdrave.com\/ro\/wp-json\/wp\/v2\/media?parent=17680"}],"wp:term":[{"taxonomy":"product_brand","embeddable":true,"href":"https:\/\/www.infozdrave.com\/ro\/wp-json\/wp\/v2\/product_brand?post=17680"},{"taxonomy":"product_cat","embeddable":true,"href":"https:\/\/www.infozdrave.com\/ro\/wp-json\/wp\/v2\/product_cat?post=17680"},{"taxonomy":"product_tag","embeddable":true,"href":"https:\/\/www.infozdrave.com\/ro\/wp-json\/wp\/v2\/product_tag?post=17680"}],"curies":[{"name":"wp","href":"https:\/\/api.w.org\/{rel}","templated":true}]}}