{"id":17683,"date":"2023-07-24T23:50:04","date_gmt":"2023-07-24T20:50:04","guid":{"rendered":"https:\/\/www.infozdrave.com\/?post_type=product&#038;p=17683"},"modified":"2023-11-02T11:34:03","modified_gmt":"2023-11-02T09:34:03","slug":"spark-contact-si-modul-de-functionare-fara-contact-interval-de-frecventa-de-la-0-la-30-mhz","status":"publish","type":"product","link":"https:\/\/www.infozdrave.com\/ro\/pr\/spark-contact-si-modul-de-functionare-fara-contact-interval-de-frecventa-de-la-0-la-30-mhz\/","title":{"rendered":"Spark Contact \u0219i modul de func\u021bionare f\u0103r\u0103 contact, interval de frecven\u021b\u0103 de la 0 la 30 MHz"},"content":{"rendered":"<h3><strong>SPARK - DISPOZIT DE BIORESONAN\u021a\u0102 PORTAT\u0102<\/strong><\/h3>\n<h3>CARACTERISTICI PRINCIPALE<\/h3>\n<ul>\n<li>Compact<\/li>\n<li>Dou\u0103 generatoare DDS independente \u00eencorporate<\/li>\n<li>450 de programe \u00eencorporate<\/li>\n<li>Compatibil cu Life Commander<\/li>\n<li>Reglarea intensit\u0103\u021bii impactului<\/li>\n<li>Afi\u0219aj mare de informa\u021bii<\/li>\n<li>Control vocal al dispozitivului<\/li>\n<li>Memoria \u00eencorporat\u0103 permite salvarea a p\u00e2n\u0103 la trei sute de pachete de frecven\u021b\u0103<\/li>\n<li>Suport\u0103 carduri SD pentru programe suplimentare<\/li>\n<\/ul>\n","protected":false},"excerpt":{"rendered":"<h2 style=\"text-align: center;\"><strong>SPARK - MOD DE FUNC\u021aIONARE DE CONTACT \u0218I F\u0102R\u0102 CONTACT, INTERVAL DE FRECVEN\u021a\u0102 DE LA 0 LA 30 MHz<\/strong><\/h2>\n<p>Dispozitivul Spark este compatibil cu programul Life Commander \u0219i func\u021bioneaz\u0103 \u00eentr-un interval de frecven\u021b\u0103 de la 0 la 30 MHz. Num\u0103rul de programe \u00eencorporate este de 450. Exist\u0103 un generator de frecven\u021b\u0103 DDS \u00eencorporat. Aparatul este multifunctional, pentru utilizare stationara atat in clinici cat si acasa.<\/p>\n<p>\u00cen timpul impactului terapeutic, pentru a transmite spectrele de frecven\u021b\u0103 sunt folosite metode de contact, non-contact \u0219i de induc\u021bie.<\/p>\n<p>Caracteristicile undelor \u201evindecatoare\u201d sunt selectate astfel \u00eenc\u00e2t atunci c\u00e2nd se suprapun cu radia\u021bia patogene, aceasta din urm\u0103 sl\u0103be\u0219te. Ca urmare a tratamentului, fiziologia celulelor patogene (de exemplu, bacterii sau celule parazitare) este perturbat\u0103. Cu un tratament prelungit, celulele lor mor. Pentru oameni, acest efect este sigur - puterea radia\u021biei de la dispozitiv este foarte slab\u0103 (biopoten\u021bialele au o tensiune neglijabil\u0103), iar caracteristicile sale nu afecteaz\u0103 propriile \u021besuturi.<\/p>\n<p>Cu o selectie corecta a frecventelor, dupa primele sedinte de tratamente, pacientul se simte semnificativ mai bine. Cursul tratamentului depinde de natura bolii \u0219i de agentul patogen care provoac\u0103 boala \u0219i, de regul\u0103, const\u0103 din c\u00e2teva zile p\u00e2n\u0103 la c\u00e2teva luni. Eficacitatea terapiei cu biorezonan\u021b\u0103 este foarte mare. Chiar \u0219i bolile care sunt foarte greu de tratat prin metode tradi\u021bionale sau care nu pot fi tratate deloc sunt supuse unui astfel de tratament. Terapia de biorezonan\u021b\u0103 cu dispozitivul Spark s-a dovedit a fi potrivit\u0103 pentru tratamentul pacien\u021bilor cu boli cronice.<\/p>\n<p>Nu putem face nicio afirma\u021bie cu privire la frecven\u021bele descoperite de Dr. Rife \u0219i Dr. Clark, nici metoda de Bioresonance Impact. Utilizarea dispozitivului nu exclude consultarea unui medic \u0219i respectarea prescrip\u021biilor medicamentului oficial.<\/p>\n","protected":false},"featured_media":21020,"comment_status":"closed","ping_status":"closed","template":"","meta":{"_acf_changed":false,"_seopress_robots_primary_cat":"","_seopress_titles_title":"","_seopress_titles_desc":"","_seopress_robots_index":""},"product_brand":[],"product_cat":[5112],"product_tag":[],"class_list":{"0":"post-17683","1":"product","2":"type-product","3":"status-publish","4":"has-post-thumbnail","6":"product_cat-incuia","7":"pa_garantsia-24-ro","9":"first","10":"instock","11":"purchasable","12":"product-type-simple"},"acf":[],"_links":{"self":[{"href":"https:\/\/www.infozdrave.com\/ro\/wp-json\/wp\/v2\/product\/17683","targetHints":{"allow":["GET"]}}],"collection":[{"href":"https:\/\/www.infozdrave.com\/ro\/wp-json\/wp\/v2\/product"}],"about":[{"href":"https:\/\/www.infozdrave.com\/ro\/wp-json\/wp\/v2\/types\/product"}],"replies":[{"embeddable":true,"href":"https:\/\/www.infozdrave.com\/ro\/wp-json\/wp\/v2\/comments?post=17683"}],"wp:featuredmedia":[{"embeddable":true,"href":"https:\/\/www.infozdrave.com\/ro\/wp-json\/wp\/v2\/media\/21020"}],"wp:attachment":[{"href":"https:\/\/www.infozdrave.com\/ro\/wp-json\/wp\/v2\/media?parent=17683"}],"wp:term":[{"taxonomy":"product_brand","embeddable":true,"href":"https:\/\/www.infozdrave.com\/ro\/wp-json\/wp\/v2\/product_brand?post=17683"},{"taxonomy":"product_cat","embeddable":true,"href":"https:\/\/www.infozdrave.com\/ro\/wp-json\/wp\/v2\/product_cat?post=17683"},{"taxonomy":"product_tag","embeddable":true,"href":"https:\/\/www.infozdrave.com\/ro\/wp-json\/wp\/v2\/product_tag?post=17683"}],"curies":[{"name":"wp","href":"https:\/\/api.w.org\/{rel}","templated":true}]}}