{"id":17688,"date":"2023-07-24T23:50:04","date_gmt":"2023-07-24T20:50:04","guid":{"rendered":"https:\/\/www.infozdrave.com\/?post_type=product&#038;p=17688"},"modified":"2023-11-02T11:47:42","modified_gmt":"2023-11-02T09:47:42","slug":"agapit-functioneaza-in-intervalul-de-la-01-hz-la-3-mhz","status":"publish","type":"product","link":"https:\/\/www.infozdrave.com\/ro\/pr\/agapit-functioneaza-in-intervalul-de-la-01-hz-la-3-mhz\/","title":{"rendered":"Agapit Func\u021bioneaz\u0103 \u00een intervalul de la 0,1 Hz la 3 MHz"},"content":{"rendered":"<h3><strong>IMPACTUL DE BIORESONAN\u021a\u0102 CU AGAPIT<\/strong><\/h3>\n<ul>\n<li>Func\u021bioneaz\u0103 \u00een intervalul de la 0,1 Hz la 3 MHz<\/li>\n<li>Posibilitatea de a regla frecven\u021bele \u0219i modula\u021biile<\/li>\n<li>Impact cu un c\u00e2mp electromagnetic de induc\u021bie<\/li>\n<li>Sau printr-un semnal electric cu o anumit\u0103 frecven\u021b\u0103<\/li>\n<li>Poate lucra cu electrozi de m\u00e2n\u0103<\/li>\n<li>Posibilitate de BRT pasiv<\/li>\n<\/ul>\n","protected":false},"excerpt":{"rendered":"<h2 style=\"text-align: center;\"><strong>AGAPIT - FUNC\u021aIONEAZ\u0102 \u00ceN GAZA DE 0,1 HZ LA 3 MHZ<\/strong><\/h2>\n<p>Terapia de biorezonan\u021b\u0103 cu dispozitivul Agapit se realizeaz\u0103 prin influen\u021barea pacientului fie printr-un c\u00e2mp electromagnetic de induc\u021bie, fie printr-un semnal electric cu o anumit\u0103 frecven\u021b\u0103. La desf\u0103\u0219urarea programelor de terapie electromagnetic\u0103, impactul se realizeaz\u0103 f\u0103r\u0103 contact cu ajutorul buclelor de induc\u021bie\/inductorilor\/. Programele BRT cu semnal electric folosesc electrozi de contact. Inductorii \u0219i electrozii de m\u00e2n\u0103 pot fi utiliza\u021bi simultan. Exist\u0103, de asemenea, echipamente suplimentare \u00een care terapia poate fi efectuat\u0103 cu pacien\u021bii \u00eentin\u0219i, precum \u0219i \u00een timpul somnului printr-un electrod \u00eendep\u0103rtat de aparat, numit saltea de terapie. Spectrul de frecven\u021b\u0103 este foarte mare, de la 0 la 25 kHz care se preteaz\u0103 la inductor \u0219i de la 0 la 3 MHz la electrozi.<\/p>\n<p>\u00cen timpul \u0219edin\u021bei de terapie, dispozitivul Agapit poate \u00eenregistra propriet\u0103\u021bile informa\u021bionale ale spectrului de unde al pacientului pe diverse medii. Pentru aceasta, dispozitivul are o op\u021biune pentru BRT pasiv, care permite efectuarea terapiei de biorezonan\u021b\u0103 endogene cu oscila\u021biile electromagnetice personale (BRT) ale pacientului.<\/p>\n<h2><strong>IMPACTUL CU BRT ESTE CEL MAI FIZIOLOGIC PENTRU ORGANISM<\/strong><\/h2>\n<p>Toate organele \u0219i \u021besuturile din organismul viu sunt o surs\u0103 natural\u0103 de oscila\u021bii ultra-slabe. \u00cen condi\u021bii normale, un anumit model de frecven\u021b\u0103 al fluctua\u021biilor fiziologice (norm\u0103) este inerent fiec\u0103rui \u021besut, organ \u0219i organism \u00een ansamblu. Impactul factorilor nocivi (de mediu, infec\u021bio\u0219i, psihologici, chimici, geopatogeni etc.) determin\u0103 formarea de fluctua\u021bii patologice (disarmonice) care perturb\u0103 func\u021bionarea normal\u0103 a organismului. Dup\u0103 cum se poate vedea din lucr\u0103rile lui Morel, Gotovsky, Keller, aceste modific\u0103ri pot fi corectate prin terapia de biorezonan\u021b\u0103 (BRT).<\/p>\n<p>Acest tip de terapie este utilizat ca metod\u0103 de tratament independent\u0103 sau pentru a preg\u0103ti preparate individuale cu frecven\u021b\u0103 de rezonan\u021b\u0103. Aceast\u0103 terapie, unic\u0103 prin eficacitate, corecteaz\u0103 propriile oscila\u021bii electromagnetice ale sistemelor \u0219i organelor. Aceste oscila\u021bii se \u00eempart \u00een fiziologice (armonice), reprezentate de spectrele de frecven\u021b\u0103 specifice fiec\u0103rui sistem, \u0219i patologice (disarmonice), ap\u0103rute ca urmare a intoxica\u021biei sau stresului emo\u021bional. Organismul se \u00eemboln\u0103ve\u0219te atunci c\u00e2nd nu poate men\u021bine un raport stabil \u00eentre spectrele de frecven\u021b\u0103 fiziologic\u0103 \u0219i autoreglare, adic\u0103. pentru a suprima frecven\u021bele dizarmonice.<\/p>\n<p>Trec\u00e2nd un tratament special cu un sistem de filtrare \u00een dispozitivul pentru terapie cu biorezonan\u021b\u0103 (BRT), c\u00e2mpul electromagnetic al pacientului este cur\u0103\u021bat de vibra\u021bii cu frecven\u021be dizarmonice str\u0103ine corpului. Ca urmare, echilibrul fiziologic este restabilit \u00een el.<\/p>\n<p>Informa\u021biile din procesul de cur\u0103\u021bare \u00een timpul procedurii de vindecare pot fi \u00eenregistrate pe moleculele de ap\u0103, pe o doz\u0103 homeopat\u0103, de zah\u0103r, care este apoi administrat\u0103 pacientului ca medicament - un preparat homeopat cu frecven\u021b\u0103 de rezonan\u021b\u0103. Capacit\u0103\u021bile func\u021bionale ale dispozitivului Agapit sunt extinse. Aparatul poate fi folosit at\u00e2t \u00een \u200b\u200bclinici, c\u00e2t \u0219i acas\u0103.<\/p>\n<p>Nu putem face nicio afirma\u021bie cu privire la frecven\u021bele BRT. Utilizarea dispozitivului nu exclude consultarea unui medic \u0219i respectarea prescrip\u021biilor medicamentului oficial.<\/p>\n","protected":false},"featured_media":21012,"comment_status":"closed","ping_status":"closed","template":"","meta":{"_acf_changed":false,"_seopress_robots_primary_cat":"","_seopress_titles_title":"","_seopress_titles_desc":"","_seopress_robots_index":""},"product_brand":[],"product_cat":[5112],"product_tag":[],"class_list":{"0":"post-17688","1":"product","2":"type-product","3":"status-publish","4":"has-post-thumbnail","6":"product_cat-incuia","7":"pa_garantsia-24-ro","8":"pif-has-gallery","10":"first","11":"instock","12":"purchasable","13":"product-type-simple"},"acf":[],"_links":{"self":[{"href":"https:\/\/www.infozdrave.com\/ro\/wp-json\/wp\/v2\/product\/17688","targetHints":{"allow":["GET"]}}],"collection":[{"href":"https:\/\/www.infozdrave.com\/ro\/wp-json\/wp\/v2\/product"}],"about":[{"href":"https:\/\/www.infozdrave.com\/ro\/wp-json\/wp\/v2\/types\/product"}],"replies":[{"embeddable":true,"href":"https:\/\/www.infozdrave.com\/ro\/wp-json\/wp\/v2\/comments?post=17688"}],"wp:featuredmedia":[{"embeddable":true,"href":"https:\/\/www.infozdrave.com\/ro\/wp-json\/wp\/v2\/media\/21012"}],"wp:attachment":[{"href":"https:\/\/www.infozdrave.com\/ro\/wp-json\/wp\/v2\/media?parent=17688"}],"wp:term":[{"taxonomy":"product_brand","embeddable":true,"href":"https:\/\/www.infozdrave.com\/ro\/wp-json\/wp\/v2\/product_brand?post=17688"},{"taxonomy":"product_cat","embeddable":true,"href":"https:\/\/www.infozdrave.com\/ro\/wp-json\/wp\/v2\/product_cat?post=17688"},{"taxonomy":"product_tag","embeddable":true,"href":"https:\/\/www.infozdrave.com\/ro\/wp-json\/wp\/v2\/product_tag?post=17688"}],"curies":[{"name":"wp","href":"https:\/\/api.w.org\/{rel}","templated":true}]}}