{"id":17695,"date":"2023-07-24T23:45:41","date_gmt":"2023-07-24T20:45:41","guid":{"rendered":"https:\/\/www.infozdrave.com\/?post_type=product&#038;p=17695"},"modified":"2023-12-11T00:00:33","modified_gmt":"2023-12-10T22:00:33","slug":"zapper-hulda-clark","status":"publish","type":"product","link":"https:\/\/www.infozdrave.com\/ro\/pr\/zapper-hulda-clark\/","title":{"rendered":"Zapper, Hulda Clark"},"content":{"rendered":"<h3><strong>ZAPER CU HAB\u0102 ORIGINAL\u0102 DE DR HULDA CLARKE<\/strong><\/h3>\n<ul>\n<li>Func\u021bioneaz\u0103 doar la 30 kHz.<\/li>\n<li>Service \u00een garan\u021bie \u0219i \u00een afara garan\u021biei<\/li>\n<li>24 luni garantie<\/li>\n<\/ul>\n<p>Origine Bulgaria<\/p>\n<p>Pentru consultatii si comenzi la telefon 0899 973 924.<\/p>\n","protected":false},"excerpt":{"rendered":"<h2><strong>CE ESTE TERAPIA DE BIORESONAN\u021a\u0102 CU ZAPER<\/strong><\/h2>\n<p>Orice problema de origine virala, bacteriana, infectioasa sau parazita poate fi afectata pe baza teoriei Biorezonan\u021bei. Lucrarea cu Zapper se bazeaz\u0103 pe principiul c\u0103 parazi\u021bii, viru\u0219ii \u0219i bacteriile au o frecven\u021b\u0103 electric\u0103 specific\u0103 de oscila\u021bie \u0219i atunci c\u00e2nd sunt afecta\u021bi cu un c\u00e2mp electric de aceea\u0219i frecven\u021b\u0103 sau armonic\u0103 - intr\u0103 \u00een biorezonan\u021b\u0103 cu acesta \u0219i moare. Este eliminat din organism prin sistemul excretor. Este recomandat s\u0103 bei mult\u0103 ap\u0103, iar rezultatul poate fi sporit cu orice tip de detoxifiere.<\/p>\n<h2><strong>ISTORIA DESCOPERIT\u0102RII<\/strong><\/h2>\n<p>La \u00eenceputul secolului trecut, Royal Raymond Rife - medic \u0219i cercet\u0103tor din SUA, a fost primul care a descoperit metoda de impact cu frecven\u021be \u0219i lucreaz\u0103 cu microscoape puternice special realizate. Din diverse motive, munca lui a fost oprit\u0103.<\/p>\n<p>La sf\u00e2r\u0219itul secolului trecut, dr. Hulda Clark \u0219i fiul ei, folosind experien\u021ba doctorului Raymond Rife, au publicat schema unui dispozitiv numit Zapper, un mic dispozitiv portabil care a emis o singur\u0103 frecven\u021b\u0103 \u0219i a produs rezultate uimitoare.<\/p>\n<h2><strong>ESTE POSIBIL CA UN DISPOZITIV MIC, UN ZAPER, CU TEHNOLOGIE U\u0218OAR\u0102 \u0218I ACCESIBIL\u0102 S\u0102 ARE UN IMPACT POZITIV ASUPRA O VARIITATE DE PROBLEME<\/strong><\/h2>\n<p>Nu exist\u0103 un r\u0103spuns cert, fiecare impact, nu numai cu Zapper, este individual, dar rezultatele bune ob\u021binute de noi \u0219i clien\u021bii no\u0219tri ne fac s\u0103 credem c\u0103 metoda func\u021bioneaz\u0103.<\/p>\n<p>Nu putem face nicio afirma\u021bie despre metoda Dr. Clark. Utilizarea dispozitivului nu exclude consultarea unui medic \u0219i respectarea prescrip\u021biilor medicamentului oficial. dopul nu este un dispozitiv medical.<\/p>\n<p>Test\u0103m produsele \u00eenainte de a le trimite clien\u021bilor.<\/p>\n","protected":false},"featured_media":20979,"comment_status":"closed","ping_status":"closed","template":"","meta":{"_acf_changed":false,"_seopress_robots_primary_cat":"none","_seopress_titles_title":"","_seopress_titles_desc":"","_seopress_robots_index":""},"product_brand":[],"product_cat":[5112],"product_tag":[],"class_list":{"0":"post-17695","1":"product","2":"type-product","3":"status-publish","4":"has-post-thumbnail","6":"product_cat-incuia","7":"pa_garantsia-24-ro","9":"first","10":"instock","11":"purchasable","12":"product-type-simple"},"acf":[],"_links":{"self":[{"href":"https:\/\/www.infozdrave.com\/ro\/wp-json\/wp\/v2\/product\/17695","targetHints":{"allow":["GET"]}}],"collection":[{"href":"https:\/\/www.infozdrave.com\/ro\/wp-json\/wp\/v2\/product"}],"about":[{"href":"https:\/\/www.infozdrave.com\/ro\/wp-json\/wp\/v2\/types\/product"}],"replies":[{"embeddable":true,"href":"https:\/\/www.infozdrave.com\/ro\/wp-json\/wp\/v2\/comments?post=17695"}],"wp:featuredmedia":[{"embeddable":true,"href":"https:\/\/www.infozdrave.com\/ro\/wp-json\/wp\/v2\/media\/20979"}],"wp:attachment":[{"href":"https:\/\/www.infozdrave.com\/ro\/wp-json\/wp\/v2\/media?parent=17695"}],"wp:term":[{"taxonomy":"product_brand","embeddable":true,"href":"https:\/\/www.infozdrave.com\/ro\/wp-json\/wp\/v2\/product_brand?post=17695"},{"taxonomy":"product_cat","embeddable":true,"href":"https:\/\/www.infozdrave.com\/ro\/wp-json\/wp\/v2\/product_cat?post=17695"},{"taxonomy":"product_tag","embeddable":true,"href":"https:\/\/www.infozdrave.com\/ro\/wp-json\/wp\/v2\/product_tag?post=17695"}],"curies":[{"name":"wp","href":"https:\/\/api.w.org\/{rel}","templated":true}]}}