{"id":17705,"date":"2023-07-24T23:46:17","date_gmt":"2023-07-24T20:46:17","guid":{"rendered":"https:\/\/www.infozdrave.com\/?post_type=product&#038;p=17705"},"modified":"2023-11-02T13:56:08","modified_gmt":"2023-11-02T11:56:08","slug":"dispozitiv-partner-pro-bioresonance-cu-modul-de-operare-de-contact-si-fara-contact","status":"publish","type":"product","link":"https:\/\/www.infozdrave.com\/ro\/pr\/dispozitiv-partner-pro-bioresonance-cu-modul-de-operare-de-contact-si-fara-contact\/","title":{"rendered":"Dispozitiv Partner pro Bioresonance cu modul de operare de contact \u0219i f\u0103r\u0103 contact"},"content":{"rendered":"<h3><strong>PARTENER PRO PENTRU LUCRARE CONTACT \u0218I F\u0102R\u0102 CONTACT<\/strong><\/h3>\n<h3>TRASATURA COMUNA<\/h3>\n<ul>\n<li>Memorie intern\u0103 cu 71 de programeCard micro SD cu 479 de programe antiparazitare \u0219i terapeutice<\/li>\n<li>Abilitatea de a lucra cu programatorul \u201eLife Commander\u201d \u0219i cu alte 3.775 de programe.<\/li>\n<li>Memoria \u00eencorporat\u0103 a Partner pro este \u00eemp\u0103r\u021bit\u0103 \u00een permanent \u0219i reinscriptibil, \u00een care este posibil s\u0103 \u00eenregistra\u021bi complexe individuale.<\/li>\n<li>Electrozi pentru lucru de contact, care m\u0103re\u0219te puterea impactului de frecven\u021b\u0103 cu 20%.<\/li>\n<li>Func\u021bionare f\u0103r\u0103 contact - dispozitivul este purtat sau plasat l\u00e2ng\u0103 corp.<\/li>\n<li>Func\u021bionare f\u0103r\u0103 contact cu un inductor-colier mobil.<\/li>\n<li>Dispozitivul poate fi operat \u0219i cu comenzi vocale.<\/li>\n<\/ul>\n<h3>SPECIFICA\u021aII<\/h3>\n<ul>\n<li>Dimensiuni: 105x65x19 mm<\/li>\n<li>Greutate: 112 g.<\/li>\n<li>Frecven\u021ba pulsului: 0 \u2026 20000(+-)0.01Hz<\/li>\n<li>Alimentare cu baterie re\u00eenc\u0103rcabil\u0103 \u00eencorporat\u0103 (tip Nokia BL-4B), 3,7 V, 700 mAh<\/li>\n<li>Limbi meniului: rus\u0103, englez\u0103, german\u0103, polonez\u0103, bulgar\u0103 \u0219i italian\u0103.<\/li>\n<li>24 luni garantie pentru persoane fizice.<\/li>\n<\/ul>\n","protected":false},"excerpt":{"rendered":"<h2 style=\"text-align: center;\"><strong>BIORESONANCE APPARAT PARTNER PRO<\/strong><\/h2>\n<h2 style=\"text-align: center;\">DESTINAT UTILIZ\u0102RII PERSONALE \u0218I LUCR\u0102RII \u00ceN CABIURI TERAPEUTICE SAU DE REHABILITARE<\/h2>\n<h2>\n<strong>CATEGORII DE PROGRAME<\/strong><\/h2>\n<ul>\n<li>Programe de terapie pe sisteme - digestiv, vascular-limfatic, circulator, imunitar etc.<\/li>\n<li>Programe pentru boli infec\u021bioase, probleme dentare, leziuni.<\/li>\n<li>Programe de dermatologie, cosmetologie, oftalmologie, pneumologie, endocrinologie.<\/li>\n<li>Programe de detoxifiere, probleme emo\u021bionale \u0219i mentale \u0219i alte programe cu caracter general.<\/li>\n<li>Programe legate de creier.<\/li>\n<li>Dispozitivul are propriul generator, care permite introducerea manual\u0103 suplimentar\u0103 a programelor.<\/li>\n<li>Se poate lucra cu electrozi, pentru impact de contact.<\/li>\n<\/ul>\n<h2><strong>AVANTAJE<\/strong><\/h2>\n<p>Programele pot fi executate numai de contact, f\u0103r\u0103 contact sau numai de contact. Sedintele de contact se desfasoara cu electrozi si sunt de eficienta sporita.<\/p>\n<h2><strong>OPORTUNIT\u0102\u021aI SUPLIMENTARE<\/strong><\/h2>\n<p>Partner Pro este compatibil cu programatorul software Life Commander \u0219i pot fi ad\u0103ugate programe suplimentare din cele 3.775 din programator.<\/p>\n<h2><strong>CONTRAINDICA\u021aII<\/strong><\/h2>\n<p>Sarcina in primele trei luni; Copii p\u00e2n\u0103 la 1 an (sub supravegherea unui medic, utilizarea este permis\u0103); cu stimulator cardiac \u00eencorporat; \u00een organele transplantate; epilepsie \u0219i convulsii (\u00een momentul unui atac); st\u0103ri de excitare psihic\u0103 acut\u0103 sau de intoxica\u021bie.<\/p>\n<p>Nu putem face nicio afirma\u021bie cu privire la frecven\u021bele terapiei cu biorezonan\u021b\u0103. Utilizarea dispozitivului nu exclude consultarea unui medic \u0219i respectarea prescrip\u021biilor medicamentului oficial.<\/p>\n","protected":false},"featured_media":21000,"comment_status":"closed","ping_status":"closed","template":"","meta":{"_acf_changed":false,"_seopress_robots_primary_cat":"","_seopress_titles_title":"","_seopress_titles_desc":"","_seopress_robots_index":""},"product_brand":[],"product_cat":[5112],"product_tag":[],"class_list":{"0":"post-17705","1":"product","2":"type-product","3":"status-publish","4":"has-post-thumbnail","6":"product_cat-incuia","7":"pa_garantsia-24-ro","8":"pif-has-gallery","10":"first","11":"instock","12":"purchasable","13":"product-type-simple"},"acf":[],"_links":{"self":[{"href":"https:\/\/www.infozdrave.com\/ro\/wp-json\/wp\/v2\/product\/17705","targetHints":{"allow":["GET"]}}],"collection":[{"href":"https:\/\/www.infozdrave.com\/ro\/wp-json\/wp\/v2\/product"}],"about":[{"href":"https:\/\/www.infozdrave.com\/ro\/wp-json\/wp\/v2\/types\/product"}],"replies":[{"embeddable":true,"href":"https:\/\/www.infozdrave.com\/ro\/wp-json\/wp\/v2\/comments?post=17705"}],"wp:featuredmedia":[{"embeddable":true,"href":"https:\/\/www.infozdrave.com\/ro\/wp-json\/wp\/v2\/media\/21000"}],"wp:attachment":[{"href":"https:\/\/www.infozdrave.com\/ro\/wp-json\/wp\/v2\/media?parent=17705"}],"wp:term":[{"taxonomy":"product_brand","embeddable":true,"href":"https:\/\/www.infozdrave.com\/ro\/wp-json\/wp\/v2\/product_brand?post=17705"},{"taxonomy":"product_cat","embeddable":true,"href":"https:\/\/www.infozdrave.com\/ro\/wp-json\/wp\/v2\/product_cat?post=17705"},{"taxonomy":"product_tag","embeddable":true,"href":"https:\/\/www.infozdrave.com\/ro\/wp-json\/wp\/v2\/product_tag?post=17705"}],"curies":[{"name":"wp","href":"https:\/\/api.w.org\/{rel}","templated":true}]}}