{"id":17831,"date":"2023-08-09T12:37:36","date_gmt":"2023-08-09T09:37:36","guid":{"rendered":"https:\/\/www.infozdrave.com\/?post_type=product&#038;p=17831"},"modified":"2023-11-20T00:00:05","modified_gmt":"2023-11-19T22:00:05","slug":"tibetan-singing-bowl-blue","status":"publish","type":"product","link":"https:\/\/www.infozdrave.com\/ro\/pr\/tibetan-singing-bowl-blue\/","title":{"rendered":"Tibetan Singing Bowl Blue"},"content":{"rendered":"<h3><strong>VASC CANT\u0102TOR TIBETAN, ALBASTRU<\/strong><br \/>\n<strong>CORRESPONDE CEI A V-A CHAKRA - CENTRUL GATULUI DE AUTOEXPRESIE<\/strong><\/h3>\n<ul>\n<li>Pern\u0103 rotund\u0103 tibetan\u0103<\/li>\n<li>Cioc din lemn de trandafir realizat manual cu piele.<\/li>\n<li>Dimensiunea pernei: 12 cm (diametru)<\/li>\n<li>Culoarea albastra<\/li>\n<li>Origine: Nepal<\/li>\n<\/ul>\n","protected":false},"excerpt":{"rendered":"<h2 style=\"text-align: center;\"><strong>C\u00c2NT\u0102TOR TIBETAN<\/strong><\/h2>\n<p>&nbsp;<\/p>\n<p>Bolurile c\u00e2nt\u0103toare tibetane sunt produse \u0219i ast\u0103zi folosind metode tradi\u021bionale combinate cu tehnici moderne. Vasul c\u00e2nt\u0103tor tibetan poate fi simplu sau decorat. Uneori prezint\u0103 iconografie religioas\u0103 \u0219i motive \u0219i simboluri spirituale, cum ar fi mantra tibetan\u0103 Om mani padme hum, imagini ale lui Buddha sau ale altor zeit\u0103\u021bi. \u00cen cazul de jos, este reprezentat al treilea ochi, care este ochiul intui\u021biei. Al treilea ochi deschis este un simbol al \u00een\u021belepciunii \u0219i puterii spirituale, o conexiune cu lumea spiritual\u0103 invizibil\u0103.<\/p>\n<p>\u00cenainte de a fi inscrip\u021bionat \u0219i pictat, vasul tibetan este cur\u0103\u021bat cu un amestec de coloran\u021bi. Apoi este plasat \u00eentr-un mediu controlat special, astfel \u00eenc\u00e2t linia sau designul gravat s\u0103 poat\u0103 l\u0103sa urme \u00een urm\u0103. Toate inscrip\u021biile \u0219i ornamentele sunt realizate manual. Acesta este un proces foarte laborios!<\/p>\n<p>APENDICE<br \/>\nRelaxare \u0219i medita\u021bie<br \/>\nVindecarea<br \/>\nAlinierea chakrelor \u0219i cur\u0103\u021barea corpului<br \/>\nTransmiterea energiilor<br \/>\nEnergizarea corpului fizic \u0219i energetic<br \/>\nDecorarea casei \u0219i scopuri de cadouri<\/p>\n<p>Bolurile c\u00e2nt\u0103toare tibetane sunt folosite \u00een \u00eentreaga lume pentru medita\u021bie, muzic\u0103, relaxare \u0219i bun\u0103stare personal\u0103. \u00cen unele practici budiste, castronul c\u00e2nt\u0103tor este folosit ca un indiciu pentru a ini\u021bia medita\u021bia t\u0103cut\u0103.<\/p>\n<p>Bolurile c\u00e2nt\u0103toare tibetane sunt realizate dintr-un aliaj de \u0219apte metale diferite legate de \u0219apte planete astrologice, care creeaz\u0103 o gam\u0103 de sunete \u0219i nuan\u021be diferite. Cele \u0219apte metale sunt: \u200b\u200baur, argint, mercur, cupru, fier, zinc \u0219i alam\u0103 \u0219i sunt reprezentate ca 7 influen\u021be planetare diferite.<\/p>\n<ul>\n<li>Aur = Soarele<\/li>\n<li>Argint = Luna<\/li>\n<li>Mercur = Mercur<\/li>\n<li>Cupru = Venus<\/li>\n<li>Fier = Marte<\/li>\n<li>Zinc = Jupiter<\/li>\n<li>Alama = Saturn<\/li>\n<\/ul>\n<p>Bolurile c\u00e2nt\u0103toare tibetane sunt produse \u0219i ast\u0103zi folosind metode tradi\u021bionale combinate cu tehnici moderne. Ele pot fi simple sau decorate. Uneori, acestea prezint\u0103 iconografie religioas\u0103 \u0219i motive \u0219i simboluri spirituale, cum ar fi mantra tibetan\u0103 Om mani padme hum, imagini cu Buddha sau alte zeit\u0103\u021bi.<\/p>\n","protected":false},"featured_media":20744,"comment_status":"open","ping_status":"closed","template":"","meta":{"_acf_changed":false,"_seopress_robots_primary_cat":"none","_seopress_titles_title":"","_seopress_titles_desc":"","_seopress_robots_index":""},"product_brand":[],"product_cat":[5153],"product_tag":[],"class_list":{"0":"post-17831","1":"product","2":"type-product","3":"status-publish","4":"has-post-thumbnail","6":"product_cat-boluri-cantatoare-tibetane","7":"pif-has-gallery","9":"first","10":"instock","11":"sale","12":"shipping-taxable","13":"purchasable","14":"product-type-variable"},"acf":[],"_links":{"self":[{"href":"https:\/\/www.infozdrave.com\/ro\/wp-json\/wp\/v2\/product\/17831","targetHints":{"allow":["GET"]}}],"collection":[{"href":"https:\/\/www.infozdrave.com\/ro\/wp-json\/wp\/v2\/product"}],"about":[{"href":"https:\/\/www.infozdrave.com\/ro\/wp-json\/wp\/v2\/types\/product"}],"replies":[{"embeddable":true,"href":"https:\/\/www.infozdrave.com\/ro\/wp-json\/wp\/v2\/comments?post=17831"}],"wp:featuredmedia":[{"embeddable":true,"href":"https:\/\/www.infozdrave.com\/ro\/wp-json\/wp\/v2\/media\/20744"}],"wp:attachment":[{"href":"https:\/\/www.infozdrave.com\/ro\/wp-json\/wp\/v2\/media?parent=17831"}],"wp:term":[{"taxonomy":"product_brand","embeddable":true,"href":"https:\/\/www.infozdrave.com\/ro\/wp-json\/wp\/v2\/product_brand?post=17831"},{"taxonomy":"product_cat","embeddable":true,"href":"https:\/\/www.infozdrave.com\/ro\/wp-json\/wp\/v2\/product_cat?post=17831"},{"taxonomy":"product_tag","embeddable":true,"href":"https:\/\/www.infozdrave.com\/ro\/wp-json\/wp\/v2\/product_tag?post=17831"}],"curies":[{"name":"wp","href":"https:\/\/api.w.org\/{rel}","templated":true}]}}