{"id":17841,"date":"2023-08-09T12:34:05","date_gmt":"2023-08-09T09:34:05","guid":{"rendered":"https:\/\/www.infozdrave.com\/?post_type=product&#038;p=17841"},"modified":"2023-11-20T00:00:05","modified_gmt":"2023-11-19T22:00:05","slug":"tibetan-singing-bowl-purple","status":"publish","type":"product","link":"https:\/\/www.infozdrave.com\/ro\/pr\/tibetan-singing-bowl-purple\/","title":{"rendered":"Tibetan Singing Bowl Purple"},"content":{"rendered":"<h3><strong>VASC CANT\u0102TOR TIBETAN, MOV<\/strong><br \/>\n<strong>CORRESPONDE CEI A \u0218ASEA CHAKRA - CENTRU AL INTUI\u021aIEI<\/strong><\/h3>\n<ul>\n<li>Pern\u0103 rotund\u0103 tibetan\u0103<\/li>\n<li>Cioc din lemn de trandafir realizat manual cu piele.<\/li>\n<li>Dimensiunea pernei: 12 cm (diametru)<\/li>\n<li>Fa\u021b\u0103 de pern\u0103: violet<\/li>\n<li>Origine: Nepal<\/li>\n<\/ul>\n","protected":false},"excerpt":{"rendered":"<h2 style=\"text-align: center;\"><strong>C\u00c2NT\u0102TOR TIBETAN<\/strong><\/h2>\n<p>Bolurile c\u00e2nt\u0103toare tibetane sunt produse \u0219i ast\u0103zi folosind metode tradi\u021bionale combinate cu tehnici moderne. Vasul c\u00e2nt\u0103tor tibetan poate fi simplu sau decorat. Uneori prezint\u0103 iconografie religioas\u0103 \u0219i motive \u0219i simboluri spirituale, cum ar fi mantra tibetan\u0103 Om mani padme hum, imagini ale lui Buddha sau ale altor zeit\u0103\u021bi. \u00cen cazul de jos, este reprezentat al treilea ochi, care este ochiul intui\u021biei. Al treilea ochi deschis este un simbol al \u00een\u021belepciunii \u0219i puterii spirituale, o conexiune cu lumea spiritual\u0103 invizibil\u0103.<\/p>\n<p>\u00cenainte de a fi inscrip\u021bionat \u0219i pictat, vasul tibetan este cur\u0103\u021bat cu un amestec de coloran\u021bi. Apoi este plasat \u00eentr-un mediu controlat special, astfel \u00eenc\u00e2t linia sau designul gravat s\u0103 poat\u0103 l\u0103sa urme \u00een urm\u0103. Toate inscrip\u021biile \u0219i ornamentele sunt realizate manual. Acesta este un proces foarte laborios!<\/p>\n<p>Bolurile c\u00e2nt\u0103toare tibetane scot un sunet unic \u0219i lini\u0219titor atunci c\u00e2nd sunt lovite sau frecate. Sunt cunoscute \u0219i sub alte denumiri, cum ar fi boluri himalayane, boluri tibetane c\u00e2nt\u0103toare, boluri de odihn\u0103, clopo\u021bei \u00een picioare, boluri de rug\u0103ciune, boluri pentru yoga, boluri tibetane etc. Bolurile c\u00e2nt\u0103toare tibetane au numeroase beneficii pentru s\u0103n\u0103tate \u0219i sunt folosite \u00een diverse scopuri, cum ar fi medita\u021bia, manipularea chakrelor, reiki etc.<\/p>\n<p>Conform tradi\u021biei tibetane, castroanele c\u00e2nt\u0103toare dateaz\u0103 din secolul al IV-lea. Apoi aceast\u0103 tradi\u021bie special\u0103 a ie\u0219it la lumin\u0103 odat\u0103 cu predicarea \u0219i \u00eenv\u0103\u021b\u0103turile lui Buddha. C\u00e2nd suprafa\u021ba exterioar\u0103 a castronului c\u00e2nt\u0103tor este lovit\u0103 sau frecat\u0103, aceasta \u00eencepe s\u0103 vibreze \u0219i creeaz\u0103 o frecven\u021b\u0103 sonor\u0103 unic\u0103, specific\u0103. Pulsa\u021bia sunetului elibereaz\u0103 \u00een mod natural frecven\u021be corective pentru a regla chakrele dezechilibrate. Aceste frecven\u021be ini\u021biaz\u0103, de asemenea, un flux de energie care provoac\u0103 o schimbare mistic\u0103 \u00een corpul, g\u00e2ndurile \u0219i emo\u021biile noastre. \u00cen trecut, au fost folosi\u021bi pentru puterile lor holistice \u0219i de vindecare. \u00cen zilele noastre, ele sunt \u00eenc\u0103 folosite pentru medita\u021bie, relaxare, vindecare spiritual\u0103, servicii religioase, sesiuni de yoga \u0219i multe altele.<\/p>\n<p>Bolurile c\u00e2nt\u0103toare tibetane se mai numesc \u0219i boluri de vindecare. Sunt fabricate dintr-un aliaj de \u0219apte metale diferite legate de \u0219apte planete astrologice, care creeaz\u0103 o gam\u0103 de sunete \u0219i nuan\u021be diferite. Cele \u0219apte metale sunt: \u200b\u200baur, argint, mercur, cupru, fier, zinc \u0219i alam\u0103 \u0219i corespund a 7 influen\u021be planetare diferite:<\/p>\n<ul>\n<li>Aur = Soare<\/li>\n<li>Argint = Luna<\/li>\n<li>Mercur = Mercur<\/li>\n<li>Cupru = Venus<\/li>\n<li>Fier = Marte<\/li>\n<li>Zinc = Jupiter<\/li>\n<li>Alama = Saturn<\/li>\n<\/ul>\n","protected":false},"featured_media":20760,"comment_status":"open","ping_status":"closed","template":"","meta":{"_acf_changed":false,"_seopress_robots_primary_cat":"none","_seopress_titles_title":"","_seopress_titles_desc":"","_seopress_robots_index":""},"product_brand":[],"product_cat":[5153],"product_tag":[],"class_list":{"0":"post-17841","1":"product","2":"type-product","3":"status-publish","4":"has-post-thumbnail","6":"product_cat-boluri-cantatoare-tibetane","7":"pif-has-gallery","9":"first","10":"outofstock","11":"sale","12":"shipping-taxable","13":"purchasable","14":"product-type-variable"},"acf":[],"_links":{"self":[{"href":"https:\/\/www.infozdrave.com\/ro\/wp-json\/wp\/v2\/product\/17841","targetHints":{"allow":["GET"]}}],"collection":[{"href":"https:\/\/www.infozdrave.com\/ro\/wp-json\/wp\/v2\/product"}],"about":[{"href":"https:\/\/www.infozdrave.com\/ro\/wp-json\/wp\/v2\/types\/product"}],"replies":[{"embeddable":true,"href":"https:\/\/www.infozdrave.com\/ro\/wp-json\/wp\/v2\/comments?post=17841"}],"wp:featuredmedia":[{"embeddable":true,"href":"https:\/\/www.infozdrave.com\/ro\/wp-json\/wp\/v2\/media\/20760"}],"wp:attachment":[{"href":"https:\/\/www.infozdrave.com\/ro\/wp-json\/wp\/v2\/media?parent=17841"}],"wp:term":[{"taxonomy":"product_brand","embeddable":true,"href":"https:\/\/www.infozdrave.com\/ro\/wp-json\/wp\/v2\/product_brand?post=17841"},{"taxonomy":"product_cat","embeddable":true,"href":"https:\/\/www.infozdrave.com\/ro\/wp-json\/wp\/v2\/product_cat?post=17841"},{"taxonomy":"product_tag","embeddable":true,"href":"https:\/\/www.infozdrave.com\/ro\/wp-json\/wp\/v2\/product_tag?post=17841"}],"curies":[{"name":"wp","href":"https:\/\/api.w.org\/{rel}","templated":true}]}}