{"id":17866,"date":"2023-08-09T12:19:19","date_gmt":"2023-08-09T09:19:19","guid":{"rendered":"https:\/\/www.infozdrave.com\/?post_type=product&#038;p=17866"},"modified":"2023-11-18T00:01:42","modified_gmt":"2023-11-17T22:01:42","slug":"tibetan-jambati-singing-bowl","status":"publish","type":"product","link":"https:\/\/www.infozdrave.com\/ro\/pr\/tibetan-jambati-singing-bowl\/","title":{"rendered":"Tibetan Jambati Singing Bowl"},"content":{"rendered":"<h3><strong>BOL CANT\u0102T TIBETAN JAMBATI<\/strong><\/h3>\n<ul>\n<li>Perna in diferite culori.<\/li>\n<li>Cioc din lemn de trandafir cu piele.<\/li>\n<li>Compozi\u021bie: 7 elemente, fiecare dintre ele corespunde celor \u0219apte planete: Soare - Aur, Luna - Argint, Venus - Cupru, Mercur - Mercur, Saturn - Plumb, Marte - Fier, Jupiter - Staniu.<\/li>\n<li>Origine: Nepal<\/li>\n<\/ul>\n","protected":false},"excerpt":{"rendered":"<h2 style=\"text-align: center;\"><strong>BOL CANT\u0102T TIBETAN JAMBATI<\/strong><\/h2>\n<p>&nbsp;<\/p>\n<p>Giambatti sunt unele dintre cele mai frumoase \u0219i mai grele castroane c\u00e2nt\u0103toare de pe pia\u021b\u0103. Fabricate \u00een Nepal, ele reflect\u0103 creativitatea, munca grea, lupta \u0219i pasiunea me\u0219terilor dedica\u021bi. Sunt lucrate manual, cu 4 sau 5 me\u0219teri pricepu\u021bi implica\u021bi \u00een realizarea unui castron c\u00e2nt\u0103tor, cu mare precizie \u0219i aten\u021bie. Astfel, fiecare castron c\u00e2nt\u0103tor devine o capodopera. Se crede c\u0103 acest tip de boluri c\u00e2ntare tibetane antice au \u00eenceput s\u0103 fie fabricate \u00een secolul al XVII-lea sau al XVIII-lea \u0219i a fost folosit \u00een scopuri ceremoniale \u0219i rituale \u0219i pentru depozitarea cerealelor. Bolurile c\u00e2nt\u0103toare tibetane Jambati au pere\u021bi curba\u021bi cu un fund u\u0219or rotunjit pentru a se a\u0219eza pe suprafa\u021ba neted\u0103. Bolurile Jambati sunt ne\u00eempodobite. Perna este in diferite culori iar ciocanul are marginea din piele.<\/p>\n<p>Daca apa este pusa intr-un castron cantat tibetan Jambati si intoarsa, \"fierbe\", se restructura, nu ca temperatura, ci ca vibratie. Afecteaz\u0103 corpul uman \u00een acela\u0219i mod. Este format din 80% lichide, iar sunetul se conecteaz\u0103 cu acestea \u0219i le restructura. Adic\u0103, sunetul func\u021bioneaz\u0103 cu apa din corpul nostru. P\u0103trunde peste tot \u00een corpul nostru \u0219i energia \u00eencepe s\u0103 curg\u0103 uniform \u00een el.<\/p>\n<h2><strong>TERAPIA ANTISTRESS<\/strong><\/h2>\n<p>C\u00e2ntatul castronului tibetan este considerat a fi un tip de medicament energetic care ajut\u0103 \u00een momente de stres, tensiune, durere sau depresie. Frecven\u021bele sonore restaureaz\u0103 \u0219i optimizeaz\u0103 fluxul de energie \u00een p\u0103r\u021bile corpului unde este nevoie. Corpul se simte odihnit \u0219i d\u0103 un semnal creierului c\u0103 totul este \u00een regul\u0103. Astfel, induce mai u\u0219or st\u0103ri de odihn\u0103 \u0219i medita\u021bie. Pe l\u00e2ng\u0103 faptul c\u0103 sunt un mijloc de medita\u021bie mai u\u0219oar\u0103, pot fi folosite \u0219i pentru purificarea apei, armonizarea spa\u021biilor \u0219i chiar \u0219i \u00een m\u00e2ini neexperimentate nu vor face r\u0103u nim\u0103nui.<\/p>\n<h2><strong>MAI MULTE BENEFICII ALE ASCULT\u0102RII \u0218I UTILIZ\u0102RII SUNETELOR VASCURILOR TIBETANE JAMBATI<\/strong><\/h2>\n<ul>\n<li>Ei calmeaz\u0103 mintea<\/li>\n<li>Elimina durerile de cap<\/li>\n<li>Ele armonizeaz\u0103 lumea noastr\u0103 interioar\u0103<\/li>\n<li>Ele ne ajut\u0103 s\u0103 facem fa\u021b\u0103 stresului cotidian,<\/li>\n<li>Acestea reduc anxietatea \u0219i, prin urmare, ne cresc imunitatea<\/li>\n<li>Ele \u00eendep\u0103rteaz\u0103 negativitatea \u0219i tensiunea<\/li>\n<li>Ele \u00eembun\u0103t\u0103\u021besc calitatea somnului nostru<\/li>\n<li>Ne ajut\u0103 s\u0103 ne concentr\u0103m asupra momentului prezent \u0219i astfel s\u0103 cre\u0219tem concentrarea, ceea ce este util \u0219i pentru studen\u021bi \u0219i lucr\u0103tori<\/li>\n<li>Prin sunetele lor ob\u021binem relaxare \u0219i medita\u021bie mai u\u0219oar\u0103<\/li>\n<li>Ele trezesc g\u00e2ndirea creativ\u0103, intui\u021bia \u0219i poten\u021bialul<\/li>\n<li>Ele ajut\u0103 la restabilirea \u0219i normalizarea frecven\u021belor vibra\u021bionale ale corpului, la armonizarea \u0219i echilibrarea min\u021bii<\/li>\n<li>Ele echilibreaz\u0103 cele dou\u0103 emisfere cerebrale, stimul\u00e2nd activitatea undelor alfa<\/li>\n<li>Ne purific\u0103 chakrele \u0219i aura<\/li>\n<\/ul>\n","protected":false},"featured_media":20804,"comment_status":"open","ping_status":"closed","template":"","meta":{"_acf_changed":false,"_seopress_robots_primary_cat":"none","_seopress_titles_title":"","_seopress_titles_desc":"","_seopress_robots_index":""},"product_brand":[],"product_cat":[5153],"product_tag":[],"class_list":{"0":"post-17866","1":"product","2":"type-product","3":"status-publish","4":"has-post-thumbnail","6":"product_cat-boluri-cantatoare-tibetane","7":"pif-has-gallery","9":"first","10":"instock","11":"sale","12":"shipping-taxable","13":"purchasable","14":"product-type-variable"},"acf":[],"_links":{"self":[{"href":"https:\/\/www.infozdrave.com\/ro\/wp-json\/wp\/v2\/product\/17866","targetHints":{"allow":["GET"]}}],"collection":[{"href":"https:\/\/www.infozdrave.com\/ro\/wp-json\/wp\/v2\/product"}],"about":[{"href":"https:\/\/www.infozdrave.com\/ro\/wp-json\/wp\/v2\/types\/product"}],"replies":[{"embeddable":true,"href":"https:\/\/www.infozdrave.com\/ro\/wp-json\/wp\/v2\/comments?post=17866"}],"wp:featuredmedia":[{"embeddable":true,"href":"https:\/\/www.infozdrave.com\/ro\/wp-json\/wp\/v2\/media\/20804"}],"wp:attachment":[{"href":"https:\/\/www.infozdrave.com\/ro\/wp-json\/wp\/v2\/media?parent=17866"}],"wp:term":[{"taxonomy":"product_brand","embeddable":true,"href":"https:\/\/www.infozdrave.com\/ro\/wp-json\/wp\/v2\/product_brand?post=17866"},{"taxonomy":"product_cat","embeddable":true,"href":"https:\/\/www.infozdrave.com\/ro\/wp-json\/wp\/v2\/product_cat?post=17866"},{"taxonomy":"product_tag","embeddable":true,"href":"https:\/\/www.infozdrave.com\/ro\/wp-json\/wp\/v2\/product_tag?post=17866"}],"curies":[{"name":"wp","href":"https:\/\/api.w.org\/{rel}","templated":true}]}}