{"id":17887,"date":"2023-08-09T11:35:19","date_gmt":"2023-08-09T08:35:19","guid":{"rendered":"https:\/\/www.infozdrave.com\/?post_type=product&#038;p=17887"},"modified":"2023-12-04T00:01:38","modified_gmt":"2023-12-03T22:01:38","slug":"boluri-cantatoare-antice-tibetane-seria-m","status":"publish","type":"product","link":"https:\/\/www.infozdrave.com\/ro\/pr\/boluri-cantatoare-antice-tibetane-seria-m\/","title":{"rendered":"Boluri c\u00e2nt\u0103toare antice tibetane Seria M"},"content":{"rendered":"<h3><strong>BOL CANTARE TIBETAN ANTIC SERIA M<\/strong><\/h3>\n<ul>\n<li>Pern\u0103 din \u021bes\u0103tur\u0103 tibetan\u0103 \u00een form\u0103 de inel<\/li>\n<li>Cioc din lemn de trandafir realizat manual cu piele.<\/li>\n<li>M\u0103rimea ciocanului \u00een func\u021bie de dimensiunea vasului<\/li>\n<li>Dimensiunea pernei: diametrul in functie de marimea cupei<\/li>\n<li>Fa\u021b\u0103 de pern\u0103: Culoare: Aleatoriu<\/li>\n<li>Origine: Nepal<\/li>\n<\/ul>\n","protected":false},"excerpt":{"rendered":"<h2 style=\"text-align: center;\"><strong>C\u00c2NT\u0102TOR TIBETAN<\/strong><\/h2>\n<p>Bolurile c\u00e2nt\u0103toare tibetane de pe infozdrave.com sunt atent selectate pentru a le asigura propriet\u0103\u021bile vindec\u0103toare. Aceste capodopere excep\u021bionale sunt realizate cu aten\u021bie pentru sunete puternice \u0219i de lung\u0103 durat\u0103. \u00cen mod tradi\u021bional, bolurile c\u00e2nt\u0103toare tibetane sunt f\u0103cute din \u0219apte metale sacre corespunz\u0103toare celor \u0219apte planete. Bolul c\u00e2nt\u0103tor tibetan antic, seria M este decorat cu iconografie religioas\u0103 \u0219i motive \u0219i simboluri spirituale. \u00cenainte de a fi inscrip\u021bionat \u0219i pictat, vasul tibetan este cur\u0103\u021bat cu un amestec de coloran\u021bi \u0219i cenu\u0219\u0103 de lemn de foc. Apoi este plasat \u00eentr-un mediu special, astfel \u00eenc\u00e2t linia sau designul gravat s\u0103 poat\u0103 l\u0103sa urme \u00een urm\u0103. Toate inscrip\u021biile \u0219i ornamentele sunt realizate manual. Acesta este un proces foarte laborios!<\/p>\n<p>Unii lama de rang \u00eenalt au folosit boluri c\u00e2nt\u0103toare tibetane pentru ofrande rituale c\u0103tre zeii \u0219i zeit\u0103\u021bile lor, iar unii cred c\u0103 au folosit aceste boluri pentru a c\u0103l\u0103tori la un alt nivel de con\u0219tiin\u021b\u0103. Dar era interzis s\u0103 se vorbeasc\u0103 despre asta, chiar \u0219i \u00een m\u0103n\u0103stirile \u00eense\u0219i.<\/p>\n<p>Bolurile c\u00e2nt\u0103toare tibetane sunt fabricate din 7 metale sacre: aur, argint, mercur, cupru, fier, staniu \u0219i plumb \u0219i reprezint\u0103 7 influen\u021be planetare diferite.<\/p>\n<h2><strong>C\u00c2NT\u00c2ND LA PL\u0102 C\u00c2NT\u0102TOARE<\/strong><\/h2>\n<ul>\n<li>Mai \u00eent\u00e2i, pune\u021bi vasul \u00een palm\u0103. Nu \u00eel atinge\u021bi din lateral \u0219i nu \u00eel \u021bine\u021bi cu degetele.<\/li>\n<li>Lovi\u021bi vasul cu ciocanul, \u00eencepe s\u0103 scoat\u0103 un sunet. Acum freca\u021bi \u00eencet ciocanul \u00een jurul bolului la o vitez\u0103 constant\u0103. M\u0103ri\u021bi u\u0219or viteza pe m\u0103sur\u0103 ce bolul \u00eencepe s\u0103 vibreze. Pute\u021bi cre\u0219te sau mic\u0219ora tonul \u00een func\u021bie de dorin\u021ba dvs.<\/li>\n<li>Pute\u021bi produce sunet \u0219i vibra\u021bii doar lovind bolul.<\/li>\n<\/ul>\n<h2>\n<strong>CUM FUNC\u021aIONEAZ\u0102 VASCUL CANT\u0102TOR<\/strong><\/h2>\n<p>Dac\u0103 exist\u0103 tensiune \u00een corp, sunetul produs prin bol, precum \u0219i ascultarea acestuia \u00eel pot relaxa. Bolurile c\u00e2nt\u0103toare produc sunete care induc o stare profund\u0103 de relaxare care ajut\u0103 \u00een mod natural creierul \u0219i corpul s\u0103 intre \u00eentr-o stare meditativ\u0103. Vibra\u021bia este aceea\u0219i cu unda cerebral\u0103 \u0219i ajut\u0103 la intrarea \u00een concentrare profund\u0103. Bolurile sunt un instrument esen\u021bial pentru medita\u021bie.<\/p>\n<h2><strong>CARACTERISTICI VASCUL CANTANT TIBETAN SERIA M<\/strong><\/h2>\n<ul>\n<li>Bolul c\u00e2nt\u0103tor din seria M creeaz\u0103 o pulsa\u021bie a sunetului care ne afecteaz\u0103 creierul.<\/li>\n<li>Bolul c\u00e2nt\u0103tor face ca chakrele s\u0103 se autoregleze \u00een mod natural. Sunetul \u0219i vibra\u021bia efectueaz\u0103 frecven\u021be corective chakrelor dezechilibrate, readuc\u00e2ndu-le la func\u021bionarea lor normal\u0103.<\/li>\n<li>Reduce stresul, anxietatea, furia, tensiunea arterial\u0103, \u00eembun\u0103t\u0103\u021be\u0219te circula\u021bia \u0219i cre\u0219te fluxul sanguin.<\/li>\n<li>Conduce la relaxare profund\u0103, la cre\u0219terea clarit\u0103\u021bii mentale \u0219i emo\u021bionale, promoveaz\u0103 calmul, fericirea \u0219i bun\u0103starea.<\/li>\n<li>Stimuleaz\u0103 sistemul imunitar la meditatori.<\/li>\n<\/ul>\n<h2><strong>CUR\u0102\u021aAREA \u0218I \u00ceNGRIJIREA VASCULUI C\u00c2NTATOR<\/strong><\/h2>\n<p>Pentru a men\u021bine str\u0103lucirea sonor\u0103 \u00een bol, trebuie s\u0103-l cur\u0103\u021ba\u021bi periodic. Folosi\u021bi o\u021bet alb \u0219i o c\u00e2rp\u0103 moale pentru a \u00eendep\u0103rta praful \u0219i urmele aglomerate. Nu freca\u021bi sau culege\u021bi de o suprafa\u021b\u0103 tare, acest lucru va deteriora vasul. De asemenea, ave\u021bi grij\u0103 s\u0103 nu sc\u0103pa\u021bi vasul pe o suprafa\u021b\u0103 tare.<\/p>\n","protected":false},"featured_media":20816,"comment_status":"open","ping_status":"closed","template":"","meta":{"_acf_changed":false,"_seopress_robots_primary_cat":"","_seopress_titles_title":"","_seopress_titles_desc":"","_seopress_robots_index":""},"product_brand":[],"product_cat":[5153],"product_tag":[],"class_list":{"0":"post-17887","1":"product","2":"type-product","3":"status-publish","4":"has-post-thumbnail","6":"product_cat-boluri-cantatoare-tibetane","7":"pif-has-gallery","9":"first","10":"instock","11":"sale","12":"shipping-taxable","13":"purchasable","14":"product-type-variable"},"acf":[],"_links":{"self":[{"href":"https:\/\/www.infozdrave.com\/ro\/wp-json\/wp\/v2\/product\/17887","targetHints":{"allow":["GET"]}}],"collection":[{"href":"https:\/\/www.infozdrave.com\/ro\/wp-json\/wp\/v2\/product"}],"about":[{"href":"https:\/\/www.infozdrave.com\/ro\/wp-json\/wp\/v2\/types\/product"}],"replies":[{"embeddable":true,"href":"https:\/\/www.infozdrave.com\/ro\/wp-json\/wp\/v2\/comments?post=17887"}],"wp:featuredmedia":[{"embeddable":true,"href":"https:\/\/www.infozdrave.com\/ro\/wp-json\/wp\/v2\/media\/20816"}],"wp:attachment":[{"href":"https:\/\/www.infozdrave.com\/ro\/wp-json\/wp\/v2\/media?parent=17887"}],"wp:term":[{"taxonomy":"product_brand","embeddable":true,"href":"https:\/\/www.infozdrave.com\/ro\/wp-json\/wp\/v2\/product_brand?post=17887"},{"taxonomy":"product_cat","embeddable":true,"href":"https:\/\/www.infozdrave.com\/ro\/wp-json\/wp\/v2\/product_cat?post=17887"},{"taxonomy":"product_tag","embeddable":true,"href":"https:\/\/www.infozdrave.com\/ro\/wp-json\/wp\/v2\/product_tag?post=17887"}],"curies":[{"name":"wp","href":"https:\/\/api.w.org\/{rel}","templated":true}]}}