{"id":17901,"date":"2023-08-09T11:24:05","date_gmt":"2023-08-09T08:24:05","guid":{"rendered":"https:\/\/www.infozdrave.com\/?post_type=product&#038;p=17901"},"modified":"2023-12-04T00:01:38","modified_gmt":"2023-12-03T22:01:38","slug":"vasul-cantator-antic-tibetan-rosetta","status":"publish","type":"product","link":"https:\/\/www.infozdrave.com\/ro\/pr\/vasul-cantator-antic-tibetan-rosetta\/","title":{"rendered":"Vasul c\u00e2nt\u0103tor antic Tibetan Rosetta"},"content":{"rendered":"<h3><strong>ROSE C\u00c2NT\u0102TOR ANTIC TIBETAN<\/strong><\/h3>\n<ul>\n<li>O pern\u0103 din \u021bes\u0103tur\u0103 tibetan\u0103 de m\u0103rimea vasului.<\/li>\n<li>Cioc din lemn de trandafir realizat manual cu piele.<\/li>\n<li>Origine: Nepal<\/li>\n<\/ul>\n","protected":false},"excerpt":{"rendered":"<h2 style=\"text-align: center;\"><strong>ROSE C\u00c2NT\u0102TOR ANTIC TIBETAN<\/strong><br \/>\n<strong>EXPERIEN\u021aI ARMONIA SPIRITUAL\u0102 CU ARCELE NOASTRE TIBETANE<\/strong><\/h2>\n<p>&nbsp;<\/p>\n<p>Retrage\u021bi-v\u0103 de stresul vie\u021bii de zi cu zi \u0219i s\u0103rb\u0103tori\u021bi sufletul cu sunetul unic al bolurilor c\u00e2ntatoare tibetane Rosetta. Acest instrument str\u0103vechi, asociat cu tradi\u021bia \u00eendelungat\u0103 a budismului, ofer\u0103 momente de pace interioar\u0103 \u0219i medita\u021bie.<\/p>\n<p>Bolurile noastre c\u00e2nt\u0103toare tibetane sunt lucrate \u0219i decorate de me\u0219teri cu ani de experien\u021b\u0103 folosind aliaje metalice de cea mai \u00eenalt\u0103 calitate. Fiecare bol are un sunet \u0219i o vibra\u021bie unice care te vor captiva prin frumuse\u021bea lor.<\/p>\n<h3><strong>TERAPIA SUNET\u0102R\u0102<\/strong><\/h3>\n<p>Utiliza\u021bi castronul c\u00e2nt\u0103tor tibetan pentru a v\u0103 relaxa \u0219i a ob\u021bine pacea \u0219i lini\u0219tea interioar\u0103. Vibra\u021biile sonore v\u0103 pot ajuta s\u0103 elibera\u021bi tensiunea \u0219i s\u0103 atinge\u021bi echilibrul mental.<\/p>\n<p>Ofer\u0103-\u021bi tie sau celor dragi un cadou unic pentru suflet - Tibetan Rosetta Singing Bowl, care te va trezi la noi niveluri de spiritualitate \u0219i pace interioar\u0103.<\/p>\n<h2><strong>COMANDA\u021aI AST\u0102ZI VASOUL CANTANT TIBETAN \u0218I DEscoperi\u021bi magia sunetului \u0219i a medita\u021biei<\/strong><\/h2>\n<p>Bolurile c\u00e2nt\u0103toare tibetane sunt atent selectate pentru a le asigura propriet\u0103\u021bile vindec\u0103toare. Aceste capodopere de vindecare excep\u021bionale sunt realizate cu aten\u021bie pentru sunete puternice \u0219i de lung\u0103 durat\u0103. \u00cen mod tradi\u021bional, bolurile sunt f\u0103cute din \u0219apte metale sacre: aur, argint, mercur, cupru, fier, staniu \u0219i plumb \u0219i sunt reprezentate ca 7 influen\u021be planetare diferite. Vasul antic tibetan c\u00e2nt\u0103tor Rosetta este decorat cu iconografie religioas\u0103 \u0219i motive \u0219i simboluri spirituale. \u00cenainte de a fi inscrip\u021bionat \u0219i pictat, vasul tibetan este cur\u0103\u021bat cu un amestec de coloran\u021bi \u0219i cenu\u0219\u0103 de lemn de foc. Apoi este plasat \u00eentr-un mediu controlat special, astfel \u00eenc\u00e2t linia sau designul gravat s\u0103 poat\u0103 l\u0103sa urme \u00een urm\u0103. Toate inscrip\u021biile \u0219i ornamentele sunt realizate manual. Acesta este un proces foarte laborios!<\/p>\n<h2><strong>CUM FUNc\u021bioneaz\u0103 PEESHTATS TIBETAN CUMp\u0103r\u0103 struguri<\/strong><\/h2>\n<p>Sunetul bolurilor tibetane, precum \u0219i ascultarea acestuia, relaxeaz\u0103 sistemul nervos \u0219i creeaz\u0103 o senza\u021bie de calm. Bolurile c\u00e2nt\u0103toare produc sunete care induc o stare profund\u0103 de relaxare care ajut\u0103 \u00een mod natural creierul \u0219i corpul s\u0103 intre \u00eentr-o stare meditativ\u0103. Vibra\u021bia este aceea\u0219i cu unda cerebral\u0103 \u0219i ajut\u0103 la intrarea \u00een concentrare profund\u0103. Bolurile sunt un instrument esen\u021bial pentru medita\u021bie.<\/p>\n<h2><strong>C\u00c2NT\u00c2ND LA PL\u0102 C\u00c2NT\u0102TOARE<\/strong><\/h2>\n<ul>\n<li>Mai \u00eent\u00e2i, pune\u021bi vasul \u00een palm\u0103. Nu \u00eel atinge\u021bi din lateral \u0219i nu \u00eel \u021bine\u021bi cu degetele.<\/li>\n<li>Lovi\u021bi vasul cu ciocanul, \u00eencepe s\u0103 scoat\u0103 un sunet. Acum freca\u021bi \u00eencet ciocanul \u00een jurul bolului la o vitez\u0103 constant\u0103. M\u0103ri\u021bi u\u0219or viteza pe m\u0103sur\u0103 ce bolul \u00eencepe s\u0103 vibreze. Pute\u021bi cre\u0219te sau mic\u0219ora tonul \u00een func\u021bie de nevoile dvs.<\/li>\n<li>Pute\u021bi produce sunet \u0219i vibra\u021bii doar lovind bolul.<\/li>\n<\/ul>\n<h2><strong>BENEFICII ALE ELEVULUI TIBETAN ROSETTA<\/strong><\/h2>\n<ul>\n<li>Vasul c\u00e2nt\u0103tor creeaz\u0103 o pulsa\u021bie a sunetului care afecteaz\u0103 creierul.<\/li>\n<li>Bolul c\u00e2nt\u0103tor face ca chakrele s\u0103 se autoregleze \u00een mod natural. Sunetul \u0219i vibra\u021bia efectueaz\u0103 frecven\u021be corective chakrelor dezechilibrate, readuc\u00e2ndu-le la func\u021bionarea lor normal\u0103.<\/li>\n<li>Reduce stresul, anxietatea, furia, tensiunea arterial\u0103, \u00eembun\u0103t\u0103\u021be\u0219te circula\u021bia \u0219i cre\u0219te fluxul sanguin.<\/li>\n<li>Ne conduce la relaxare profund\u0103, o claritate mental\u0103 \u0219i emo\u021bional\u0103 sporit\u0103, promoveaz\u0103 calmul, fericirea \u0219i bun\u0103starea.<\/li>\n<li>Stimuleaz\u0103 sistemul imunitar la meditatori.<\/li>\n<\/ul>\n<h2>\n<strong>CUR\u0102\u021aAREA \u0218I \u00ceNGRIJIREA VASCULUI C\u00c2NTATOR<\/strong><\/h2>\n<p>Pentru a men\u021bine str\u0103lucirea sonor\u0103 \u00een bol, trebuie s\u0103-l cur\u0103\u021ba\u021bi periodic. Folosi\u021bi o\u021bet alb \u0219i o c\u00e2rp\u0103 moale pentru a \u00eendep\u0103rta praful \u0219i urmele aglomerate. Nu freca\u021bi sau culege\u021bi de o suprafa\u021b\u0103 tare, acest lucru va deteriora vasul. De asemenea, ave\u021bi grij\u0103 s\u0103 nu sc\u0103pa\u021bi vasul pe o suprafa\u021b\u0103 tare, deoarece acest lucru \u00eel va deteriora.<\/p>\n<p>Comanda pe site-ul nostru: www.infozdrave.com<\/p>\n<p>Sau pentru mai multe informa\u021bii la: 0899 973 924<\/p>\n","protected":false},"featured_media":20836,"comment_status":"open","ping_status":"closed","template":"","meta":{"_acf_changed":false,"_seopress_robots_primary_cat":"","_seopress_titles_title":"","_seopress_titles_desc":"","_seopress_robots_index":""},"product_brand":[],"product_cat":[5153],"product_tag":[],"class_list":{"0":"post-17901","1":"product","2":"type-product","3":"status-publish","4":"has-post-thumbnail","6":"product_cat-boluri-cantatoare-tibetane","7":"pif-has-gallery","9":"first","10":"instock","11":"sale","12":"shipping-taxable","13":"purchasable","14":"product-type-variable"},"acf":[],"_links":{"self":[{"href":"https:\/\/www.infozdrave.com\/ro\/wp-json\/wp\/v2\/product\/17901","targetHints":{"allow":["GET"]}}],"collection":[{"href":"https:\/\/www.infozdrave.com\/ro\/wp-json\/wp\/v2\/product"}],"about":[{"href":"https:\/\/www.infozdrave.com\/ro\/wp-json\/wp\/v2\/types\/product"}],"replies":[{"embeddable":true,"href":"https:\/\/www.infozdrave.com\/ro\/wp-json\/wp\/v2\/comments?post=17901"}],"wp:featuredmedia":[{"embeddable":true,"href":"https:\/\/www.infozdrave.com\/ro\/wp-json\/wp\/v2\/media\/20836"}],"wp:attachment":[{"href":"https:\/\/www.infozdrave.com\/ro\/wp-json\/wp\/v2\/media?parent=17901"}],"wp:term":[{"taxonomy":"product_brand","embeddable":true,"href":"https:\/\/www.infozdrave.com\/ro\/wp-json\/wp\/v2\/product_brand?post=17901"},{"taxonomy":"product_cat","embeddable":true,"href":"https:\/\/www.infozdrave.com\/ro\/wp-json\/wp\/v2\/product_cat?post=17901"},{"taxonomy":"product_tag","embeddable":true,"href":"https:\/\/www.infozdrave.com\/ro\/wp-json\/wp\/v2\/product_tag?post=17901"}],"curies":[{"name":"wp","href":"https:\/\/api.w.org\/{rel}","templated":true}]}}