{"id":17927,"date":"2023-08-09T10:39:25","date_gmt":"2023-08-09T07:39:25","guid":{"rendered":"https:\/\/www.infozdrave.com\/?post_type=product&#038;p=17927"},"modified":"2023-12-04T00:01:38","modified_gmt":"2023-12-03T22:01:38","slug":"vasul-antic-tibetan-cantand-yin-yang","status":"publish","type":"product","link":"https:\/\/www.infozdrave.com\/ro\/pr\/vasul-antic-tibetan-cantand-yin-yang\/","title":{"rendered":"Vasul antic tibetan c\u00e2nt\u00e2nd Yin Yang"},"content":{"rendered":"<h3><strong>VASC CANTANT TIBETAN ANTIC<\/strong><\/h3>\n<ul>\n<li>Pern\u0103 din \u021bes\u0103tur\u0103 tibetan\u0103 \u00een form\u0103 de inel<\/li>\n<li>Cioc din lemn de trandafir realizat manual cu piele.<\/li>\n<li>Origine: Nepal<\/li>\n<li>Greutate: aproximativ 630 g pentru un bol de 13 cm<\/li>\n<\/ul>\n","protected":false},"excerpt":{"rendered":"<h2 style=\"text-align: center;\"><strong>C\u00c2NT\u0102TOR TIBETAN<\/strong><\/h2>\n<p>Bolurile c\u00e2nt\u0103toare tibetane sunt folosite nu numai \u00een Tibet, ci \u0219i \u00een diferite p\u0103r\u021bi ale Himalaya \u0219i \u00een comunit\u0103\u021bile budiste din \u00eentreaga lume. Iat\u0103 c\u00e2teva informa\u021bii suplimentare despre acest instrument:<\/p>\n<h2><strong>ISTORIE \u0218I SIMBOLISM<\/strong><\/h2>\n<p>Bolurile c\u00e2nt\u0103toare tibetane au o istorie lung\u0103 asociat\u0103 cu budismul \u0219i cultura tibetan\u0103. Ele sunt folosite \u00een ritualuri religioase, medita\u021bii \u0219i ceremonii \u0219i sunt adesea asociate cu simbolismul sunetului \u0219i vibra\u021biilor ca mijloc de a ob\u021bine iluminarea spiritual\u0103.<\/p>\n<h2><strong>PRODUC\u021aIE<\/strong><\/h2>\n<p>Bolurile c\u00e2nt\u0103toare tibetane sunt realizate de me\u0219teri instrui\u021bi \u0219i cu experien\u021b\u0103 \u00eendelungat\u0103. Bolurile c\u00e2nt\u0103toare tibetane sunt create din aliaje metalice, care sunt un amestec de diferite metale, cum ar fi aurul, argintul, cuprul \u0219i altele. Combina\u021bia \u0219i procesul de fabrica\u021bie determin\u0103 sunetul \u0219i calit\u0103\u021bile bolului.<\/p>\n<h2><strong>SCOPURI MEDITIVE \u0218I TERAPEUTICE<\/strong><\/h2>\n<p>Bolurile c\u00e2nt\u0103toare tibetane sunt folosite \u00een medita\u021bie \u0219i terapia sonor\u0103. Se crede c\u0103 vibra\u021biile sonore ajut\u0103 la relaxare, concentrare \u0219i re-energizare. Unii oameni \u00ee\u0219i folosesc terapia cu sunet pentru a ameliora stresul \u0219i tensiunea.<\/p>\n<h2><strong>INSTRUMENT MUZICAL<\/strong><\/h2>\n<p>Pe l\u00e2ng\u0103 contextele religioase, bolurile c\u00e2nt\u0103toare tibetane sunt, de asemenea, folosite ca instrument muzical \u00een muzica experimental\u0103 \u0219i meditativ\u0103. Muzicienii le folosesc pentru a crea sunete \u0219i melodii atmosferice.<\/p>\n<h2><strong>O VARIETATE DE DIMENSIUNI SI FORME<\/strong><\/h2>\n<p>Aceste boluri vin \u00een diferite dimensiuni, forme \u0219i modele. Atunci c\u00e2nd alege\u021bi un astfel de bol, este important s\u0103 acorda\u021bi aten\u021bie sunetului \u0219i sentimentului pe care \u00eel evoc\u0103 atunci c\u00e2nd c\u00e2nta\u021bi, deoarece fiecare instrument este unic. Vasul c\u00e2nt\u0103tor tibetan are o istorie cultural\u0103 \u0219i spiritual\u0103 bogat\u0103 \u0219i este folosit \u00eentr-o varietate de domenii pentru a atinge armonia spiritual\u0103 \u0219i pacea interioar\u0103.<\/p>\n<p>Un castron antic tibetan c\u00e2nt\u0103tor Yin-Yang este decorat cu iconografie religioas\u0103 \u0219i motive \u0219i simboluri spirituale. \u00cenainte de a fi inscrip\u021bionat \u0219i pictat, vasul tibetan Yin Yang a fost cur\u0103\u021bat cu un amestec de coloran\u021bi \u0219i cenu\u0219\u0103 de lemn de foc. Apoi este plasat \u00eentr-un mediu controlat special, astfel \u00eenc\u00e2t linia sau designul gravat s\u0103 poat\u0103 l\u0103sa urme \u00een urm\u0103. Toate inscrip\u021biile \u0219i ornamentele sunt realizate manual. Acesta este un proces foarte laborios! Bolurile c\u00e2nt\u0103toare tibetane sunt realizate dintr-un aliaj de \u0219apte metale diferite legate de \u0219apte planete astrologice, care creeaz\u0103 o gam\u0103 de sunete \u0219i nuan\u021be diferite. Cele \u0219apte metale sunt: \u200b\u200baur, argint, mercur, cupru, fier, zinc \u0219i alam\u0103 \u0219i sunt reprezentate ca 7 influen\u021be planetare diferite:<\/p>\n<ul>\n<li>Aur = Soarele<\/li>\n<li>Argint = Luna<\/li>\n<li>Mercur = Mercur<\/li>\n<li>Cupru = Venus<\/li>\n<li>Fier = Marte<\/li>\n<li>Zinc = Jupiter<\/li>\n<li>Alama = Saturn<\/li>\n<\/ul>\n<h2><strong>BENEFICIILE VASCULUI CANTANT TIBETAN<\/strong><\/h2>\n<ul>\n<li>Bolul c\u00e2nt\u0103tor creeaz\u0103 o pulsa\u021bie a sunetului care afecteaz\u0103 creierul \u0219i \u00eel relaxeaz\u0103.<\/li>\n<li>Bolul c\u00e2nt\u0103tor face ca chakrele s\u0103 se autoregleze \u00een mod natural. Sunetul \u0219i vibra\u021bia efectueaz\u0103 frecven\u021be corective chakrelor dezechilibrate, readuc\u00e2ndu-le la func\u021bionarea lor normal\u0103.<\/li>\n<li>Reduce stresul, anxietatea, furia, tensiunea arterial\u0103, \u00eembun\u0103t\u0103\u021be\u0219te circula\u021bia \u0219i cre\u0219te fluxul sanguin.<\/li>\n<li>Conduce la relaxare profund\u0103, la cre\u0219terea clarit\u0103\u021bii mentale \u0219i emo\u021bionale, promoveaz\u0103 calmul, fericirea \u0219i bun\u0103starea.<\/li>\n<li>Stimuleaz\u0103 sistemul imunitar la meditatori.<\/li>\n<\/ul>\n<h2><strong>C\u00c2NT\u00c2ND LA PL\u0102 C\u00c2NT\u0102TOARE<\/strong><\/h2>\n<ul>\n<li>Mai \u00eent\u00e2i, pune\u021bi vasul \u00een palm\u0103. Nu \u00eel atinge\u021bi din lateral \u0219i nu \u00eel \u021bine\u021bi cu degetele.<\/li>\n<li>Lovi\u021bi vasul cu ciocanul, \u00eencepe s\u0103 scoat\u0103 un sunet. Acum freca\u021bi \u00eencet ciocanul \u00een jurul bolului la o vitez\u0103 constant\u0103. M\u0103ri\u021bi u\u0219or viteza pe m\u0103sur\u0103 ce bolul \u00eencepe s\u0103 vibreze. Pute\u021bi cre\u0219te sau mic\u0219ora tonul \u00een func\u021bie de dorin\u021ba dvs.<\/li>\n<li>Pute\u021bi produce sunet \u0219i vibra\u021bii doar lovind bolul.<\/li>\n<\/ul>\n<p>Bolul cantat Yin Yang este realizat intr-o fabrica specializata din Nepal.<\/p>\n<p>Bolurile c\u00e2nt\u0103toare tibetane sunt folosite \u00een \u00eentreaga lume pentru medita\u021bie, muzic\u0103, relaxare \u0219i bun\u0103stare personal\u0103. \u00cen unele practici budiste, castronul c\u00e2nt\u0103tor este folosit ca semnal pentru a ini\u021bia medita\u021bia t\u0103cut\u0103. Bolurile c\u00e2nt\u0103toare tibetane sunt produse \u0219i ast\u0103zi folosind metode tradi\u021bionale combinate cu tehnici moderne. Ele pot fi simple sau decorate. Uneori, acestea prezint\u0103 iconografie religioas\u0103 \u0219i motive \u0219i simboluri spirituale, cum ar fi mantra tibetan\u0103 Om mani padme hum, imagini cu Buddha sau alte zeit\u0103\u021bi.<\/p>\n","protected":false},"featured_media":20864,"comment_status":"open","ping_status":"closed","template":"","meta":{"_acf_changed":false,"_seopress_robots_primary_cat":"","_seopress_titles_title":"","_seopress_titles_desc":"","_seopress_robots_index":""},"product_brand":[],"product_cat":[5153],"product_tag":[],"class_list":{"0":"post-17927","1":"product","2":"type-product","3":"status-publish","4":"has-post-thumbnail","6":"product_cat-boluri-cantatoare-tibetane","7":"pif-has-gallery","9":"first","10":"instock","11":"sale","12":"shipping-taxable","13":"purchasable","14":"product-type-variable"},"acf":[],"_links":{"self":[{"href":"https:\/\/www.infozdrave.com\/ro\/wp-json\/wp\/v2\/product\/17927","targetHints":{"allow":["GET"]}}],"collection":[{"href":"https:\/\/www.infozdrave.com\/ro\/wp-json\/wp\/v2\/product"}],"about":[{"href":"https:\/\/www.infozdrave.com\/ro\/wp-json\/wp\/v2\/types\/product"}],"replies":[{"embeddable":true,"href":"https:\/\/www.infozdrave.com\/ro\/wp-json\/wp\/v2\/comments?post=17927"}],"wp:featuredmedia":[{"embeddable":true,"href":"https:\/\/www.infozdrave.com\/ro\/wp-json\/wp\/v2\/media\/20864"}],"wp:attachment":[{"href":"https:\/\/www.infozdrave.com\/ro\/wp-json\/wp\/v2\/media?parent=17927"}],"wp:term":[{"taxonomy":"product_brand","embeddable":true,"href":"https:\/\/www.infozdrave.com\/ro\/wp-json\/wp\/v2\/product_brand?post=17927"},{"taxonomy":"product_cat","embeddable":true,"href":"https:\/\/www.infozdrave.com\/ro\/wp-json\/wp\/v2\/product_cat?post=17927"},{"taxonomy":"product_tag","embeddable":true,"href":"https:\/\/www.infozdrave.com\/ro\/wp-json\/wp\/v2\/product_tag?post=17927"}],"curies":[{"name":"wp","href":"https:\/\/api.w.org\/{rel}","templated":true}]}}