{"id":17957,"date":"2023-08-08T12:28:43","date_gmt":"2023-08-08T09:28:43","guid":{"rendered":"https:\/\/www.infozdrave.com\/?post_type=product&#038;p=17957"},"modified":"2024-10-01T11:01:29","modified_gmt":"2024-10-01T08:01:29","slug":"vas-antic-tibetan-cantator-om-cu-fund-in-relief","status":"publish","type":"product","link":"https:\/\/www.infozdrave.com\/ro\/pr\/vas-antic-tibetan-cantator-om-cu-fund-in-relief\/","title":{"rendered":"Vas antic tibetan c\u00e2nt\u0103tor Om cu fund \u00een relief"},"content":{"rendered":"<h3><strong>VASC CANT\u0102TOR ANTIC TIBETAN OM CU FOND ESTAVAT<\/strong><\/h3>\n<ul>\n<li>Pern\u0103 din \u021bes\u0103tur\u0103 tibetan\u0103 \u00een form\u0103 de inel<\/li>\n<li>Cioc din lemn de trandafir realizat manual cu piele.<\/li>\n<li>Origine: Nepal<\/li>\n<li>Greutate: aproximativ 500 g pentru un bol de 13 cm<\/li>\n<\/ul>\n","protected":false},"excerpt":{"rendered":"<h2 style=\"text-align: center;\"><strong>VASC CANT\u0102TOR ANTIC TIBETAN OM CU FOND ESTAVAT<\/strong><\/h2>\n<h2>\n<strong>APENDICE<\/strong><\/h2>\n<ul>\n<li>Relaxare \u0219i medita\u021bie<\/li>\n<li>Vindecarea<\/li>\n<li>Alinierea chakrelor \u0219i cur\u0103\u021barea corpului<\/li>\n<li>Transmiterea energiilor<\/li>\n<li>Energizarea corpului fizic \u0219i energetic<\/li>\n<li>Decorarea casei \u0219i scopuri de cadouri<\/li>\n<\/ul>\n<p>Bolurile c\u00e2nt\u0103toare tibetane sunt folosite \u00een \u00eentreaga lume pentru medita\u021bie, muzic\u0103, relaxare \u0219i bun\u0103stare personal\u0103. \u00cen unele practici budiste, castronul c\u00e2nt\u0103tor este folosit ca semnal pentru a \u00eencepe medita\u021bia t\u0103cut\u0103. Un castron antic tibetan c\u00e2nt\u0103tor Om este decorat cu iconografie religioas\u0103 \u0219i motive \u0219i simboluri spirituale. Cea mai venerata mantra tibetana este Om mani padme hum. Mani \u00eenseamn\u0103 \u201ebijuterie\u201d sau \u201egranule\u201d, Padma \u00eenseamn\u0103 \u201efloare de lotus\u201d, care este o floare sacr\u0103 pentru budi\u0219ti. Se crede c\u0103 binecuv\u00e2ntarea mantrei se r\u0103sp\u00e2nde\u0219te atunci c\u00e2nd este gravat\u0103 sau scris\u0103. Vasul antic tibetan c\u00e2nt\u0103tor Om are o form\u0103 specific\u0103 \u0219i o buz\u0103 \u00eentoars\u0103 \u00een sus (marginea superioar\u0103 rotunjit\u0103). Acest lucru d\u0103 o densitate specific\u0103 sunetului pe care \u00eel emite. \u00cenainte de a fi inscrip\u021bionat \u0219i pictat, bolul c\u00e2nt\u0103tor tibetan este cur\u0103\u021bat cu un amestec de coloran\u021bi \u0219i cenu\u0219\u0103 de lemn de foc. Apoi este plasat \u00eentr-un mediu controlat special, astfel \u00eenc\u00e2t linia sau designul gravat s\u0103 poat\u0103 l\u0103sa urme \u00een urm\u0103. Toate inscrip\u021biile \u0219i ornamentele sunt realizate manual. Acesta este un proces foarte laborios.<\/p>\n<h2><strong>FIECARE DINTRE SILABELE MANTREI TRANSFORM\u0102 UN SINGUR DETRANGERATOR<\/strong><\/h2>\n<ul>\n<li>OM \u2013 transform\u0103 m\u00e2ndria \u0219i egoismul<\/li>\n<li>MA \u2013 gelozie \u0219i invidie<\/li>\n<li>NI \u2013 ata\u0219ament \u0219i dorin\u021be egoiste<\/li>\n<li>PAD \u2013 ignoran\u021b\u0103 \u0219i confuzie<\/li>\n<li>EU \u2013 l\u0103comia \u0219i avari\u021bia<\/li>\n<li>HUM \u2013 ura si furie<\/li>\n<\/ul>\n<p>\u201eRecitarea acestei mantre ajut\u0103 la atingerea perfec\u021biunii \u00een cele \u0219ase practici, de la generozitate la \u00een\u021belepciune. Calea celor \u0219ase perfec\u021biuni este o cale parcurs\u0103 de to\u021bi Buddha din cele trei timpuri. Ce ar fi atunci mai semnificativ dec\u00e2t rostirea mantrei cu voce tare \u0219i atingerea cele \u0219ase perfec\u021biuni?\u201d Lama Rinpoche.<\/p>\n<p>Bolurile c\u00e2nt\u0103toare tibetane se mai numesc \u0219i boluri de vindecare. Sunt fabricate dintr-un aliaj de \u0219apte metale diferite legate de \u0219apte planete astrologice, care creeaz\u0103 o gam\u0103 de sunete \u0219i nuan\u021be diferite. Cele \u0219apte metale sunt: \u200b\u200baur, argint, mercur, cupru, fier, zinc \u0219i alam\u0103 \u0219i sunt reprezentate ca 7 influen\u021be planetare diferite.<\/p>\n<ul>\n<li>Aur = Soarele<\/li>\n<li>Argint = Luna<\/li>\n<li>Mercur = Mercur<\/li>\n<li>Cupru = Venus<\/li>\n<li>Fier = Marte<\/li>\n<li>Zinc = Jupiter<\/li>\n<li>Alama = Saturn<\/li>\n<\/ul>\n<p>Bolurile c\u00e2nt\u0103toare tibetane sunt produse \u0219i ast\u0103zi folosind metode tradi\u021bionale combinate cu tehnici moderne. Scrisul \u0219i gravura se fac manual, necesit\u0103 abilit\u0103\u021bi speciale \u0219i necesit\u0103 mult timp.<\/p>\n","protected":false},"featured_media":20916,"comment_status":"open","ping_status":"closed","template":"","meta":{"_acf_changed":false,"_seopress_robots_primary_cat":"","_seopress_titles_title":"","_seopress_titles_desc":"","_seopress_robots_index":""},"product_brand":[],"product_cat":[5153],"product_tag":[5174],"class_list":{"0":"post-17957","1":"product","2":"type-product","3":"status-publish","4":"has-post-thumbnail","6":"product_cat-boluri-cantatoare-tibetane","7":"product_tag-nachalna-stranitsa-ro","8":"pif-has-gallery","10":"first","11":"instock","12":"sale","13":"shipping-taxable","14":"purchasable","15":"product-type-variable"},"acf":[],"_links":{"self":[{"href":"https:\/\/www.infozdrave.com\/ro\/wp-json\/wp\/v2\/product\/17957","targetHints":{"allow":["GET"]}}],"collection":[{"href":"https:\/\/www.infozdrave.com\/ro\/wp-json\/wp\/v2\/product"}],"about":[{"href":"https:\/\/www.infozdrave.com\/ro\/wp-json\/wp\/v2\/types\/product"}],"replies":[{"embeddable":true,"href":"https:\/\/www.infozdrave.com\/ro\/wp-json\/wp\/v2\/comments?post=17957"}],"wp:featuredmedia":[{"embeddable":true,"href":"https:\/\/www.infozdrave.com\/ro\/wp-json\/wp\/v2\/media\/20916"}],"wp:attachment":[{"href":"https:\/\/www.infozdrave.com\/ro\/wp-json\/wp\/v2\/media?parent=17957"}],"wp:term":[{"taxonomy":"product_brand","embeddable":true,"href":"https:\/\/www.infozdrave.com\/ro\/wp-json\/wp\/v2\/product_brand?post=17957"},{"taxonomy":"product_cat","embeddable":true,"href":"https:\/\/www.infozdrave.com\/ro\/wp-json\/wp\/v2\/product_cat?post=17957"},{"taxonomy":"product_tag","embeddable":true,"href":"https:\/\/www.infozdrave.com\/ro\/wp-json\/wp\/v2\/product_tag?post=17957"}],"curies":[{"name":"wp","href":"https:\/\/api.w.org\/{rel}","templated":true}]}}