{"id":18070,"date":"2023-07-24T23:47:50","date_gmt":"2023-07-24T20:47:50","guid":{"rendered":"https:\/\/www.infozdrave.com\/?post_type=product&#038;p=18070"},"modified":"2023-11-14T12:23:22","modified_gmt":"2023-11-14T10:23:22","slug":"perla-in-coaja-completa-cu-colier-si-inel-in-cutie-violet","status":"publish","type":"product","link":"https:\/\/www.infozdrave.com\/ro\/pr\/perla-in-coaja-completa-cu-colier-si-inel-in-cutie-violet\/","title":{"rendered":"Perl\u0103 \u00een coaj\u0103 complet\u0103 cu colier \u0219i inel \u00een cutie violet"},"content":{"rendered":"<h3><strong>SETUL CON\u021aINE:<\/strong><\/h3>\n<ul>\n<li>O adev\u0103rat\u0103 perl\u0103 \u00eentr-o cochilie, sigilat\u0103 \u00eentr-o cutie.<\/li>\n<li>Un colier \u00een care este pus\u0103 perla.<\/li>\n<li>Inel de perla.<\/li>\n<li>O bro\u0219ur\u0103 cu o legend\u0103 despre formarea primei perle.<\/li>\n<li>Cu\u021bit pentru deschiderea scoicilor.<\/li>\n<li>Cutie de ambalare spectaculoas\u0103 \u00een mai multe culori.<\/li>\n<li>Dimensiune cutie: 3,5 x 18 x 10 cm.<\/li>\n<li>Pe cutie vei g\u0103si o legend\u0103 care simbolizeaz\u0103 ce culoare \u0219i vei afla care este norocul t\u0103u.<\/li>\n<\/ul>\n","protected":false},"excerpt":{"rendered":"<h2 style=\"text-align: center;\"><strong>PERLELE SUNT PREMIERE NATURALE INFLUEN\u021aE CU PUTEREA MISTERULUI. DESCHIDE-\u021aI COCHILA \u0218I MAGIA VA FI DEZLAN\u021a\u0102.<\/strong><\/h2>\n<p>&nbsp;<\/p>\n<p>\u00centoarce-te \u00een marea emo\u021biilor \u0219i a pasiunii cu setul nostru cadou exclusiv Pearl in the Shell. Acest set este o combina\u021bie rafinat\u0103 \u00eentre o perl\u0103 adev\u0103rat\u0103 \u00een scoica, str\u0103lucirea valurilor oceanului \u0219i simbolismul unic al scoicii, toate combinate cu un colier frumos. \u201ePerla dragostei \u00eentr-o scoic\u0103\u201d nu este doar un cadou, este un mesaj despre dragoste, secretul inimii \u0219i rela\u021bia dintre doi oameni.<\/p>\n<p>De ce s\u0103 alege\u021bi \u201ePearl in the Shell\u201d?<\/p>\n<p>Un simbol al frumuse\u021bii \u0219i purit\u0103\u021bii: perlele adev\u0103rate reprezint\u0103 frumuse\u021bea \u0219i elegan\u021ba iubirii adev\u0103rate.<\/p>\n<p>Secretul oceanului: scoica este un simbol al ad\u00e2ncurilor oceanului \u0219i al secretelor pe care le de\u021bine. Cadoul poart\u0103 cu el o promisiune de a dezv\u0103lui cele mai ascunse sentimente.<\/p>\n<p>Simbol al conexiunii: Colierul cu scoici poate fi interpretat ca un simbol al conexiunii dintre doi oameni \u0219i o promisiune a iubirii eterne.<\/p>\n<p>Acest set cadou nu este doar o bijuterie, ci un adev\u0103rat cadou emo\u021bionant care va l\u0103sa o impresie de neuitat \u0219i va exprima cele mai profunde sentimente pentru partenerul t\u0103u special. Descoper\u0103 secretul iubirii cu \u201ePearl in the Shell\u201d.<\/p>\n<p>Cum te sim\u021bi s\u0103 deschizi o scoic\u0103 cu o perl\u0103 adev\u0103rat\u0103 care a fost \u00een t\u0103cere \u0219i singur\u0103tate de ani de zile \u0219i s\u0103 fii primul care o atinge? Crea\u021bi o emo\u021bie unic\u0103 \u0219i experimenta\u021bi-o \u00eempreun\u0103 deschiz\u00e2nd scoica \u0219i descoperind perla ascuns\u0103 \u00een ea! Vede\u021bi recuno\u0219tin\u021ba \u0219i surpriza din ochii femeii iubite atunci c\u00e2nd deschide\u021bi acest cadou neobi\u0219nuit!<\/p>\n<p>Misterul cadoului este c\u0103 nimeni nu \u0219tie ce culoare va avea perla din coaj\u0103... \u0218i fiecare culoare are un alt sens: iubire, s\u0103n\u0103tate, fericire, \u00een\u021belepciune sau bog\u0103\u021bie. Cheia acestui cadou neobi\u0219nuit este entuziasmul \u0219i misterul de a deschide scoica \u0219i de a-\u021bi g\u0103si propria perl\u0103 cu culoarea ta norocoas\u0103 \u0219i un mesaj doar pentru tine.<\/p>\n<p>Perlele sunt pietre pre\u021bioase naturale impregnate cu puterea misterului. Deschide-\u021bi scoica \u0219i magia va fi eliberat\u0103. Culoarea perlei din scoica va ar\u0103ta la ce s\u0103 v\u0103 a\u0219tepta\u021bi de la via\u021b\u0103 anul viitor.<\/p>\n<ul>\n<li>Perla alb\u0103: s\u0103n\u0103tate,<\/li>\n<li>Bej: fericire,<\/li>\n<li>Piersica: dragoste,<\/li>\n<li>Lavand\u0103: \u00een\u021belepciune,<\/li>\n<li>Aur: bog\u0103\u021bie<\/li>\n<\/ul>\n<p>Exist\u0103 o legend\u0103 incredibil\u0103: c\u00e2nd prima pic\u0103tur\u0103 de ploaie a c\u0103zut la suprafa\u021ba m\u0103rii, o scoic\u0103 s-a ridicat din ad\u00e2ncurile ei. Ea \u0219i-a deschis palma \u0219i pic\u0103tura de ploaie s-a scufundat \u00een fund. \u00cen \u00eentunericul m\u0103rii, sub fo\u0219netul nisipului \u0219i stropitul valurilor, pic\u0103tura de ploaie s-a transformat \u00een nimic comparabil: o perl\u0103...<\/p>\n<p>Dar povestea continu\u0103: O femeie frumoas\u0103, parc\u0103 din ad\u00e2ncurile m\u0103rii, va primi cea mai sidefat\u0103 scoic\u0103, iar ea \u00ee\u0219i va dezv\u0103lui frumuse\u021bea singurei demne s\u0103 o posede, femeia iubit\u0103... Nu se poate dec\u00e2t s\u0103-\u0219i imagineze. ce simte ea, c\u00e2nd \u00eel prime\u0219ti!<\/p>\n<h2><strong>PUTE\u021aI ALEGE CULOAREA CUTIEI DE AMBALARE SAU AI \u00ceNCREDE \u00ceN GUSTUL NOSTRU!<\/strong><\/h2>\n<p>Originea China.<\/p>\n","protected":false},"featured_media":2463,"comment_status":"closed","ping_status":"closed","template":"","meta":{"_acf_changed":false,"_seopress_robots_primary_cat":"","_seopress_titles_title":"","_seopress_titles_desc":"","_seopress_robots_index":""},"product_brand":[],"product_cat":[5150],"product_tag":[],"class_list":{"0":"post-18070","1":"product","2":"type-product","3":"status-publish","4":"has-post-thumbnail","6":"product_cat-perla-intr-o-scoica","7":"pa_oldurlel-https-www-infozdrave-com-------r","8":"pif-has-gallery","10":"first","11":"outofstock","12":"purchasable","13":"product-type-simple"},"acf":[],"_links":{"self":[{"href":"https:\/\/www.infozdrave.com\/ro\/wp-json\/wp\/v2\/product\/18070","targetHints":{"allow":["GET"]}}],"collection":[{"href":"https:\/\/www.infozdrave.com\/ro\/wp-json\/wp\/v2\/product"}],"about":[{"href":"https:\/\/www.infozdrave.com\/ro\/wp-json\/wp\/v2\/types\/product"}],"replies":[{"embeddable":true,"href":"https:\/\/www.infozdrave.com\/ro\/wp-json\/wp\/v2\/comments?post=18070"}],"wp:featuredmedia":[{"embeddable":true,"href":"https:\/\/www.infozdrave.com\/ro\/wp-json\/wp\/v2\/media\/2463"}],"wp:attachment":[{"href":"https:\/\/www.infozdrave.com\/ro\/wp-json\/wp\/v2\/media?parent=18070"}],"wp:term":[{"taxonomy":"product_brand","embeddable":true,"href":"https:\/\/www.infozdrave.com\/ro\/wp-json\/wp\/v2\/product_brand?post=18070"},{"taxonomy":"product_cat","embeddable":true,"href":"https:\/\/www.infozdrave.com\/ro\/wp-json\/wp\/v2\/product_cat?post=18070"},{"taxonomy":"product_tag","embeddable":true,"href":"https:\/\/www.infozdrave.com\/ro\/wp-json\/wp\/v2\/product_tag?post=18070"}],"curies":[{"name":"wp","href":"https:\/\/api.w.org\/{rel}","templated":true}]}}