{"id":18082,"date":"2023-07-24T23:47:34","date_gmt":"2023-07-24T20:47:34","guid":{"rendered":"https:\/\/www.infozdrave.com\/?post_type=product&#038;p=18082"},"modified":"2023-11-14T12:38:08","modified_gmt":"2023-11-14T10:38:08","slug":"programe-inteligente-pentru-oameni-caini-si-pisici","status":"publish","type":"product","link":"https:\/\/www.infozdrave.com\/ro\/pr\/programe-inteligente-pentru-oameni-caini-si-pisici\/","title":{"rendered":"Programe inteligente pentru oameni, c\u00e2ini \u0219i pisici"},"content":{"rendered":"<h3><strong>INTELIGENT<\/strong><\/h3>\n<h3>PROGRAME PENTRU OAMENI, C\u00c2INI \u0218I PISICI<\/h3>\n<ul>\n<li>Smart a \u00eenregistrat pachete de programe pentru oameni, c\u00e2ini \u0219i pisici.<\/li>\n<li>Fiecare dintre programe restabile\u0219te \u0219i regleaz\u0103 activitatea anumitor organe \u0219i sisteme din organism, restabilindu-le poten\u021bialul.<\/li>\n<\/ul>\n<p>24 luni garantie pentru persoane fizice.<\/p>\n","protected":false},"excerpt":{"rendered":"<h2 style=\"text-align: center;\"><strong>Smart - Programe pentru oameni, c\u00e2ini \u0219i pisici<\/strong><\/h2>\n<p>&nbsp;<\/p>\n<p>SMART este un dispozitiv portabil dezvoltat pe baza tehnologiei de biorezonan\u021b\u0103. Aparatul folose\u0219te un efect de frecven\u021b\u0103-rezonan\u021b\u0103 cu un c\u00e2mp electromagnetic slab intens, care \u00ee\u0219i g\u0103se\u0219te aplica\u021bie universal\u0103 \u00een tulbur\u0103rile acute, cronice sau func\u021bionale. Acest tip de terapie permite dezactivarea ac\u021biunii macro \u0219i microorganismelor patogene \u0219i a toxinelor acestora, care sunt cauza multor boli \u0219i st\u0103ri patologice. Permite tratarea eficient\u0103 a oric\u0103ror boli \u00een toate etapele procesului, f\u0103r\u0103 a afecta organismul. Efectul terapeutic puternic al dispozitivului SMART se datoreaz\u0103 capacit\u0103\u021bii c\u00e2mpului electromagnetic de a p\u0103trunde ad\u00e2nc \u00een corp cu mare precizie, \u00een siguran\u021b\u0103 \u0219i eficient.<\/p>\n<p>SMART ofer\u0103 un efect u\u0219or \u0219i inofensiv asupra organismului \u0219i poate fi aplicat cu succes de c\u0103tre adul\u021bi \u0219i copii f\u0103r\u0103 restric\u021bii. Fiecare dintre programe restabile\u0219te \u0219i regleaz\u0103 activitatea anumitor organe \u0219i sisteme din organism, restabilindu-i poten\u021bialul. Folosind software specializat pentru PC, ave\u021bi posibilitatea de a schimba pachetele de programe de frecven\u021b\u0103 con\u021binute \u00een dispozitiv. Utilizarea sa este u\u0219oar\u0103, accesibil\u0103 \u0219i nu necesit\u0103 preg\u0103tire special\u0103.<\/p>\n<p>Pe l\u00e2ng\u0103 oameni, dispozitivul SMART poate fi folosit pentru a trata c\u00e2ini \u0219i pisici.<\/p>\n<h2><strong>Cum se lucreaz\u0103 cu dispozitivul<\/strong><\/h2>\n<p>Terapia SMART se desf\u0103\u0219oar\u0103 \u00een \u0219edin\u021be separate incluse \u00eentr-un curs cuprinz\u0103tor de tratament. Sesiunea este o includere unic\u0103 a unui anumit program de tratament. \u00centr-o zi, se pot face mai multe \u0219edin\u021be la un anumit interval de timp. Pentru a ob\u021bine cel mai bun efect, este necesar s\u0103 plasa\u021bi dispozitivul l\u00e2ng\u0103 organul afectat, iar impactul se realizeaz\u0103 prin haine. Se efectueaz\u0103 un curs pentru 6 zile de expunere \u0219i 1 zi de repaus. \u00cen unele cazuri, efectul se manifest\u0103 dup\u0103 3 - 5 \u0219edin\u021be, iar \u00een altele - dup\u0103 15 - 20. \u00cen boli severe \u0219i leziuni vechi, tratamentul poate necesita 5 - 6 cure, cu o zi de repaus \u00eentre fiecare dintre ele.<\/p>\n<p>Nu putem face nicio afirma\u021bie cu privire la frecven\u021bele descoperite de Dr. Rife \u0219i Dr. Clark.<strong>\u00a0<\/strong>Utilizarea dispozitivului nu exclude consultarea unui medic \u0219i respectarea prescrip\u021biilor medicamentului oficial.<\/p>\n<h2><strong>Programe pentru persoanele cu SMART - dispozitiv de biorezonan\u021b\u0103<\/strong><\/h2>\n<ol>\n<li>\n<h3><strong> Opreste o raceala<\/strong><\/h3>\n<\/li>\n<\/ol>\n<ul>\n<li>Infec\u021bie viral\u0103 respiratorie acut\u0103<\/li>\n<li>Infec\u021bie virus<\/li>\n<li>Detoxifiere<\/li>\n<\/ul>\n<ol start=\"2\">\n<li>\n<h3><strong> Cur\u0103\u021bare \u2013 detoxifiere, drenaj<\/strong><\/h3>\n<\/li>\n<\/ol>\n<ul>\n<li>Drenajul sistemului limfatic<\/li>\n<li>Detoxifierea tractului intestinal<\/li>\n<li>Detoxifierea ficatului<\/li>\n<\/ul>\n<ol start=\"3\">\n<li>\n<h3><strong> Siluet\u0103 sub\u021bire<\/strong><\/h3>\n<\/li>\n<\/ol>\n<ul>\n<li>Detoxifierea ficatului<\/li>\n<li>Reglarea sistemului endocrin<\/li>\n<li>Program de sc\u0103dere \u00een greutate<\/li>\n<\/ul>\n<ol start=\"4\">\n<li>\n<h3><strong> Somn s\u0103n\u0103tos<\/strong><\/h3>\n<\/li>\n<\/ol>\n<ul>\n<li>Anxietate \u0219i relaxare<\/li>\n<li>Somn tulburat<\/li>\n<li>Oboseala generala<\/li>\n<\/ul>\n<ol start=\"5\">\n<li>\n<h3><strong> Programe driver<\/strong><\/h3>\n<\/li>\n<\/ol>\n<ul>\n<li>Concentrarea aten\u021biei<\/li>\n<li>\u00cembun\u0103t\u0103\u021birea performan\u021bei<\/li>\n<li>Elimina oboseala vizuala<\/li>\n<\/ul>\n<ol start=\"6\">\n<li>\n<h3><strong> O coloan\u0103 vertebral\u0103 s\u0103n\u0103toas\u0103<\/strong><\/h3>\n<\/li>\n<\/ol>\n<ul>\n<li>Spatele obosit<\/li>\n<li>Osteocondroza<\/li>\n<li>Inflama\u021bie \u0219i dureri musculare<\/li>\n<\/ul>\n<ol start=\"7\">\n<li>\n<h3><strong> Articula\u021bii s\u0103n\u0103toase<\/strong><\/h3>\n<\/li>\n<\/ol>\n<ul>\n<li>Artrita \/toate tipurile\/<\/li>\n<li>Gut\u0103<\/li>\n<li>Osteoartrita<\/li>\n<\/ul>\n<ol start=\"8\">\n<li>\n<h3><strong> Program pentru femei<\/strong><\/h3>\n<\/li>\n<\/ol>\n<ul>\n<li>Ciclu menstrual<\/li>\n<li>Sindromul premenstrual<\/li>\n<li>Disfunc\u021bia ovarian\u0103<\/li>\n<\/ul>\n<ol start=\"9\">\n<li>\n<h3><strong> Program masculin<\/strong><\/h3>\n<\/li>\n<\/ol>\n<ul>\n<li>Disfunc\u021bia erectil\u0103<\/li>\n<li>Impoten\u0163\u0103<\/li>\n<li>Sl\u0103biciune sexual\u0103<\/li>\n<\/ul>\n<ol start=\"10\">\n<li>\n<h3><strong> Copii s\u0103n\u0103to\u0219i<\/strong><\/h3>\n<\/li>\n<\/ol>\n<ul>\n<li>\u00cent\u0103rirea for\u021belor de ap\u0103rare<\/li>\n<li>Copii deseori \u0219i bolnavi de mult timp<\/li>\n<li>Recuperare dup\u0103 boal\u0103<\/li>\n<\/ul>\n<ol start=\"11\">\n<li>\n<h3><strong> Hipertensiune arterial\u0103<\/strong><\/h3>\n<\/li>\n<\/ol>\n<ul>\n<li>Hipertensiune<\/li>\n<li>Normalizarea circula\u021biei sanguine<\/li>\n<li>Reglarea activit\u0103\u021bii cardiace<\/li>\n<\/ul>\n<ol start=\"12\">\n<li>\n<h3><strong> Ajutor cu diabetul<\/strong><\/h3>\n<\/li>\n<\/ol>\n<ul>\n<li>Diabet zaharat\/actiune antiglicemica\/<\/li>\n<li>Pancreas\/degenerare\/<\/li>\n<li>Microcircula\u021bia \u00een diabetul zaharat<\/li>\n<\/ul>\n<ol start=\"13\">\n<li>\n<h3><strong> P\u0103r s\u0103n\u0103tos<\/strong><\/h3>\n<\/li>\n<\/ol>\n<ul>\n<li>Pierderea parului<\/li>\n<li>\u00cembun\u0103t\u0103\u021birea cre\u0219terii p\u0103rului<\/li>\n<li>\u00cembun\u0103t\u0103\u021birea circula\u021biei sanguine a scalpului<\/li>\n<\/ul>\n<ol start=\"14\">\n<li>\n<h3><strong> Un stomac s\u0103n\u0103tos<\/strong><\/h3>\n<\/li>\n<\/ol>\n<ul>\n<li>Reglarea tractului gastrointestinal<\/li>\n<li>Indigestie<\/li>\n<li>Detoxifierea intestinelor<\/li>\n<\/ul>\n<ol start=\"15\">\n<li>\n<h3><strong> Rinichi s\u0103n\u0103to\u0219i<\/strong><\/h3>\n<\/li>\n<\/ol>\n<ul>\n<li>Normalizarea func\u021biilor rinichilor<\/li>\n<li>Reglarea procesului urinar<\/li>\n<li>Procese inflamatorii \u00een sistemul genito-urinar<\/li>\n<\/ul>\n<ol start=\"16\">\n<li>\n<h3><strong> Un ficat s\u0103n\u0103tos<\/strong><\/h3>\n<\/li>\n<\/ol>\n<ul>\n<li>Reglarea func\u021biei hepatice<\/li>\n<li>Procese inflamatorii \u00een ficat \u0219i bil\u0103<\/li>\n<li>Detoxifierea ficatului<\/li>\n<\/ul>\n<ol start=\"17\">\n<li>\n<h3><strong> Antistress<\/strong><\/h3>\n<\/li>\n<\/ol>\n<ul>\n<li>Anxietate, iritabilitate, nervozitate<\/li>\n<li>St\u0103ri depresive<\/li>\n<li>Rezisten\u021b\u0103 la stres<\/li>\n<\/ul>\n<ol start=\"18\">\n<li>\n<h3><strong> Vase s\u0103n\u0103toase<\/strong><\/h3>\n<\/li>\n<\/ol>\n<ul>\n<li>Reglarea circula\u021biei s\u00e2ngelui<\/li>\n<li>Varice<\/li>\n<li>Tromboflebita<\/li>\n<\/ul>\n<ol start=\"19\">\n<li>\n<h3><strong> O inim\u0103 s\u0103n\u0103toas\u0103<\/strong><\/h3>\n<\/li>\n<\/ol>\n<ul>\n<li>Reglarea circula\u021biei s\u00e2ngelui<\/li>\n<li>Reglarea ritmului cardiac<\/li>\n<li>Normalizarea muncii inimii<\/li>\n<\/ul>\n<ol start=\"20\">\n<li>\n<h3><strong> Respira\u021bia<\/strong><\/h3>\n<\/li>\n<\/ol>\n<ul>\n<li>C\u0103ile respiratorii \u0219i nazofaringe<\/li>\n<li>Reglarea activit\u0103\u021bii centrului respirator<\/li>\n<li>Bron\u0219it\u0103 cronic\u0103, traheit\u0103<\/li>\n<\/ul>\n<ol start=\"21\">\n<li>\n<h3><strong> \u00cembun\u0103t\u0103\u021birea vederii<\/strong><\/h3>\n<\/li>\n<\/ol>\n<ul>\n<li>\u00cembun\u0103t\u0103\u021birea vederii<\/li>\n<li>Reglarea circula\u021biei s\u00e2ngelui<\/li>\n<li>Acuitate vizuala<\/li>\n<\/ul>\n<ol start=\"22\">\n<li>\n<h3><strong> Piele sanatoasa<\/strong><\/h3>\n<\/li>\n<\/ol>\n<ul>\n<li>Reglarea func\u021biei imunitare \u0219i de barier\u0103 a pielii<\/li>\n<li>Reducerea sensibilit\u0103\u021bii pielii<\/li>\n<li>Dermatit\u0103<\/li>\n<\/ul>\n<ol start=\"23\">\n<li>\n<h3><strong> Cosmetologie<\/strong><\/h3>\n<\/li>\n<\/ol>\n<ul>\n<li>\u00cembun\u0103t\u0103\u021birea circula\u021biei sanguine<\/li>\n<li>Re\u00eennoirea celulelor pielii<\/li>\n<li>Reglarea proceselor inflamatorii<\/li>\n<\/ul>\n<ol start=\"24\">\n<li>\n<h3><strong> Migren\u0103<\/strong><\/h3>\n<\/li>\n<\/ol>\n<ul>\n<li>cefalee \/complex\/<\/li>\n<li>Migren\u0103<\/li>\n<li>Relaxare<\/li>\n<\/ul>\n<ol start=\"25\">\n<li>\n<h3><strong> Climaterium<\/strong><\/h3>\n<\/li>\n<\/ol>\n<ul>\n<li>Punct culminant<\/li>\n<li>Tulbur\u0103ri emo\u021bional-vegetative\/somnolen\u021b\u0103\/<\/li>\n<li>Tulbur\u0103ri vasomotorii\/valuri, frisoane, cefalee\/<\/li>\n<\/ul>\n<ol start=\"26\">\n<li>\n<h3><strong> Anti-tutun<\/strong><\/h3>\n<\/li>\n<\/ol>\n<ul>\n<li>Reducerea dependen\u021bei de tutun<\/li>\n<li>Reducerea dependen\u021bei de droguri<\/li>\n<li>St\u0103ri depresive<\/li>\n<\/ul>\n<ol start=\"27\">\n<li>\n<h3><strong> Dependenta de alcool<\/strong><\/h3>\n<\/li>\n<\/ol>\n<ul>\n<li>Reducerea dependen\u021bei de alcool<\/li>\n<li>St\u0103ri depresive<\/li>\n<li>Intoxicatia cu alcool<\/li>\n<\/ul>\n<ol start=\"28\">\n<li>\n<h3><strong> Dependenta de droguri<\/strong><\/h3>\n<\/li>\n<\/ol>\n<ul>\n<li>Elimina\u021bi dependen\u021bele<\/li>\n<li>Intoxicatia generala<\/li>\n<li>St\u0103ri depresive<\/li>\n<\/ul>\n<ol start=\"29\">\n<li>\n<h3><strong> Imunitate s\u0103n\u0103toas\u0103<\/strong><\/h3>\n<\/li>\n<\/ol>\n<ul>\n<li>Normalizarea sistemului imunitar<\/li>\n<li>\u00cent\u0103rirea ap\u0103r\u0103rii organismului<\/li>\n<li>Recuperare dup\u0103 boal\u0103<\/li>\n<\/ul>\n<ol start=\"30\">\n<li>\n<h3><strong> Alergie la pete<\/strong><\/h3>\n<\/li>\n<\/ol>\n<ul>\n<li>Alergii<\/li>\n<li>Normalizarea sistemului imunitar<\/li>\n<li>Detoxifiere<\/li>\n<\/ul>\n<h2><strong>Programe pentru c\u00e2ini cu dispozitiv SMART - biorezonan\u021b\u0103<\/strong><\/h2>\n<ol>\n<li>\n<h3><strong> Complex antiparazitar<\/strong><\/h3>\n<\/li>\n<\/ol>\n<ul>\n<li>Helmin\u021bi de baz\u0103<\/li>\n<li>Virusuri de baz\u0103, bacterii simple<\/li>\n<li>Fungi basova, ectoparazi\u021bi<\/li>\n<\/ul>\n<ol start=\"2\">\n<li>\n<h3><strong> Boli ale articula\u021biilor, oaselor \u0219i mu\u0219chilor<\/strong><\/h3>\n<\/li>\n<\/ol>\n<ul>\n<li>Boli ale membrelor \u0219i probleme cu sistemul musculo-scheletic<\/li>\n<li>Refacerea cartilajului articular, oaselor \u0219i tendoanelor<\/li>\n<li>Artrita, artroza, displazia si osteoporoza<\/li>\n<\/ul>\n<ol start=\"3\">\n<li>\n<h3><strong> Boli ale sistemului cardiovascular<\/strong><\/h3>\n<\/li>\n<\/ol>\n<ul>\n<li>Prevenirea sl\u0103birii mu\u0219chiului inimii<\/li>\n<li>Probleme cardiace la pisicile mai \u00een v\u00e2rst\u0103<\/li>\n<li>Insuficien\u021b\u0103 cardiac\u0103 dob\u00e2ndit\u0103<\/li>\n<\/ul>\n<ol start=\"4\">\n<li>\n<h3><strong> Boli ale pielii<\/strong><\/h3>\n<\/li>\n<\/ol>\n<ul>\n<li>\u00cembun\u0103t\u0103\u021birea st\u0103rii pielii \u0219i a blanii<\/li>\n<li>Furunculoza<\/li>\n<li>Eczeme, dermatite<\/li>\n<\/ul>\n<ol start=\"5\">\n<li>\n<h3><strong> Boli oculare<\/strong><\/h3>\n<\/li>\n<\/ol>\n<ul>\n<li>Conjunctivit\u0103, blefarit\u0103<\/li>\n<li>Cataract\u0103<\/li>\n<li>Glaucom<\/li>\n<\/ul>\n<ol start=\"6\">\n<li>\n<h3><strong> Boli ale ORL \u0219i cavit\u0103\u021bii bucale<\/strong><\/h3>\n<\/li>\n<\/ol>\n<ul>\n<li>Prevenirea cariilor, a inflama\u021biei gingiilor, a form\u0103rii de pietre<\/li>\n<li>Tratamentul bolilor urechii, hematomului auricular, inflama\u021biei urechii externe \u0219i medii, ulcerului auricular<\/li>\n<li>Ac\u021biune antiinflamatoare, imunostimulatoare \u0219i tonifiante<\/li>\n<\/ul>\n<ol start=\"7\">\n<li>\n<h3><strong> Boli ale aparatului digestiv<\/strong><\/h3>\n<\/li>\n<\/ol>\n<ul>\n<li>Prevenirea \u0219i tratamentul bolilor gastrointestinale cu sindrom intestinal<\/li>\n<li>Restabilirea func\u021biilor ficatului<\/li>\n<li>Stimularea produc\u021biei de enzime<\/li>\n<\/ul>\n<ol start=\"8\">\n<li>\n<h3><strong> Boli ale aparatului genito-urinar<\/strong><\/h3>\n<\/li>\n<\/ol>\n<ul>\n<li>Tratamentul \u0219i prevenirea bolii litiazei urinare<\/li>\n<li>Tratamentul \u0219i prevenirea nefritei, nefrozei, polinefritei<\/li>\n<li>Efect antiinflamator, imunostimulant, tonic<\/li>\n<\/ul>\n<ol start=\"9\">\n<li>\n<h3><strong> Preg\u0103tirea pentru expozi\u021bie<\/strong><\/h3>\n<\/li>\n<\/ol>\n<ul>\n<li>Armonizarea st\u0103rii psiho-emo\u021bionale<\/li>\n<li>\u00cempotriva sl\u0103biciunii \u0219i pierderii luciului hainei<\/li>\n<li>Men\u021binerea s\u0103n\u0103t\u0103\u021bii dentare optime<\/li>\n<\/ul>\n<ol start=\"10\">\n<li>\n<h3><strong> Program de dresaj de catelus<\/strong><\/h3>\n<\/li>\n<\/ol>\n<ul>\n<li>Cre\u0219terea rezervei de adaptare<\/li>\n<li>\u00cembun\u0103t\u0103\u021birea capacit\u0103\u021bii de \u00eenv\u0103\u021bare<\/li>\n<li>\u00cembun\u0103t\u0103\u021birea supunere<\/li>\n<\/ul>\n<h2><strong>Programe pentru pisici SMART - dispozitiv de biorezonan\u021b\u0103<\/strong><\/h2>\n<ol>\n<li>\n<h3><strong> Complex antiparazitar<\/strong><\/h3>\n<\/li>\n<\/ol>\n<ul>\n<li>Helmin\u021bi de baz\u0103<\/li>\n<li>Virusuri de baz\u0103, bacterii simple<\/li>\n<li>Fungi basova, ectoparazi\u021bi<\/li>\n<\/ul>\n<ol start=\"2\">\n<li>\n<h3><strong> Boli ale articula\u021biilor, oaselor \u0219i mu\u0219chilor<\/strong><\/h3>\n<\/li>\n<\/ol>\n<ul>\n<li>Boli ale membrelor \u0219i probleme cu sistemul musculo-scheletic<\/li>\n<li>Refacerea cartilajului articular, oaselor \u0219i tendoanelor<\/li>\n<li>Artrita, artroza, displazia si osteoporoza<\/li>\n<\/ul>\n<ol start=\"3\">\n<li>\n<h3><strong> Boli ale sistemului cardiovascular<\/strong><\/h3>\n<\/li>\n<\/ol>\n<ul>\n<li>Prevenirea sl\u0103birii mu\u0219chiului inimii<\/li>\n<li>Probleme cardiace la pisicile mai \u00een v\u00e2rst\u0103<\/li>\n<li>Insuficien\u021b\u0103 cardiac\u0103 dob\u00e2ndit\u0103<\/li>\n<\/ul>\n<ol start=\"4\">\n<li>\n<h3><strong> Boli ale pielii<\/strong><\/h3>\n<\/li>\n<\/ol>\n<ul>\n<li>\u00cembun\u0103t\u0103\u021birea st\u0103rii pielii \u0219i a blanii<\/li>\n<li>Eczeme, dermatite, toxidermie<\/li>\n<li>Lupus, piodermatit\u0103<\/li>\n<\/ul>\n<ol start=\"5\">\n<li>\n<h3><strong> Boli oculare<\/strong><\/h3>\n<\/li>\n<\/ol>\n<ul>\n<li>Conjunctivit\u0103, blefarit\u0103<\/li>\n<li>Cataract\u0103<\/li>\n<li>Glaucom<\/li>\n<\/ul>\n<ol start=\"6\">\n<li>\n<h3><strong> Boli ale ORL \u0219i cavit\u0103\u021bii bucale<\/strong><\/h3>\n<\/li>\n<\/ol>\n<ul>\n<li>Prevenirea cariilor, a inflama\u021biei gingiilor, a form\u0103rii de pietre<\/li>\n<li>Tratamentul bolilor urechii, hematomului auricular, inflama\u021biei urechii externe \u0219i medii, ulcerului auricular<\/li>\n<li>Efect antiinflamator, imunostimulant \u0219i tonifiant<\/li>\n<\/ul>\n<ol start=\"7\">\n<li>\n<h3><strong> Boli ale aparatului digestiv<\/strong><\/h3>\n<\/li>\n<\/ol>\n<ul>\n<li>Prevenirea \u0219i tratamentul bolilor gastrointestinale cu sindrom intestinal<\/li>\n<li>Restabilirea func\u021biilor ficatului<\/li>\n<li>Stimularea produc\u021biei de enzime<\/li>\n<\/ul>\n<ol start=\"8\">\n<li>\n<h3><strong> Boli ale aparatului genito-urinar<\/strong><\/h3>\n<\/li>\n<\/ol>\n<ul>\n<li>Tratamentul \u0219i prevenirea urolitiazelor<\/li>\n<li>Tratamentul \u0219i prevenirea nefritei, nefrozei, polinefritei<\/li>\n<li>Efect antiinflamator, imunostimulant, tonic<\/li>\n<\/ul>\n<ol start=\"9\">\n<li>\n<h3><strong> Preg\u0103tirea pentru expozi\u021bie<\/strong><\/h3>\n<\/li>\n<\/ol>\n<ul>\n<li>Armonizarea st\u0103rii psiho-emo\u021bionale<\/li>\n<li>\u00cempotriva sl\u0103biciunii \u0219i pierderii luciului hainei<\/li>\n<li>Men\u021binerea s\u0103n\u0103t\u0103\u021bii dentare optime<\/li>\n<\/ul>\n<ol start=\"10\">\n<li>\n<h3><strong> Recuperare<\/strong><\/h3>\n<\/li>\n<\/ol>\n<ul>\n<li>Prevenirea complica\u021biilor postoperatorii<\/li>\n<li>\u00cent\u0103rirea rezervei de adaptare dup\u0103 castrare<\/li>\n<\/ul>\n<p>Restaurarea imunit\u0103\u021bii dup\u0103 interven\u021bie chirurgical\u0103<\/p>\n","protected":false},"featured_media":2190,"comment_status":"closed","ping_status":"closed","template":"","meta":{"_acf_changed":false,"_seopress_robots_primary_cat":"","_seopress_titles_title":"","_seopress_titles_desc":"","_seopress_robots_index":""},"product_brand":[],"product_cat":[5112],"product_tag":[],"class_list":{"0":"post-18082","1":"product","2":"type-product","3":"status-publish","4":"has-post-thumbnail","6":"product_cat-incuia","7":"pa_garantsia-24-ro","8":"pif-has-gallery","10":"first","11":"outofstock","12":"purchasable","13":"product-type-simple"},"acf":[],"_links":{"self":[{"href":"https:\/\/www.infozdrave.com\/ro\/wp-json\/wp\/v2\/product\/18082","targetHints":{"allow":["GET"]}}],"collection":[{"href":"https:\/\/www.infozdrave.com\/ro\/wp-json\/wp\/v2\/product"}],"about":[{"href":"https:\/\/www.infozdrave.com\/ro\/wp-json\/wp\/v2\/types\/product"}],"replies":[{"embeddable":true,"href":"https:\/\/www.infozdrave.com\/ro\/wp-json\/wp\/v2\/comments?post=18082"}],"wp:featuredmedia":[{"embeddable":true,"href":"https:\/\/www.infozdrave.com\/ro\/wp-json\/wp\/v2\/media\/2190"}],"wp:attachment":[{"href":"https:\/\/www.infozdrave.com\/ro\/wp-json\/wp\/v2\/media?parent=18082"}],"wp:term":[{"taxonomy":"product_brand","embeddable":true,"href":"https:\/\/www.infozdrave.com\/ro\/wp-json\/wp\/v2\/product_brand?post=18082"},{"taxonomy":"product_cat","embeddable":true,"href":"https:\/\/www.infozdrave.com\/ro\/wp-json\/wp\/v2\/product_cat?post=18082"},{"taxonomy":"product_tag","embeddable":true,"href":"https:\/\/www.infozdrave.com\/ro\/wp-json\/wp\/v2\/product_tag?post=18082"}],"curies":[{"name":"wp","href":"https:\/\/api.w.org\/{rel}","templated":true}]}}