{"id":18104,"date":"2023-07-24T23:46:49","date_gmt":"2023-07-24T20:46:49","guid":{"rendered":"https:\/\/www.infozdrave.com\/?post_type=product&#038;p=18104"},"modified":"2023-11-15T11:28:05","modified_gmt":"2023-11-15T09:28:05","slug":"plasa-de-tantari-90-x-210-cm-cu-design-patentat","status":"publish","type":"product","link":"https:\/\/www.infozdrave.com\/ro\/pr\/plasa-de-tantari-90-x-210-cm-cu-design-patentat\/","title":{"rendered":"Plasa de tantari 90 x 210 cm cu design patentat"},"content":{"rendered":"<h3><strong>PLASA DE T\u00c2NARI PENTRU USA CU DESIGN BREVET.<\/strong><\/h3>\n<ul>\n<li>Albastru.<\/li>\n<li>Dimensiune 90 x 210 cm<\/li>\n<li>24 de magne\u021bi - fa\u021b\u0103 \u00een fa\u021b\u0103, amplasa\u021bi pe toat\u0103 lungimea \u0219i \u00eenchiz\u00e2nd etan\u0219 plasa.<\/li>\n<li>Magne\u021bii sunt ascun\u0219i \u00een band\u0103 \u0219i nu sunt vizibili,<\/li>\n<li>Pentru tamplarie din lemn, metal, aluminiu, PVC.<\/li>\n<li>Material: nailon.<\/li>\n<li>Setul include velcro pentru instalare - 12 benzi x 12 cm.<\/li>\n<li>Velcro se lipe\u0219te ferm \u0219i \u021bine p\u00e2n\u0103 la 2 kg \/ 10 cm.<\/li>\n<li>Frigarui 12 buc.<\/li>\n<li>Origine: China.<\/li>\n<\/ul>\n","protected":false},"excerpt":{"rendered":"<h2><strong>Avantajele unei plase de \u021b\u00e2n\u021bari fa\u021b\u0103 de restul de pe pia\u021b\u0103?<\/strong><\/h2>\n<ol>\n<li>Culoare albastr\u0103, cu 24 de magne\u021bi.<\/li>\n<li>Instalarea se realizeaz\u0103 cu un plasture velcro - puternic \u0219i dublu lipit.<\/li>\n<li>Banda poate rezista p\u00e2n\u0103 la 2 kg \/ 10 cm.<\/li>\n<li>Velcro este negru, 12 benzi x 12 cm.<\/li>\n<li>In set sunt incluse si caberete.<\/li>\n<li>Plasa de tantari a usii se inchide ermetic in mijloc si insectele nu pot intra in camera.<\/li>\n<li>Magne\u021bii sunt ascun\u0219i \u00een band\u0103 \u0219i nu sunt vizibili, ceea ce reprezint\u0103 un avantaj estetic.<\/li>\n<li>Instalarea se realizeaz\u0103 pe o linie de asamblare care \u00eenconjoar\u0103 re\u021beaua pe toate p\u0103r\u021bile. Dac\u0103 plasa dvs. este de dimensiuni ajustate, asigura\u021bi-v\u0103 c\u0103 r\u0103m\u00e2ne\u021bi de partea neted\u0103 a acestei benzi.<\/li>\n<li>Practic \u0219i u\u0219or de trecut.<\/li>\n<li>Este potrivit pentru ferestre din lemn, metal, aluminiu \u0219i PVC.<\/li>\n<li>Plasele de tantari sunt ambalate intr-o punga de plastic, includ instructiuni de instalare.<\/li>\n<li>Este posibil\u0103 o abatere de p\u00e2n\u0103 la 1 cm pe lateral \u0219i p\u00e2n\u0103 la 2 cm \u00een lungime.<\/li>\n<\/ol>\n<p>\u00cenainte de a le trimite clien\u021bilor, verific\u0103m dac\u0103 exist\u0103 defecte. Reglam marimea in functie de cererea clientului. Pl\u0103tit suplimentar.<\/p>\n","protected":false},"featured_media":1798,"comment_status":"closed","ping_status":"closed","template":"","meta":{"_acf_changed":false,"_seopress_robots_primary_cat":"","_seopress_titles_title":"","_seopress_titles_desc":"","_seopress_robots_index":""},"product_brand":[],"product_cat":[5162],"product_tag":[],"class_list":{"0":"post-18104","1":"product","2":"type-product","3":"status-publish","4":"has-post-thumbnail","6":"product_cat-plasa-de-tantari-usa-cu-magneti","7":"pif-has-gallery","9":"first","10":"outofstock","11":"purchasable","12":"product-type-simple"},"acf":[],"_links":{"self":[{"href":"https:\/\/www.infozdrave.com\/ro\/wp-json\/wp\/v2\/product\/18104","targetHints":{"allow":["GET"]}}],"collection":[{"href":"https:\/\/www.infozdrave.com\/ro\/wp-json\/wp\/v2\/product"}],"about":[{"href":"https:\/\/www.infozdrave.com\/ro\/wp-json\/wp\/v2\/types\/product"}],"replies":[{"embeddable":true,"href":"https:\/\/www.infozdrave.com\/ro\/wp-json\/wp\/v2\/comments?post=18104"}],"wp:featuredmedia":[{"embeddable":true,"href":"https:\/\/www.infozdrave.com\/ro\/wp-json\/wp\/v2\/media\/1798"}],"wp:attachment":[{"href":"https:\/\/www.infozdrave.com\/ro\/wp-json\/wp\/v2\/media?parent=18104"}],"wp:term":[{"taxonomy":"product_brand","embeddable":true,"href":"https:\/\/www.infozdrave.com\/ro\/wp-json\/wp\/v2\/product_brand?post=18104"},{"taxonomy":"product_cat","embeddable":true,"href":"https:\/\/www.infozdrave.com\/ro\/wp-json\/wp\/v2\/product_cat?post=18104"},{"taxonomy":"product_tag","embeddable":true,"href":"https:\/\/www.infozdrave.com\/ro\/wp-json\/wp\/v2\/product_tag?post=18104"}],"curies":[{"name":"wp","href":"https:\/\/api.w.org\/{rel}","templated":true}]}}