{"id":18108,"date":"2023-07-24T23:46:17","date_gmt":"2023-07-24T20:46:17","guid":{"rendered":"https:\/\/www.infozdrave.com\/?post_type=product&#038;p=18108"},"modified":"2023-11-15T11:38:23","modified_gmt":"2023-11-15T09:38:23","slug":"partner-induction-cu-un-emitator-suplimentar-un-inductor-extern-sub-forma-de-colier","status":"publish","type":"product","link":"https:\/\/www.infozdrave.com\/ro\/pr\/partner-induction-cu-un-emitator-suplimentar-un-inductor-extern-sub-forma-de-colier\/","title":{"rendered":"Partner Induction cu un emi\u021b\u0103tor suplimentar - un inductor extern sub form\u0103 de colier"},"content":{"rendered":"<h3><strong>INDUCEREA PARTENERULUI<\/strong><\/h3>\n<h3>CARACTERISTICI PRINCIPALE<\/h3>\n<ul>\n<li>Cu memorie intern\u0103 \u0219i extern\u0103 \u00eencorporat\u0103<\/li>\n<li>Un total de 550 de programe antiparazitare \u0219i terapeutice<\/li>\n<li>\u00cen dispozitiv sunt \u00eencorporate 71 de programe<\/li>\n<li>479 de programe suplimentare \u00eenregistrate pe cardul mini SD<\/li>\n<li>Este compatibil cu programatorul Life Commander \u0219i cu peste 3700 de alte programe<\/li>\n<li>Are un emi\u021b\u0103tor suplimentar - un inductor extern, sub form\u0103 de colier<\/li>\n<li>Poate lucra cu Therapy Mat<\/li>\n<\/ul>\n<h3>SPECIFICA\u021aII<\/h3>\n<ul>\n<li>Dimensiuni: 105x65x19 mm<\/li>\n<li>Greutate: 112 g.<\/li>\n<li>Frecven\u021ba pulsului: 0 \u2026 20000(+-)0.01Hz<\/li>\n<li>Alimentare: baterie re\u00eenc\u0103rcabil\u0103 \u00eencorporat\u0103 (tip Nokia BL-4B), 3,7 V, 700 mAh<\/li>\n<li>Limbi meniului: rus\u0103, englez\u0103, german\u0103, polonez\u0103, bulgar\u0103 \u0219i italian\u0103.<\/li>\n<li>Dispozitivul poate fi operat \u0219i cu comenzi vocale.<\/li>\n<li>24 luni garantie pentru persoane fizice.<\/li>\n<\/ul>\n","protected":false},"excerpt":{"rendered":"<h2 style=\"text-align: center;\"><strong>INDUCEREA PARTENERULUI APARATUL TERAPEUTIC BIORESONAN\u021a\u0102<\/strong><\/h2>\n<p>&nbsp;<\/p>\n<p>Au fost ad\u0103ugate \u0219i 550 de programe antiparazitare \u0219i terapeutice. 71 de programe \u0219i complexe de tratament sunt \u00eencorporate \u00een dispozitiv \u0219i alte 479 de programe \u00eenregistrate pe un card mini SD. Este compatibil cu programatorul Life Commander, care permite terapiilor individuale s\u0103 fie suplimentate cu peste 3700 de programe.<\/p>\n<p>Inducerea partenerului poate fi programat\u0103 suplimentar prin programatorul \u201eLife Commander\u201d, care are 3.775 de programe \u0219i este posibil s\u0103 v\u0103 crea\u021bi propriul program pentru lucru individual. Programele personale pot fi stocate \u00een memoria dispozitivului sau \u00een dispozitivul \u00eensu\u0219i.<\/p>\n<p>Partenerul de induc\u021bie afecteaz\u0103 oscila\u021biile \u0219i vibra\u021biile electromagnetice caracteristice tuturor organelor \u0219i sistemelor corpului uman. Procesele din organism sunt normalizate, armonizate \u0219i restaurate sau se efectueaz\u0103 un tratament antiparazitar eficient pentru persoanele de orice v\u00e2rst\u0103. Este o metod\u0103 sigur\u0103 \u0219i eficient\u0103 de tratament, f\u0103r\u0103 efecte secundare.<\/p>\n<p>Terapia cu biorezonan\u021b\u0103 are un spectru universal de aplicare, deoarece un efect de succes s-a ob\u021binut \u00een: migrene, procese cronice \u0219i acute din sistemul limfatic, probleme cardiovasculare, pancreatit\u0103, chisturi ale diferitelor organe, diabet la copii \u0219i adul\u021bi, cistita, nefrit\u0103, cicatrici. , tratament pre- \u0219i postoperator, incl. \u00een stomatologie, \u00een boli cronice degenerative, reumatism, sl\u0103bire a sistemului imunitar, alergii, durere - incl. din forma\u021biuni maligne, edem, somn perturbat, predispozi\u021bie la infec\u021bii la copii \u0219i multe altele.<\/p>\n<p>Terapia de induc\u021bie partener func\u021bioneaz\u0103 la nivel celular \u0219i la nivelul organelor sau sistemelor de organe. Dispozitivul permite:<\/p>\n<ul>\n<li>Pentru a efectua tratamente \u021bintite ale unui num\u0103r de boli \u0219i sindroame asociate acestora.<\/li>\n<li>Pentru a accelera eliminarea din organism a agen\u021bilor patogeni (parazi\u021bi) \u0219i a endotoxinelor, produse reziduale din metabolismul agen\u021bilor patogeni.<\/li>\n<li>Pentru a neutraliza patologii din zonele geopatogene, smog electromagnetic, radia\u021bii sau efecte chimice etc.<\/li>\n<\/ul>\n<h2><strong>SUPLIMENT LA INDUCEREA PARTENERULUI<\/strong><\/h2>\n<p>Dispozitivul are un emi\u021b\u0103tor suplimentar - un inductor extern sub form\u0103 de colier, care ofer\u0103 posibilit\u0103\u021bi mult mai extinse pentru efectuarea terapiilor. C\u00e2mpul s\u0103u eficient mai mare cre\u0219te puterea radia\u021biei \u0219i cre\u0219te eficacitatea terapiei. Inductorul este flexibil \u0219i poate fi aplicat pe orice parte a corpului care necesit\u0103 o procedur\u0103.<\/p>\n<p>Partner Induction este potrivit pentru utilizare \u00een diferite tipuri de birouri \u0219i centre \u0219i pentru lucru individual \u00een afara biroului. Terapia cu acesta este eficient\u0103 \u00een special atunci c\u00e2nd un efect de vindecare nu poate fi ob\u021binut prin metode tradi\u021bionale sau tratamentul necesit\u0103 mult timp \u0219i resurse.<\/p>\n<p>Contraindicatii: Sarcina in primele trei luni; Copii p\u00e2n\u0103 la 1 an (sub supravegherea unui medic, utilizarea este permis\u0103); cu stimulator cardiac \u00eencorporat; \u00een organele transplantate; epilepsie \u0219i convulsii (\u00een momentul unui atac); st\u0103ri de excitare psihic\u0103 acut\u0103 sau de intoxica\u021bie.<\/p>\n<p>Nu putem face nicio afirma\u021bie cu privire la frecven\u021bele terapiei cu biorezonan\u021b\u0103. Utilizarea dispozitivului nu exclude consultarea unui medic \u0219i respectarea prescrip\u021biilor medicamentului oficial.<\/p>\n","protected":false},"featured_media":20996,"comment_status":"closed","ping_status":"closed","template":"","meta":{"_acf_changed":false,"_seopress_robots_primary_cat":"","_seopress_titles_title":"","_seopress_titles_desc":"","_seopress_robots_index":""},"product_brand":[],"product_cat":[5112],"product_tag":[],"class_list":{"0":"post-18108","1":"product","2":"type-product","3":"status-publish","4":"has-post-thumbnail","6":"product_cat-incuia","7":"pa_garantsia-12-ro","9":"first","10":"instock","11":"purchasable","12":"product-type-simple"},"acf":[],"_links":{"self":[{"href":"https:\/\/www.infozdrave.com\/ro\/wp-json\/wp\/v2\/product\/18108","targetHints":{"allow":["GET"]}}],"collection":[{"href":"https:\/\/www.infozdrave.com\/ro\/wp-json\/wp\/v2\/product"}],"about":[{"href":"https:\/\/www.infozdrave.com\/ro\/wp-json\/wp\/v2\/types\/product"}],"replies":[{"embeddable":true,"href":"https:\/\/www.infozdrave.com\/ro\/wp-json\/wp\/v2\/comments?post=18108"}],"wp:featuredmedia":[{"embeddable":true,"href":"https:\/\/www.infozdrave.com\/ro\/wp-json\/wp\/v2\/media\/20996"}],"wp:attachment":[{"href":"https:\/\/www.infozdrave.com\/ro\/wp-json\/wp\/v2\/media?parent=18108"}],"wp:term":[{"taxonomy":"product_brand","embeddable":true,"href":"https:\/\/www.infozdrave.com\/ro\/wp-json\/wp\/v2\/product_brand?post=18108"},{"taxonomy":"product_cat","embeddable":true,"href":"https:\/\/www.infozdrave.com\/ro\/wp-json\/wp\/v2\/product_cat?post=18108"},{"taxonomy":"product_tag","embeddable":true,"href":"https:\/\/www.infozdrave.com\/ro\/wp-json\/wp\/v2\/product_tag?post=18108"}],"curies":[{"name":"wp","href":"https:\/\/api.w.org\/{rel}","templated":true}]}}