{"id":18122,"date":"2023-07-24T23:46:17","date_gmt":"2023-07-24T20:46:17","guid":{"rendered":"https:\/\/www.infozdrave.com\/?post_type=product&#038;p=18122"},"modified":"2023-11-16T10:45:44","modified_gmt":"2023-11-16T08:45:44","slug":"plasa-de-tantari-100-x-210-cm","status":"publish","type":"product","link":"https:\/\/www.infozdrave.com\/ro\/pr\/plasa-de-tantari-100-x-210-cm\/","title":{"rendered":"Plasa de tantari 100 x 210 cm"},"content":{"rendered":"<h3><strong>PLASA DE T\u00c2NTAR PENTRU USA CU MAGNETI.<\/strong><\/h3>\n<ul>\n<li>Dimensiune 100 x 210 cm<\/li>\n<li>\u00cen alb sau negru.<\/li>\n<li>Pentru ferestre din lemn, metal, aluminiu si PVC.<\/li>\n<li>Material: poliester 60 g\/mp.<\/li>\n<li>Velcro puternic - 12 benzi x 6 cm.<\/li>\n<li>Velcro \u021bine p\u00e2n\u0103 la 2 kg \/ 10 cm.<\/li>\n<li>Frigarui 12 buc. \u00een alb sau negru.<\/li>\n<li>18 buc. magne\u021bi.<\/li>\n<li>Origine: China.<\/li>\n<\/ul>\n<p>Reglam marimea in functie de cererea clientului. Pl\u0103tit suplimentar. Ajustarea implic\u0103 t\u0103ierea la dimensiuni individuale \u0219i mutarea benzii de asamblare. Dac\u0103 instala\u021bi f\u0103r\u0103 band\u0103 de montare, ata\u0219amentul nu va fi puternic. C\u00e2nd lua\u021bi dimensiunea, trebuie s\u0103 m\u0103sura\u021bi deschiderea liber\u0103 \u0219i s\u0103 l\u0103sa\u021bi minim 2 cm din lateral \u0219i din partea de sus pentru instalare.<\/p>\n<p>Lucr\u0103m \u00eempreun\u0103 cu firme de cusut. Daca vrei sa o repari singur, te vom ajuta cu sfaturi! \ud83d\ude42<\/p>\n","protected":false},"excerpt":{"rendered":"<h2 style=\"text-align: center;\"><strong>AVANTAJELE UNEI PLASE DE U\u0218I MAGNETICE FA\u021a\u0102 DE ALTELE DE PE PIA\u021a\u0102?<\/strong><\/h2>\n<ol>\n<li>Instalarea se realizeaz\u0103 cu un plasture velcro - puternic \u0219i dublu lipit.<\/li>\n<li>Banda poate rezista p\u00e2n\u0103 la 2 kg \/ 10 cm.<\/li>\n<li>Velcro este de culoarea plasei de culoare alb sau negru.<\/li>\n<li>In set vei gasi si margele mici albe sau negre.<\/li>\n<li>Plasa de tantari a usii se inchide ermetic in mijloc si insectele nu pot intra in camera.<\/li>\n<li>18 buc. magne\u021bi<\/li>\n<li>Instalarea se realizeaz\u0103 pe o linie de asamblare care \u00eenconjoar\u0103 re\u021beaua pe toate p\u0103r\u021bile. Dac\u0103 plasa dvs. este de dimensiuni ajustate, asigura\u021bi-v\u0103 c\u0103 r\u0103m\u00e2ne\u021bi de partea neted\u0103 a acestei benzi.<\/li>\n<li>Practic \u0219i convenabil de trecut<\/li>\n<li>Este potrivit pentru ferestre din lemn, metal, aluminiu \u0219i PVC.<\/li>\n<li>Plasa de tantari pentru usa este ambalata intr-o cutie, include instructiuni de instalare.<\/li>\n<li>Este posibil\u0103 o abatere de p\u00e2n\u0103 la 1 cm pe laturi \u0219i p\u00e2n\u0103 la 2 cm \u00een lungime.<\/li>\n<\/ol>\n<p>Reglam marimea in functie de cererea clientului. Pl\u0103tit suplimentar. Ajustarea implic\u0103 t\u0103ierea la dimensiuni individuale \u0219i mutarea benzii de asamblare. Dac\u0103 instala\u021bi f\u0103r\u0103 band\u0103 de montare, ata\u0219amentul nu va fi puternic. C\u00e2nd lua\u021bi dimensiunea, trebuie s\u0103 m\u0103sura\u021bi deschiderea liber\u0103 \u0219i s\u0103 l\u0103sa\u021bi minim 2 cm din lateral \u0219i din partea de sus pentru instalare.<\/p>\n<p>Lucr\u0103m \u00eempreun\u0103 cu firme de cusut. Daca vrei sa o repari singur, te vom ajuta cu sfaturi! \ud83d\ude42<\/p>\n<p>\u00cenainte de a le trimite clien\u021bilor, verific\u0103m dac\u0103 exist\u0103 defecte.<\/p>\n","protected":false},"featured_media":1767,"comment_status":"closed","ping_status":"closed","template":"","meta":{"_acf_changed":false,"_seopress_robots_primary_cat":"","_seopress_titles_title":"","_seopress_titles_desc":"","_seopress_robots_index":""},"product_brand":[],"product_cat":[5162],"product_tag":[],"class_list":{"0":"post-18122","1":"product","2":"type-product","3":"status-publish","4":"has-post-thumbnail","6":"product_cat-plasa-de-tantari-usa-cu-magneti","7":"pif-has-gallery","9":"first","10":"outofstock","11":"purchasable","12":"product-type-simple"},"acf":[],"_links":{"self":[{"href":"https:\/\/www.infozdrave.com\/ro\/wp-json\/wp\/v2\/product\/18122","targetHints":{"allow":["GET"]}}],"collection":[{"href":"https:\/\/www.infozdrave.com\/ro\/wp-json\/wp\/v2\/product"}],"about":[{"href":"https:\/\/www.infozdrave.com\/ro\/wp-json\/wp\/v2\/types\/product"}],"replies":[{"embeddable":true,"href":"https:\/\/www.infozdrave.com\/ro\/wp-json\/wp\/v2\/comments?post=18122"}],"wp:featuredmedia":[{"embeddable":true,"href":"https:\/\/www.infozdrave.com\/ro\/wp-json\/wp\/v2\/media\/1767"}],"wp:attachment":[{"href":"https:\/\/www.infozdrave.com\/ro\/wp-json\/wp\/v2\/media?parent=18122"}],"wp:term":[{"taxonomy":"product_brand","embeddable":true,"href":"https:\/\/www.infozdrave.com\/ro\/wp-json\/wp\/v2\/product_brand?post=18122"},{"taxonomy":"product_cat","embeddable":true,"href":"https:\/\/www.infozdrave.com\/ro\/wp-json\/wp\/v2\/product_cat?post=18122"},{"taxonomy":"product_tag","embeddable":true,"href":"https:\/\/www.infozdrave.com\/ro\/wp-json\/wp\/v2\/product_tag?post=18122"}],"curies":[{"name":"wp","href":"https:\/\/api.w.org\/{rel}","templated":true}]}}