{"id":18211,"date":"2023-07-24T23:54:58","date_gmt":"2023-07-24T20:54:58","guid":{"rendered":"https:\/\/www.infozdrave.com\/?post_type=product&#038;p=18211"},"modified":"2023-11-17T11:01:21","modified_gmt":"2023-11-17T09:01:21","slug":"presa-limfatica-compacta-cu-6-functii-de-masaj","status":"publish","type":"product","link":"https:\/\/www.infozdrave.com\/ro\/pr\/presa-limfatica-compacta-cu-6-functii-de-masaj\/","title":{"rendered":"Pres\u0103 limfatic\u0103 - compact\u0103 cu 6 func\u021bii de masaj"},"content":{"rendered":"<p>Limfopresor portabil cu 6 func\u021bii diferite de masaj:<\/p>\n<ul>\n<li>Mod automat<\/li>\n<li>Modul Shiatsu<\/li>\n<li>Modul de relaxare<\/li>\n<li>Modul de frecare<\/li>\n<li>Masaj la picioare<\/li>\n<li>Masaj la picioare<\/li>\n<li>Incalzire<\/li>\n<li>Trei niveluri de intensitate<\/li>\n<li>Putere de ie\u0219ire: DC 12V \/ 2A<\/li>\n<li>Curent: 0,8 - 2,0 A<\/li>\n<li>Cronometru: 10 minute<\/li>\n<li>3 nivele de intensitate - sc\u0103zut, mediu \u0219i ridicat<\/li>\n<li>2 niveluri de presiune - slab\u0103 \u0219i puternic\u0103<\/li>\n<li>6 moduri de masaj<\/li>\n<li>3 butoane de control - On\/Off, Intensity, Heat, Program<\/li>\n<li>Garantie: 24 luni<\/li>\n<li>Origine: China<\/li>\n<\/ul>\n","protected":false},"excerpt":{"rendered":"<h2 style=\"text-align: center;\"><strong>PRES\u0102 LIMF\u0102 - PORTAT\u0102 C 6 FUNC\u021aII DE MASAJ<\/strong><\/h2>\n<p>V\u0103 prezent\u0103m noul nostru model de aparat pentru drenaj limfatic, combinat cu moduri de masaj \u0219i o func\u021bie de \u00eenc\u0103lzire.<br \/>\nAparatul este realizat cu un design unic \u0219i dimensiuni compacte. Pentru prima dat\u0103 pute\u021bi combina un dispozitiv de drenaj limfatic cu un aparat de masaj uimitor potrivit pentru \u00eentreaga familie. Pute\u021bi folosi dispozitivul dup\u0103 o zi lung\u0103 pe picioare, un antrenament obositor sau pur \u0219i simplu ca o modalitate de a v\u0103 relaxa.<\/p>\n<h2><strong>MODURI DE OPERARE:<\/strong><\/h2>\n<ul>\n<li>Mod automat<\/li>\n<li>Modul de relaxare<\/li>\n<li>Modul Shiatsu<\/li>\n<li>Mod frecare<\/li>\n<li>Zona pasului<\/li>\n<li>Zona piciorului<\/li>\n<li>Incalzire<\/li>\n<\/ul>\n<h2><strong>UTILIZARE<\/strong><\/h2>\n<ul>\n<li>Tratamentul celulitei.<\/li>\n<li>Sc\u0103dere \u00een greutate \u0219i detoxifiere.<\/li>\n<li>O alternativ\u0103 sigur\u0103 la liposuc\u021bie.<\/li>\n<li>Modelarea \u0219i profilarea corpului.<\/li>\n<li>Calmeaz\u0103 durerea \u0219i ofer\u0103 confort.<\/li>\n<li>Ofer\u0103 o form\u0103 mai bun\u0103 picioarelor.<\/li>\n<li>Masajul \u00eembun\u0103t\u0103\u021be\u0219te tonusul muscular.<\/li>\n<li>\u00cendep\u0103rta\u021bi sarcina \u0219i durerea de la picioare.<\/li>\n<\/ul>\n<h2><strong>NOT\u0102:<\/strong><\/h2>\n<ul>\n<li>IMPORTANT: Aparatul nu are cronometru. Indiferent de modul pe care \u00eel utiliza\u021bi, dispozitivul se va opri dup\u0103 10 minute de utilizare. \u00cel pute\u021bi folosi din nou, dar durata total\u0103 a tuturor procedurilor pe zi nu trebuie s\u0103 dep\u0103\u0219easc\u0103 30 de minute! Furtunurile portbagajului nu sunt deta\u0219abile. Nu ar trebui s\u0103 le \u00eendoi\u021bi \u0219i s\u0103 le trage\u021bi.<\/li>\n<li>Util: de \u00eendat\u0103 ce porni\u021bi dispozitivul, modul \u201e\u00cenc\u0103lzire\u201d se va porni automat dup\u0103 aproximativ 5 secunde. \u00cel po\u021bi opri din butonul \u201e\u00cenc\u0103lzire\u201d.<\/li>\n<\/ul>\n<h2><strong>CON\u021aINUT KIT:<\/strong><\/h2>\n<ul>\n<li>Dou\u0103 perechi de cizme<\/li>\n<li>Un controler principal<\/li>\n<li>Un cablu de alimentare<\/li>\n<li>Predare \u00een englez\u0103 \u0219i predare \u00een bulgar\u0103<\/li>\n<\/ul>\n<p>Nu este un dispozitiv medical. Pentru tratament, urma\u021bi sfatul medicului curant.<\/p>\n","protected":false},"featured_media":4695,"comment_status":"closed","ping_status":"closed","template":"","meta":{"_acf_changed":false,"_seopress_robots_primary_cat":"none","_seopress_titles_title":"","_seopress_titles_desc":"","_seopress_robots_index":""},"product_brand":[],"product_cat":[5243],"product_tag":[],"class_list":{"0":"post-18211","1":"product","2":"type-product","3":"status-publish","4":"has-post-thumbnail","6":"product_cat-aparate-de-masaj","7":"pa_garantsia-24-ro","8":"pif-has-gallery","10":"first","11":"instock","12":"purchasable","13":"product-type-simple"},"acf":[],"_links":{"self":[{"href":"https:\/\/www.infozdrave.com\/ro\/wp-json\/wp\/v2\/product\/18211","targetHints":{"allow":["GET"]}}],"collection":[{"href":"https:\/\/www.infozdrave.com\/ro\/wp-json\/wp\/v2\/product"}],"about":[{"href":"https:\/\/www.infozdrave.com\/ro\/wp-json\/wp\/v2\/types\/product"}],"replies":[{"embeddable":true,"href":"https:\/\/www.infozdrave.com\/ro\/wp-json\/wp\/v2\/comments?post=18211"}],"wp:featuredmedia":[{"embeddable":true,"href":"https:\/\/www.infozdrave.com\/ro\/wp-json\/wp\/v2\/media\/4695"}],"wp:attachment":[{"href":"https:\/\/www.infozdrave.com\/ro\/wp-json\/wp\/v2\/media?parent=18211"}],"wp:term":[{"taxonomy":"product_brand","embeddable":true,"href":"https:\/\/www.infozdrave.com\/ro\/wp-json\/wp\/v2\/product_brand?post=18211"},{"taxonomy":"product_cat","embeddable":true,"href":"https:\/\/www.infozdrave.com\/ro\/wp-json\/wp\/v2\/product_cat?post=18211"},{"taxonomy":"product_tag","embeddable":true,"href":"https:\/\/www.infozdrave.com\/ro\/wp-json\/wp\/v2\/product_tag?post=18211"}],"curies":[{"name":"wp","href":"https:\/\/api.w.org\/{rel}","templated":true}]}}