{"id":18224,"date":"2023-07-24T23:54:58","date_gmt":"2023-07-24T20:54:58","guid":{"rendered":"https:\/\/www.infozdrave.com\/?post_type=product&#038;p=18224"},"modified":"2023-11-17T11:47:12","modified_gmt":"2023-11-17T09:47:12","slug":"bioscaner-a-5-a-generatie-cu-terapie-cu-electroimpuls-software-in-bulgara","status":"publish","type":"product","link":"https:\/\/www.infozdrave.com\/ro\/pr\/bioscaner-a-5-a-generatie-cu-terapie-cu-electroimpuls-software-in-bulgara\/","title":{"rendered":"Bioscaner a 5-a genera\u021bie cu terapie cu electroimpuls (software \u00een bulgar\u0103)"},"content":{"rendered":"<p>Bioscanner a 5-a genera\u021bie c terapie cu impulsuri electrice<\/p>\n<p>Ultima genera\u021bie cu rapoarte \u00een limba bulgar\u0103 - a cincea genera\u021bie, model 2019, software 4.6.0.<\/p>\n<p>Software-ul pe care \u00eel folose\u0219te scanerul este tradus complet \u00een bulgar\u0103 de c\u0103tre traduc\u0103tori autoriza\u021bi.<\/p>\n<p>Exist\u0103 43 de fi\u0219iere \u00een total, iar rezultatele m\u0103surate sunt mai mult de 295 de tipuri.<\/p>\n<h3><strong>CARACTERISTICI TEHNICE<\/strong><\/h3>\n<ul>\n<li>Versiunea software-ului 4.7.0<\/li>\n<li>\u00cen \u00eentregime \u00een bulgar\u0103<\/li>\n<li>Greutate: 1.940 kg (cu ambalaj \u0219i accesorii)<\/li>\n<li>Dimensiuni: 31 x 20,5 x 9 cm.<\/li>\n<\/ul>\n<h3><strong>KIT<\/strong><\/h3>\n<ul>\n<li>Scanner cuantic genera\u021bia a 5-a - 1 buc.<\/li>\n<li>Unitate flash de instalare cu software - 1 buc.<\/li>\n<li>Cheie de decodare (unitate flash pentru deblocarea software-ului) - 1 buc.<\/li>\n<li>Cod de contact - 1 buc.<\/li>\n<li>Electrozi autoadezivi electroimpuls - c gel 2 buc.<\/li>\n<li>\u015elapi cu impuls electric - 1 pereche<\/li>\n<li>Cablu de \u00eenc\u0103rcare USB - 1 buc.<\/li>\n<\/ul>\n<h3><strong>ORIGINEA \u0218I GARAN\u021aIA<\/strong><\/h3>\n<ul>\n<li>Origine: RPC (Republica Popular\u0103 Chinez\u0103<\/li>\n<li>Perioada de garantie: 24 luni<\/li>\n<\/ul>\n","protected":false},"excerpt":{"rendered":"<h2 style=\"text-align: center;\"><strong>BIOANALIZOR DE REZONAN\u021aA MAGNETIC\u0102 \u0218I MERIDIAN\u0102 - ANALIZOR CUANTUM DE GENERA\u021aIA A 5-A CU TERAPIA ELECTROPULSE<\/strong><\/h2>\n<p>Bioanalizatorul de rezonan\u021b\u0103 magnetic\u0103 \u0219i meridian, mai bine cunoscut sub numele de Analizorul cuantic de genera\u021bia a 5-a, este un dispozitiv inovator care utilizeaz\u0103 principiile fizicii cuantice pentru a diagnostica \u0219i analiza starea de s\u0103n\u0103tate a organismului.<br \/>\nAcest analizor este echipat cu senzori speciali care pot m\u0103sura nivelurile de energie din diferitele organe \u0219i sisteme ale corpului. Prin principiul rezonan\u021bei, analizorul cuantic ofer\u0103 informa\u021bii detaliate despre func\u021bionarea organelor, prezen\u021ba unor posibile boli sau dezechilibre \u00een organism.<\/p>\n<p>Terapia cu electroimpulsuri face parte din func\u021biile acestui analizor. Presupune aplicarea unor impulsuri electrice slabe asupra anumitor puncte active ale corpului. Acest lucru ajut\u0103 la reglarea fluxului de energie, la stimularea metabolismului \u0219i la \u00eembun\u0103t\u0103\u021birea func\u021bion\u0103rii organelor \u0219i sistemelor.<\/p>\n<p>Analizorul cuantic de genera\u021bia a 5-a ofer\u0103 o modalitate rapid\u0103, sigur\u0103 \u0219i neinvaziv\u0103 de a diagnostica starea de s\u0103n\u0103tate a organismului. Poate detecta diverse boli \u0219i deficien\u021be de vitamine \u0219i minerale care pot fi legate de problemele de s\u0103n\u0103tate pe care le \u00eent\u00e2mpina\u021bi.<\/p>\n<p>Avantajele acestui tip de analizor sunt c\u0103 ofer\u0103 un rezultat rapid \u0219i precis, permite o abordare personalizat\u0103 a diagnosticului \u0219i tratamentului \u0219i ofer\u0103, de asemenea, capacitatea de a controla \u0219i urm\u0103ri progresul st\u0103rii de s\u0103n\u0103tate a pacientului.<\/p>\n<p>Deci, dac\u0103 sunte\u021bi \u00een c\u0103utarea unui mod inovator de cercetare \u0219i tratament \u00een domeniul s\u0103n\u0103t\u0103\u021bii, Bioanalyzerul prin rezonan\u021b\u0103 magnetic\u0103 \u0219i meridian - Analizor cuantic de genera\u021bia a 5-a cu terapie cu electropuls poate fi o alegere excelent\u0103 pentru dvs. Descoperi\u021bi cauzele problemelor dvs. de s\u0103n\u0103tate \u0219i ob\u021bine\u021bi o abordare personalizat\u0103 pentru \u00eembun\u0103t\u0103\u021birea s\u0103n\u0103t\u0103\u021bii.<\/p>\n","protected":false},"featured_media":4790,"comment_status":"closed","ping_status":"closed","template":"","meta":{"_acf_changed":false,"_seopress_robots_primary_cat":"","_seopress_titles_title":"","_seopress_titles_desc":"","_seopress_robots_index":""},"product_brand":[],"product_cat":[5141],"product_tag":[],"class_list":{"0":"post-18224","1":"product","2":"type-product","3":"status-publish","4":"has-post-thumbnail","6":"product_cat-echipament-de-diagnosticare","7":"pa_garantsia-24-ro","9":"first","10":"instock","11":"purchasable","12":"product-type-simple"},"acf":[],"_links":{"self":[{"href":"https:\/\/www.infozdrave.com\/ro\/wp-json\/wp\/v2\/product\/18224","targetHints":{"allow":["GET"]}}],"collection":[{"href":"https:\/\/www.infozdrave.com\/ro\/wp-json\/wp\/v2\/product"}],"about":[{"href":"https:\/\/www.infozdrave.com\/ro\/wp-json\/wp\/v2\/types\/product"}],"replies":[{"embeddable":true,"href":"https:\/\/www.infozdrave.com\/ro\/wp-json\/wp\/v2\/comments?post=18224"}],"wp:featuredmedia":[{"embeddable":true,"href":"https:\/\/www.infozdrave.com\/ro\/wp-json\/wp\/v2\/media\/4790"}],"wp:attachment":[{"href":"https:\/\/www.infozdrave.com\/ro\/wp-json\/wp\/v2\/media?parent=18224"}],"wp:term":[{"taxonomy":"product_brand","embeddable":true,"href":"https:\/\/www.infozdrave.com\/ro\/wp-json\/wp\/v2\/product_brand?post=18224"},{"taxonomy":"product_cat","embeddable":true,"href":"https:\/\/www.infozdrave.com\/ro\/wp-json\/wp\/v2\/product_cat?post=18224"},{"taxonomy":"product_tag","embeddable":true,"href":"https:\/\/www.infozdrave.com\/ro\/wp-json\/wp\/v2\/product_tag?post=18224"}],"curies":[{"name":"wp","href":"https:\/\/api.w.org\/{rel}","templated":true}]}}