{"id":18231,"date":"2023-07-24T23:54:58","date_gmt":"2023-07-24T20:54:58","guid":{"rendered":"https:\/\/www.infozdrave.com\/?post_type=product&#038;p=18231"},"modified":"2023-11-17T12:15:14","modified_gmt":"2023-11-17T10:15:14","slug":"canapea-de-masaj-cu-doua-sectoare-msg-pro-standard-2","status":"publish","type":"product","link":"https:\/\/www.infozdrave.com\/ro\/pr\/canapea-de-masaj-cu-doua-sectoare-msg-pro-standard-2\/","title":{"rendered":"Canapea de masaj cu dou\u0103 sectoare \u201eMSG-PRO Standard 2\u201d"},"content":{"rendered":"<h3><strong>DESCRIEREA PATULUI DE MASAJ PROFESIONAL PLIABLE MSG-PRO:<\/strong><\/h3>\n<ul>\n<li>Lungime: 192 cm<\/li>\n<li>Lungime cu tetiera: 220 cm<\/li>\n<li>Latime: 70 cm<\/li>\n<li>Latime cu cotiera: 95 cm<\/li>\n<li>Inaltime reglabila de la 63 cm la 84 cm<\/li>\n<li>Greutate de lucru: 250 kg. (inclusiv presiunea de masaj)<\/li>\n<li>Sarcina statica: 950 kg.<\/li>\n<li>Tapi\u021berie: Vinil (material pe baz\u0103 de polimer)<\/li>\n<li>Dimensiuni pliat: 100 X 70 X 20 cm<\/li>\n<li>Greutate: 15 kg<\/li>\n<\/ul>\n<p>Paturile de masaj \u201eMCG PRO Standard 2\u201d sunt disponibile \u00een urm\u0103toarele culori: maro, bej, negru, negru, maro, roz, portocaliu \u0219i violet. Canapele de masaj cu marca M\u0405G-\u041f\u0420\u041e, produse de GESS International Trading\" sunt destinate UE si in timpul productiei lor sunt respectate cu strictete toate normele si cerintele europene privind calitatea materialelor folosite si a manopera.<\/p>\n<p>Origine: China<br \/>\nPerioada de garantie: 12 luni.<\/p>\n","protected":false},"excerpt":{"rendered":"<h2 style=\"text-align: center;\"><strong>CANAPELE MASAJ \"M\u0405G-\u0420R\u041e\" - ECHILIBRUL PERFECT INTRE CALITATE SI PRET!<\/strong><\/h2>\n<p>Canapelele de masaj MSG Pro sunt alegerea perfect\u0103 pentru oricine dore\u0219te s\u0103 se bucure de un masaj relaxant \u0219i revigorant. Aceste canapele sunt special concepute pentru a oferi cea mai confortabil\u0103 \u0219i eficient\u0103 experien\u021b\u0103 de masaj.<br \/>\nCanapelele MSG Pro ofer\u0103 diferite set\u0103ri pentru tipul \u0219i intensitatea masajului. Pute\u021bi alege dintr-o varietate de tehnici \u0219i programe de masaj concepute pentru a relaxa mu\u0219chii, a reduce durerea \u0219i a v\u0103 \u00eembun\u0103t\u0103\u021bi starea general\u0103 de bine.<\/p>\n<p>Aceste canapele de masaj au caracteristici inovatoare, cum ar fi terapia termic\u0103, masaje cu vibra\u021bii, diferite moduri de masaj \u0219i multe altele. De asemenea, canapelele MSG Pro sunt realizate din materiale de \u00eenalt\u0103 calitate care garanteaz\u0103 durabilitate \u0219i confort \u00een timpul masajului.<\/p>\n<p>Cu ajutorul canapelelor de masaj MSG Pro, po\u021bi asigura relaxare \u0219i recuperare dup\u0103 o zi lung\u0103 \u0219i stresant\u0103. Indiferent dac\u0103 prefera\u021bi un masaj mai bl\u00e2nd sau mai intens, aceste canapele sunt concepute pentru a r\u0103spunde nevoilor \u0219i preferin\u021belor dumneavoastr\u0103 individuale.<\/p>\n<p>Alege\u021bi o canapea de masaj MSG Pro \u0219i bucura\u021bi-v\u0103 de pl\u0103cere \u0219i relaxare nesf\u00e2r\u0219ite \u00een confortul casei sau la birou. Construit\u0103 cu grij\u0103 \u0219i u\u0219or de utilizat, aceast\u0103 canapea de masaj te va ajuta s\u0103 te sim\u021bi mai \u00eemprosp\u0103tat \u0219i mai restabilit cu fiecare masaj pe care \u00eel folose\u0219ti.<\/p>\n","protected":false},"featured_media":4843,"comment_status":"closed","ping_status":"closed","template":"","meta":{"_acf_changed":false,"_seopress_robots_primary_cat":"none","_seopress_titles_title":"","_seopress_titles_desc":"","_seopress_robots_index":""},"product_brand":[],"product_cat":[5243],"product_tag":[],"class_list":{"0":"post-18231","1":"product","2":"type-product","3":"status-publish","4":"has-post-thumbnail","6":"product_cat-aparate-de-masaj","7":"pa_garantsia-12-ro","8":"pif-has-gallery","10":"first","11":"instock","12":"purchasable","13":"product-type-simple"},"acf":[],"_links":{"self":[{"href":"https:\/\/www.infozdrave.com\/ro\/wp-json\/wp\/v2\/product\/18231","targetHints":{"allow":["GET"]}}],"collection":[{"href":"https:\/\/www.infozdrave.com\/ro\/wp-json\/wp\/v2\/product"}],"about":[{"href":"https:\/\/www.infozdrave.com\/ro\/wp-json\/wp\/v2\/types\/product"}],"replies":[{"embeddable":true,"href":"https:\/\/www.infozdrave.com\/ro\/wp-json\/wp\/v2\/comments?post=18231"}],"wp:featuredmedia":[{"embeddable":true,"href":"https:\/\/www.infozdrave.com\/ro\/wp-json\/wp\/v2\/media\/4843"}],"wp:attachment":[{"href":"https:\/\/www.infozdrave.com\/ro\/wp-json\/wp\/v2\/media?parent=18231"}],"wp:term":[{"taxonomy":"product_brand","embeddable":true,"href":"https:\/\/www.infozdrave.com\/ro\/wp-json\/wp\/v2\/product_brand?post=18231"},{"taxonomy":"product_cat","embeddable":true,"href":"https:\/\/www.infozdrave.com\/ro\/wp-json\/wp\/v2\/product_cat?post=18231"},{"taxonomy":"product_tag","embeddable":true,"href":"https:\/\/www.infozdrave.com\/ro\/wp-json\/wp\/v2\/product_tag?post=18231"}],"curies":[{"name":"wp","href":"https:\/\/api.w.org\/{rel}","templated":true}]}}